{"id":3424,"date":"2021-03-15T08:56:05","date_gmt":"2021-03-15T08:56:05","guid":{"rendered":"https:\/\/larderellogroup.com\/?page_id=3424"},"modified":"2026-02-18T15:23:30","modified_gmt":"2026-02-18T15:23:30","slug":"home","status":"publish","type":"page","link":"https:\/\/larderellogroup.com\/es\/","title":{"rendered":"Home"},"content":{"rendered":"<p>[vc_row full_width=\u00bbstretch_row\u00bb css_animation=\u00bbnone\u00bb bg_type=\u00bbimage\u00bb parallax_style=\u00bbvcpb-default\u00bb bg_image_new=\u00bbid^3234|url^https:\/\/larderellogroup.com\/wp-content\/uploads\/2021\/03\/home.png|caption^null|alt^null|title^home|description^null\u00bb bg_image_repeat=\u00bbno-repeat\u00bb bg_override=\u00bbfull\u00bb css=\u00bb.vc_custom_1617271167622{padding-bottom: 80px !important;}\u00bb el_class=\u00bbk-mobile-full\u00bb][vc_column offset=\u00bbvc_col-lg-offset-0 vc_col-lg-12 vc_col-md-offset-0 vc_col-md-12 vc_col-sm-offset-0 vc_col-xs-12&#8243; css=\u00bb.vc_custom_1613669330964{padding-top: 100px !important;}\u00bb]<div id=\"ultimate-heading-980169e9fc9d2349d\" class=\"uvc-heading ult-adjust-bottom-margin ultimate-heading-980169e9fc9d2349d uvc-4614 wpb_animate_when_almost_visible wpb_fadeInLeft fadeInLeft bg-white-p\" data-hspacer=\"no_spacer\"  data-halign=\"center\" style=\"text-align:center\"><div class=\"uvc-heading-spacer no_spacer\" style=\"top\"><\/div><div class=\"uvc-sub-heading ult-responsive\"  data-ultimate-target='.uvc-heading.ultimate-heading-980169e9fc9d2349d .uvc-sub-heading '  data-responsive-json-new='{\"font-size\":\"desktop:60px;tablet_portrait:50px;mobile_landscape:40px;mobile:30px;\",\"line-height\":\"desktop:60px;tablet_portrait:50px;mobile_landscape:40px;mobile:30px;\"}'  style=\"font-weight:bold;color:#0a0a0a;margin-bottom:40px;\"><\/p>\n<p style=\"text-align: left;\">Tradici\u00f3n italiana,<\/p>\n<p style=\"text-align: left;\">horizontes globales.<\/p>\n<p style=\"text-align: left;\">Desde 1818.<\/p>\n<p><\/div><\/div>[\/vc_column][\/vc_row][vc_row full_width=\u00bbstretch_row\u00bb content_placement=\u00bbmiddle\u00bb bg_type=\u00bbbg_color\u00bb css=\u00bb.vc_custom_1617269277716{background-color: #f5f5f5 !important;}\u00bb bg_color_value=\u00bb#eb6417&#8243;][vc_column css=\u00bb.vc_custom_1617269272852{padding-top: 0px !important;}\u00bb]<div id=\"ultimate-heading-920169e9fc9d23528\" class=\"uvc-heading ult-adjust-bottom-margin ultimate-heading-920169e9fc9d23528 uvc-7214 k-w80\" data-hspacer=\"no_spacer\"  data-halign=\"center\" style=\"text-align:center\"><div class=\"uvc-heading-spacer no_spacer\" style=\"top\"><\/div><div class=\"uvc-sub-heading ult-responsive\"  data-ultimate-target='.uvc-heading.ultimate-heading-920169e9fc9d23528 .uvc-sub-heading '  data-responsive-json-new='{\"font-size\":\"desktop:50px;tablet_portrait:40px;mobile_landscape:30px;mobile:20px;\",\"line-height\":\"desktop:60px;tablet_portrait:50px;mobile_landscape:40px;mobile:30px;\"}'  style=\"font-weight:normal;color:#ffffff;\"><\/p>\n<p style=\"text-align: center;\">Una historia de conocimiento, calidad, innovaci\u00f3n y un compromiso constante con investigaci\u00f3n de vanguardia.<\/p>\n<p><\/div><\/div>[\/vc_column][\/vc_row][vc_row full_width=\u00bbstretch_row\u00bb css=\u00bb.vc_custom_1617269255965{padding-top: 10px !important;padding-bottom: 10px !important;background-color: #efebe5 !important;}\u00bb][vc_column]<div id=\"ultimate-heading-893169e9fc9d23562\" class=\"uvc-heading ult-adjust-bottom-margin ultimate-heading-893169e9fc9d23562 uvc-5868 k-top-spacing uvc-heading-default-font-sizes\" data-hspacer=\"no_spacer\"  data-halign=\"center\" style=\"text-align:center\"><div class=\"uvc-heading-spacer no_spacer\" style=\"top\"><\/div><div class=\"uvc-main-heading ult-responsive\"  data-ultimate-target='.uvc-heading.ultimate-heading-893169e9fc9d23562 h4'  data-responsive-json-new='{\"font-size\":\"\",\"line-height\":\"\"}' ><h4 style=\"--font-weight:theme;\">Divisiones<\/h4><\/div><div class=\"uvc-sub-heading ult-responsive\"  data-ultimate-target='.uvc-heading.ultimate-heading-893169e9fc9d23562 .uvc-sub-heading '  data-responsive-json-new='{\"font-size\":\"desktop:42px;mobile_landscape:32px;\",\"line-height\":\"desktop:54px;mobile_landscape:40px;\"}'  style=\"font-weight:bold;\">Anticipando el futuro<\/div><\/div>[\/vc_column][vc_column width=\u00bb1\/2&#8243;][vc_row_inner][vc_column_inner][vc_column_text]<a href=\"https:\/\/www.fertiglobal.com\/\"><img loading=\"lazy\" class=\"alignnone wp-image-3225\" src=\"https:\/\/larderellogroup.com\/wp-content\/uploads\/2021\/03\/FERTIGLOBAL.png\" alt=\"\" width=\"298\" height=\"100\" \/><\/a><\/p>\n<p>Con el objetivo de hacer frente a los retos de la <strong>agricultura sostenible<\/strong> moderna, FertiGlobal ofrece soluciones <strong>bioactivadoras innovadoras<\/strong> y eficientes[\/vc_column_text][\/vc_column_inner][\/vc_row_inner][\/vc_column][vc_column width=\u00bb1\/2&#8243;][vc_row_inner][vc_column_inner][vc_column_text]<a href=\"https:\/\/scl.industries\/\"><img loading=\"lazy\" class=\"alignnone wp-image-3560\" src=\"https:\/\/larderellogroup.com\/wp-content\/uploads\/2021\/04\/CHEMICALS-home-OK-300x101.png\" alt=\"\" width=\"296\" height=\"100\" srcset=\"https:\/\/larderellogroup.com\/wp-content\/uploads\/2021\/04\/CHEMICALS-home-OK-300x101.png 300w, https:\/\/larderellogroup.com\/wp-content\/uploads\/2021\/04\/CHEMICALS-home-OK.png 335w\" sizes=\"(max-width: 296px) 100vw, 296px\" \/><\/a><\/p>\n<p>Ejemplo \u00fanico de producci\u00f3n integrada de compuestos qu\u00edmicos especializados, la empresa se divide en tres familias de productos qu\u00edmicos: Larderel, Zinflam, Sequel[\/vc_column_text][\/vc_column_inner][\/vc_row_inner][\/vc_column][\/vc_row][vc_row equal_height=\u00bbyes\u00bb css=\u00bb.vc_custom_1614759260312{padding-bottom: 50px !important;}\u00bb][vc_column width=\u00bb1\/2&#8243; css=\u00bb.vc_custom_1578567981045{padding-top: 80px !important;}\u00bb][vc_row_inner equal_height=\u00bbyes\u00bb css=\u00bb.vc_custom_1613985970970{padding-bottom: 30px !important;}\u00bb][vc_column_inner el_class=\u00bbwpb_animate_when_almost_visible wpb_fadeInDown fadeInDown head-border\u00bb width=\u00bb1\/6&#8243; offset=\u00bbvc_col-xs-2&#8243;][\/vc_column_inner][vc_column_inner width=\u00bb5\/6&#8243; offset=\u00bbvc_col-xs-10&#8243;]<div id=\"ultimate-heading-66369e9fc9d235ca\" class=\"uvc-heading ult-adjust-bottom-margin ultimate-heading-66369e9fc9d235ca uvc-1775 wpb_animate_when_almost_visible wpb_fadeInLeft fadeInLeft k-top-spacing uvc-heading-default-font-sizes\" data-hspacer=\"no_spacer\"  data-halign=\"left\" style=\"text-align:left\"><div class=\"uvc-heading-spacer no_spacer\" style=\"top\"><\/div><div class=\"uvc-main-heading ult-responsive\"  data-ultimate-target='.uvc-heading.ultimate-heading-66369e9fc9d235ca h4'  data-responsive-json-new='{\"font-size\":\"\",\"line-height\":\"\"}' ><h4 style=\"--font-weight:theme;margin-top:20px;\">Perfil empresarial<\/h4><\/div><div class=\"uvc-sub-heading ult-responsive\"  data-ultimate-target='.uvc-heading.ultimate-heading-66369e9fc9d235ca .uvc-sub-heading '  data-responsive-json-new='{\"font-size\":\"desktop:42px;mobile_landscape:32px;\",\"line-height\":\"desktop:54px;mobile_landscape:40px;\"}'  style=\"font-weight:bold;margin-bottom:20px;\">Pasado y futuro<\/div><\/div>[\/vc_column_inner][\/vc_row_inner][vc_column_text css_animation=\u00bbfadeIn\u00bb el_class=\u00bbk-link k-text-head\u00bb]Desde la primera producci\u00f3n en 1818, la historia de <strong>Larderello Group<\/strong> contin\u00faa.<br \/>\nUna historia de conocimiento, calidad, innovaci\u00f3n y un compromiso constante con la investigaci\u00f3n de vanguardia. Un grupo cuyo crecimiento est\u00e1 impulsado por su capacidad de innovaci\u00f3n. Protegidos por patentes internacionales, los productos del <strong>Larderello Group<\/strong> brindan una respuesta flexible y de vanguardia a m\u00faltiples sectores industriales.<\/p>\n<p>&nbsp;<\/p>\n<p><a href=\"https:\/\/larderellogroup.com\/group\/\">Aprende m\u00e1s<\/a>[\/vc_column_text][\/vc_column][vc_column width=\u00bb1\/2&#8243; css=\u00bb.vc_custom_1614759398258{padding-bottom: 40px !important;}\u00bb offset=\u00bbvc_col-lg-6 vc_col-md-6&#8243;][vc_single_image image=\u00bb3214&#8243; img_size=\u00bbfull\u00bb alignment=\u00bbright\u00bb image_hovers=\u00bbfalse\u00bb el_class=\u00bbk-bg-abs-right\u00bb][vc_raw_html css=\u00bb.vc_custom_1771428218222{background-position: 0 0 !important;background-repeat: no-repeat !important;}\u00bb el_class=\u00bbwpb_animate_when_almost_visible wpb_appear appear k-zi-2&#8243;]JTNDaWZyYW1lJTIwd2lkdGglM0QlMjIxMDAlMjUlMjIlMjBoZWlnaHQlM0QlMjIzMTUlMjIlMjBzcmMlM0QlMjJodHRwcyUzQSUyRiUyRnd3dy55b3V0dWJlLmNvbSUyRmVtYmVkJTJGcjFVM2tSbnVRY3clM0Zjb250cm9sJTNEMCUyNmxvb3AlM0QxJTI2YXV0b3BsYXklM0QxJTI2bXV0ZSUzRDElMjIlMjBmcmFtZWJvcmRlciUzRCUyMjAlMjIlMjBhbGxvdyUzRCUyMmFjY2VsZXJvbWV0ZXIlM0IlMjBhdXRvcGxheSUzQiUyMGNsaXBib2FyZC13cml0ZSUzQiUyMGVuY3J5cHRlZC1tZWRpYSUzQiUyMGd5cm9zY29wZSUzQiUyMHBpY3R1cmUtaW4tcGljdHVyZSUyMiUyMGFsbG93ZnVsbHNjcmVlbiUzRSUzQyUyRmlmcmFtZSUzRQ==[\/vc_raw_html][\/vc_column][\/vc_row][vc_row full_width=\u00bbstretch_row\u00bb bg_type=\u00bbimage\u00bb parallax_style=\u00bbvcpb-default\u00bb bg_image_new=\u00bbid^3236|url^https:\/\/larderellogroup.com\/wp-content\/uploads\/2021\/03\/researchdevelopment-HOME.jpg|caption^null|alt^null|title^research&amp;development-HOME|description^null\u00bb bg_image_repeat=\u00bbno-repeat\u00bb bg_image_posiiton=\u00bbleft\u00bb css=\u00bb.vc_custom_1614759952959{background-color: #d6cec3 !important;}\u00bb][vc_column width=\u00bb1\/2&#8243;][vc_row_inner equal_height=\u00bbyes\u00bb css=\u00bb.vc_custom_1613985965786{padding-bottom: 30px !important;}\u00bb][vc_column_inner el_class=\u00bbwpb_animate_when_almost_visible wpb_fadeInDown fadeInDown head-border\u00bb width=\u00bb1\/6&#8243; offset=\u00bbvc_col-xs-2&#8243;][\/vc_column_inner][vc_column_inner width=\u00bb5\/6&#8243; offset=\u00bbvc_col-xs-10&#8243;]<div id=\"ultimate-heading-757269e9fc9d2362d\" class=\"uvc-heading ult-adjust-bottom-margin ultimate-heading-757269e9fc9d2362d uvc-3192 wpb_animate_when_almost_visible wpb_fadeInLeft fadeInLeft k-top-spacing uvc-heading-default-font-sizes\" data-hspacer=\"no_spacer\"  data-halign=\"left\" style=\"text-align:left\"><div class=\"uvc-heading-spacer no_spacer\" style=\"top\"><\/div><div class=\"uvc-main-heading ult-responsive\"  data-ultimate-target='.uvc-heading.ultimate-heading-757269e9fc9d2362d h4'  data-responsive-json-new='{\"font-size\":\"\",\"line-height\":\"\"}' ><h4 style=\"--font-weight:theme;margin-top:20px;\">Investigaci\u00f3n y desarrollo<\/h4><\/div><div class=\"uvc-sub-heading ult-responsive\"  data-ultimate-target='.uvc-heading.ultimate-heading-757269e9fc9d2362d .uvc-sub-heading '  data-responsive-json-new='{\"font-size\":\"desktop:42px;mobile_landscape:32px;\",\"line-height\":\"desktop:54px;mobile_landscape:40px;\"}'  style=\"font-weight:bold;margin-bottom:20px;\">Innovaci\u00f3n constante<\/div><\/div>[\/vc_column_inner][\/vc_row_inner][vc_column_text css_animation=\u00bbfadeIn\u00bb el_class=\u00bbk-link k-text-head\u00bb css=\u00bb.vc_custom_1615798532444{margin-right: 70px !important;}\u00bb]La estructura de vanguardia y la competencia de t\u00e9cnicos e investigadores permiten a <strong>Lardello Group<\/strong> ofrecer una innovaci\u00f3n constante que genera soluciones con un alto valor agregado.<\/p>\n<p>&nbsp;<\/p>\n<p><a href=\"https:\/\/larderellogroup.com\/divisions\/\">Aprende m\u00e1s<\/a>[\/vc_column_text][\/vc_column][vc_column width=\u00bb1\/2&#8243;][\/vc_column][\/vc_row][vc_row equal_height=\u00bbyes\u00bb][vc_column width=\u00bb1\/2&#8243; css=\u00bb.vc_custom_1614760233842{background-image: url(https:\/\/larderellogroup.com\/wp-content\/uploads\/2021\/02\/home-sustainability.jpg?id=3060) !important;background-position: center !important;background-repeat: no-repeat !important;background-size: cover !important;}\u00bb el_class=\u00bbimage-mh\u00bb][\/vc_column][vc_column width=\u00bb1\/2&#8243; offset=\u00bbvc_col-lg-6 vc_col-md-6&#8243;][vc_row_inner equal_height=\u00bbyes\u00bb css=\u00bb.vc_custom_1613986651407{padding-top: 20px !important;padding-bottom: 30px !important;}\u00bb][vc_column_inner el_class=\u00bbwpb_animate_when_almost_visible wpb_fadeInDown fadeInDown head-border\u00bb width=\u00bb1\/6&#8243; offset=\u00bbvc_col-xs-2&#8243;][\/vc_column_inner][vc_column_inner width=\u00bb5\/6&#8243; offset=\u00bbvc_col-xs-10&#8243;]<div id=\"ultimate-heading-820869e9fc9d2367f\" class=\"uvc-heading ult-adjust-bottom-margin ultimate-heading-820869e9fc9d2367f uvc-7705 wpb_animate_when_almost_visible wpb_fadeInLeft fadeInLeft k-top-spacing uvc-heading-default-font-sizes\" data-hspacer=\"no_spacer\"  data-halign=\"left\" style=\"text-align:left\"><div class=\"uvc-heading-spacer no_spacer\" style=\"top\"><\/div><div class=\"uvc-main-heading ult-responsive\"  data-ultimate-target='.uvc-heading.ultimate-heading-820869e9fc9d2367f h4'  data-responsive-json-new='{\"font-size\":\"\",\"line-height\":\"\"}' ><h4 style=\"--font-weight:theme;margin-top:20px;\">Sustentabilidad<\/h4><\/div><div class=\"uvc-sub-heading ult-responsive\"  data-ultimate-target='.uvc-heading.ultimate-heading-820869e9fc9d2367f .uvc-sub-heading '  data-responsive-json-new='{\"font-size\":\"desktop:42px;mobile_landscape:32px;\",\"line-height\":\"desktop:54px;mobile_landscape:40px;\"}'  style=\"font-weight:bold;margin-bottom:20px;\">El amor por nuestra hermosa patria nos impulsa proteger el medio ambiente.<\/div><\/div>[\/vc_column_inner][\/vc_row_inner][vc_column_text css_animation=\u00bbfadeIn\u00bb css=\u00bb.vc_custom_1615798493921{padding-top: 30px !important;}\u00bb el_class=\u00bbk-link k-text-head\u00bb]<a href=\"https:\/\/larderellogroup.com\/ethics\/\">Aprende m\u00e1s<\/a>[\/vc_column_text][\/vc_column][\/vc_row][vc_row full_width=\u00bbstretch_row\u00bb bg_type=\u00bbimage\u00bb parallax_style=\u00bbvcpb-default\u00bb bg_image_new=\u00bbid^3328|url^https:\/\/larderellogroup.com\/wp-content\/uploads\/2021\/03\/map-GRIGIA-home.jpg|caption^null|alt^null|title^map-GRIGIA-home|description^null\u00bb bg_image_repeat=\u00bbno-repeat\u00bb css=\u00bb.vc_custom_1614966135946{padding-top: 20px !important;padding-bottom: 60px !important;}\u00bb el_class=\u00bbcolor-white go-to-companies\u00bb][vc_column]<div id=\"ultimate-heading-901369e9fc9d236ac\" class=\"uvc-heading ult-adjust-bottom-margin ultimate-heading-901369e9fc9d236ac uvc-56 k-top-spacing uvc-heading-default-font-sizes\" data-hspacer=\"no_spacer\"  data-halign=\"center\" style=\"text-align:center\"><div class=\"uvc-heading-spacer no_spacer\" style=\"top\"><\/div><div class=\"uvc-main-heading ult-responsive\"  data-ultimate-target='.uvc-heading.ultimate-heading-901369e9fc9d236ac h4'  data-responsive-json-new='{\"font-size\":\"\",\"line-height\":\"\"}' ><h4 style=\"--font-weight:theme;\">Empresas<\/h4><\/div><div class=\"uvc-sub-heading ult-responsive\"  data-ultimate-target='.uvc-heading.ultimate-heading-901369e9fc9d236ac .uvc-sub-heading '  data-responsive-json-new='{\"font-size\":\"desktop:42px;mobile_landscape:32px;\",\"line-height\":\"desktop:54px;mobile_landscape:40px;\"}'  style=\"font-weight:bold;margin-bottom:40px;\">La dimensi\u00f3n global<\/div><\/div>[vc_row_inner el_class=\u00bbk-abs-img\u00bb][vc_column_inner][vc_single_image image=\u00bb3294&#8243; img_size=\u00bbfull\u00bb onclick=\u00bbcustom_link\u00bb image_hovers=\u00bbfalse\u00bb link=\u00bbhttps:\/\/larderellogroup.com\/companies\/\u00bb][vc_single_image image=\u00bb3295&#8243; img_size=\u00bbfull\u00bb onclick=\u00bbcustom_link\u00bb image_hovers=\u00bbfalse\u00bb link=\u00bbhttps:\/\/larderellogroup.com\/companies\/\u00bb][vc_single_image image=\u00bb3296&#8243; img_size=\u00bbfull\u00bb onclick=\u00bbcustom_link\u00bb image_hovers=\u00bbfalse\u00bb link=\u00bbhttps:\/\/larderellogroup.com\/companies\/\u00bb][vc_single_image image=\u00bb4137&#8243; img_size=\u00bbfull\u00bb onclick=\u00bbcustom_link\u00bb image_hovers=\u00bbfalse\u00bb link=\u00bbhttps:\/\/larderellogroup.com\/companies\/\u00bb][vc_single_image image=\u00bb3297&#8243; img_size=\u00bbfull\u00bb onclick=\u00bbcustom_link\u00bb image_hovers=\u00bbfalse\u00bb link=\u00bbhttps:\/\/larderellogroup.com\/companies\/\u00bb][vc_single_image image=\u00bb3298&#8243; img_size=\u00bbfull\u00bb onclick=\u00bbcustom_link\u00bb image_hovers=\u00bbfalse\u00bb link=\u00bbhttps:\/\/larderellogroup.com\/companies\/\u00bb][vc_single_image image=\u00bb3299&#8243; img_size=\u00bbfull\u00bb onclick=\u00bbcustom_link\u00bb image_hovers=\u00bbfalse\u00bb link=\u00bbhttps:\/\/larderellogroup.com\/companies\/\u00bb][vc_single_image image=\u00bb3300&#8243; img_size=\u00bbfull\u00bb onclick=\u00bbcustom_link\u00bb image_hovers=\u00bbfalse\u00bb link=\u00bbhttps:\/\/larderellogroup.com\/companies\/\u00bb][vc_single_image image=\u00bb3630&#8243; img_size=\u00bbfull\u00bb onclick=\u00bbcustom_link\u00bb image_hovers=\u00bbfalse\u00bb link=\u00bbhttps:\/\/larderellogroup.com\/companies\/\u00bb][vc_single_image image=\u00bb3924&#8243; img_size=\u00bbfull\u00bb onclick=\u00bbcustom_link\u00bb image_hovers=\u00bbfalse\u00bb link=\u00bbhttps:\/\/larderellogroup.com\/companies\/\u00bb][\/vc_column_inner][\/vc_row_inner][\/vc_column][\/vc_row]<\/p>\n","protected":false},"excerpt":{"rendered":"<p>[vc_row full_width=\u00bbstretch_row\u00bb css_animation=\u00bbnone\u00bb bg_type=\u00bbimage\u00bb parallax_style=\u00bbvcpb-default\u00bb bg_image_new=\u00bbid^3234|url^https:\/\/larderellogroup.com\/wp-content\/uploads\/2021\/03\/home.png|caption^null|alt^null|title^home|description^null\u00bb bg_image_repeat=\u00bbno-repeat\u00bb bg_override=\u00bbfull\u00bb css=\u00bb.vc_custom_1617271167622{padding-bottom: 80px !important;}\u00bb el_class=\u00bbk-mobile-full\u00bb][vc_column offset=\u00bbvc_col-lg-offset-0 vc_col-lg-12 vc_col-md-offset-0 vc_col-md-12 vc_col-sm-offset-0 vc_col-xs-12&#8243; css=\u00bb.vc_custom_1613669330964{padding-top: 100px !important;}\u00bb][\/vc_column][\/vc_row][vc_row full_width=\u00bbstretch_row\u00bb content_placement=\u00bbmiddle\u00bb bg_type=\u00bbbg_color\u00bb css=\u00bb.vc_custom_1617269277716{background-color: #f5f5f5 !important;}\u00bb bg_color_value=\u00bb#eb6417&#8243;][vc_column css=\u00bb.vc_custom_1617269272852{padding-top: 0px !important;}\u00bb][\/vc_column][\/vc_row][vc_row full_width=\u00bbstretch_row\u00bb css=\u00bb.vc_custom_1617269255965{padding-top: 10px !important;padding-bottom: 10px !important;background-color: #efebe5 !important;}\u00bb][vc_column][\/vc_column][vc_column width=\u00bb1\/2&#8243;][vc_row_inner][vc_column_inner][vc_column_text] Con el objetivo de hacer frente a los retos de la agricultura sostenible moderna, FertiGlobal&hellip;<\/p>\n","protected":false},"author":1,"featured_media":0,"parent":0,"menu_order":0,"comment_status":"closed","ping_status":"closed","template":"","meta":[],"acf":[],"_links":{"self":[{"href":"https:\/\/larderellogroup.com\/es\/wp-json\/wp\/v2\/pages\/3424"}],"collection":[{"href":"https:\/\/larderellogroup.com\/es\/wp-json\/wp\/v2\/pages"}],"about":[{"href":"https:\/\/larderellogroup.com\/es\/wp-json\/wp\/v2\/types\/page"}],"author":[{"embeddable":true,"href":"https:\/\/larderellogroup.com\/es\/wp-json\/wp\/v2\/users\/1"}],"replies":[{"embeddable":true,"href":"https:\/\/larderellogroup.com\/es\/wp-json\/wp\/v2\/comments?post=3424"}],"version-history":[{"count":15,"href":"https:\/\/larderellogroup.com\/es\/wp-json\/wp\/v2\/pages\/3424\/revisions"}],"predecessor-version":[{"id":4561,"href":"https:\/\/larderellogroup.com\/es\/wp-json\/wp\/v2\/pages\/3424\/revisions\/4561"}],"wp:attachment":[{"href":"https:\/\/larderellogroup.com\/es\/wp-json\/wp\/v2\/media?parent=3424"}],"curies":[{"name":"wp","href":"https:\/\/api.w.org\/{rel}","templated":true}]}}