{"id":3435,"date":"2021-03-15T10:16:17","date_gmt":"2021-03-15T10:16:17","guid":{"rendered":"https:\/\/larderellogroup.com\/?page_id=3435"},"modified":"2022-07-26T12:47:50","modified_gmt":"2022-07-26T12:47:50","slug":"divisiones","status":"publish","type":"page","link":"https:\/\/larderellogroup.com\/es\/divisiones\/","title":{"rendered":"Divisiones"},"content":{"rendered":"<p>[vc_row full_width=\u00bbstretch_row\u00bb bg_type=\u00bbimage\u00bb parallax_style=\u00bbvcpb-default\u00bb bg_image_new=\u00bbid^3231|url^https:\/\/larderellogroup.com\/wp-content\/uploads\/2021\/03\/divisions.jpg|caption^null|alt^null|title^divisions|description^null\u00bb bg_image_repeat=\u00bbno-repeat\u00bb bg_override=\u00bbfull\u00bb css=\u00bb.vc_custom_1614762826721{padding-top: 140px !important;}\u00bb][vc_column][vc_column_text css_animation=\u00bbfadeInLeft\u00bb el_class=\u00bbhidden\u00bb]<\/p>\n<h2>Larderello<\/h2>\n<p>[\/vc_column_text]<div id=\"ultimate-heading-727869d045e565bf0\" class=\"uvc-heading ult-adjust-bottom-margin ultimate-heading-727869d045e565bf0 uvc-3122 wpb_animate_when_almost_visible wpb_fadeInLeft fadeInLeft bg-white-h2\" data-hspacer=\"no_spacer\"  data-halign=\"left\" style=\"text-align:left\"><div class=\"uvc-heading-spacer no_spacer\" style=\"top\"><\/div><div class=\"uvc-main-heading ult-responsive\"  data-ultimate-target='.uvc-heading.ultimate-heading-727869d045e565bf0 h2'  data-responsive-json-new='{\"font-size\":\"desktop:60px;tablet_portrait:50px;mobile_landscape:40px;mobile:30px;\",\"line-height\":\"desktop:60px;tablet_portrait:50px;mobile_landscape:40px;mobile:30px;\"}' ><h2 style=\"font-weight:bold;margin-bottom:120px;\">Divisiones<\/h2><\/div><\/div><style type=\"text\/css\" data-type=\"the7_shortcodes-inline-css\">.dt-breadcrumbs-id-56daad7971e4d138bac2111c3408f04c .breadcrumbs {\n  display: inline-block;\n  margin: 0;\n  padding: 20px 40px 0px 40px;\n  background: #ffffff;\n  border: 0px solid ;\n  border-radius: 0px;\n}\n.dt-breadcrumbs-id-56daad7971e4d138bac2111c3408f04c .breadcrumbs * {\n  font-size: 16px;\n  color: #a2a5a6;\n}\n<\/style><div class=\"dt-breadcrumbs-shortcode dt-breadcrumbs-id-56daad7971e4d138bac2111c3408f04c align-left\"><div class=\"assistive-text\">Est\u00e1s aqu\u00ed:<\/div><ol class=\"breadcrumbs text-small\" itemscope itemtype=\"https:\/\/schema.org\/BreadcrumbList\"><li itemprop=\"itemListElement\" itemscope itemtype=\"https:\/\/schema.org\/ListItem\"><a itemprop=\"item\" href=\"https:\/\/larderellogroup.com\/es\/\" title=\"\"><span itemprop=\"name\">Inicio<\/span><\/a><meta itemprop=\"position\" content=\"1\" \/><\/li><li class=\"current\" itemprop=\"itemListElement\" itemscope itemtype=\"https:\/\/schema.org\/ListItem\"><span itemprop=\"name\">P\u00e1gina<\/span><meta itemprop=\"position\" content=\"2\" \/><\/li><\/ol><\/div>[\/vc_column][\/vc_row][vc_row][vc_column]<div id=\"ultimate-heading-250269d045e5669a2\" class=\"uvc-heading ult-adjust-bottom-margin ultimate-heading-250269d045e5669a2 uvc-3183  uvc-heading-default-font-sizes\" data-hspacer=\"no_spacer\"  data-halign=\"left\" style=\"text-align:left\"><div class=\"uvc-heading-spacer no_spacer\" style=\"top\"><\/div><div class=\"uvc-main-heading ult-responsive\"  data-ultimate-target='.uvc-heading.ultimate-heading-250269d045e5669a2 h2'  data-responsive-json-new='{\"font-size\":\"\",\"line-height\":\"\"}' ><h2 style=\"--font-weight:theme;\">Anticipando el future<\/h2><\/div><\/div>[vc_row_inner equal_height=\u00bbyes\u00bb css=\u00bb.vc_custom_1614933006621{padding-top: 20px !important;padding-bottom: 20px !important;padding-left: 40px !important;}\u00bb][vc_column_inner el_class=\u00bbwpb_animate_when_almost_visible wpb_fadeInDown fadeInDown head-border\u00bb width=\u00bb1\/6&#8243; offset=\u00bbvc_col-xs-2&#8243;][\/vc_column_inner][vc_column_inner width=\u00bb5\/6&#8243; offset=\u00bbvc_col-xs-10&#8243;]<div id=\"ultimate-heading-998569d045e5669d9\" class=\"uvc-heading ult-adjust-bottom-margin ultimate-heading-998569d045e5669d9 uvc-7576 wpb_animate_when_almost_visible wpb_fadeInLeft fadeInLeft uvc-heading-default-font-sizes\" data-hspacer=\"no_spacer\"  data-halign=\"left\" style=\"text-align:left\"><div class=\"uvc-heading-spacer no_spacer\" style=\"top\"><\/div><div class=\"uvc-sub-heading ult-responsive\"  data-ultimate-target='.uvc-heading.ultimate-heading-998569d045e5669d9 .uvc-sub-heading '  data-responsive-json-new='{\"font-size\":\"desktop:16px;\",\"line-height\":\"\"}'  style=\"font-weight:normal;margin-top:20px;margin-bottom:20px;\">Su fuerte enfoque en investigaci\u00f3n y desarrollo (I+D) le permite a <strong>Larderello Group<\/strong><br \/>\nproponer soluciones innovadoras en todos los mercados<br \/>\nen los que opera.<\/div><\/div>[\/vc_column_inner][\/vc_row_inner][vc_column_text css_animation=\u00bbfadeIn\u00bb]Desde el principio, la empresa siempre ha puesto un fuerte \u00e9nfasis en la investigaci\u00f3n y el desarrollo, como demuestran numerosos productos y procesos innovadores, algunos de los cuales est\u00e1n cubiertos por patentes internacionales.<br \/>\nGracias a una instalaci\u00f3n de I+D moderna y de vanguardia, as\u00ed como a la experiencia de t\u00e9cnicos e investigadores, <strong>Larderello Group<\/strong> puede ofrecer soluciones y productos personalizados para satisfacer las necesidades espec\u00edficas de los clientes. Larderello Group cuenta con la cooperaci\u00f3n de varias universidades y centros de investigaci\u00f3n nacionales e internacionales que le permiten buscar constantement la excelencia.[\/vc_column_text][vc_row_inner][vc_column_inner width=\u00bb1\/2&#8243;][vc_single_image image=\u00bb3439&#8243; img_size=\u00bb600&#215;400&#8243;][vc_single_image image=\u00bb3225&#8243; img_size=\u00bbfull\u00bb][vc_column_text el_class=\u00bbk-link k-link-green\u00bb]El nuevo enfoque de gesti\u00f3n de cultivos de <strong>FertiGlobal<\/strong> garantiza un impacto positivo sobre el medio ambiente y tiene como objetivo crear una agricultura sostenible.<br \/>\nA\u00f1os de uso intensivo de plaguicidas en la agricultura han provocado da\u00f1os irreparables a nuestro planeta y a la salud humana, pues han contaminado la tierra, el agua y el aire.<br \/>\nAdem\u00e1s, los fungicidas y bactericidas ya no producen los resultados esperados, e incluso hacen que los cultivos sean menos tolerantes a las adversidades y a los cambios clim\u00e1ticos.<br \/>\nLas soluciones innovadores de FertiGlobal permiten a los agricultores de todo el mundo reducir progresivamente el uso de productos qu\u00edmicos y adoptar una visi\u00f3n a largo plazo para el futuro de la Tierra.<\/p>\n<p>&nbsp;<\/p>\n<p><a href=\"https:\/\/www.fertiglobal.com\/\">visite el sitio web<\/a>[\/vc_column_text][\/vc_column_inner][vc_column_inner width=\u00bb1\/2&#8243;][vc_single_image image=\u00bb3438&#8243; img_size=\u00bb600&#215;400&#8243;][vc_single_image image=\u00bb3223&#8243; img_size=\u00bb300&#215;100&#8243;][vc_column_text el_class=\u00bbk-link k-link-blue\u00bb]La divisi\u00f3n de qu\u00edmicos especializados de Larderello es un ejemplo \u00fanico de producci\u00f3n integrada de una variedad de compuestos qu\u00edmicos especializados que se dividen en tres familias de productos principales.<br \/>\n<strong>Larderel<\/strong> es el nombre comercial de una amplia gama de boratos especializados de tecnolog\u00eda avanzada.<br \/>\n<strong>Zinflam<\/strong> presenta una oferta \u00fanica de retardantes de llama y supresores de humo innovadores y ecol\u00f3gicos.<br \/>\nPor \u00faltimo, pero no menos importante, <strong>Sequel<\/strong> representa la qu\u00edmica de quelatos en su m\u00e1xima expresi\u00f3n.<\/p>\n<p>&nbsp;<\/p>\n<p><a href=\"https:\/\/scl.industries\/\">visite el sitio web<\/a>[\/vc_column_text][\/vc_column_inner][\/vc_row_inner][\/vc_column][\/vc_row]<\/p>\n","protected":false},"excerpt":{"rendered":"<p>[vc_row full_width=\u00bbstretch_row\u00bb bg_type=\u00bbimage\u00bb parallax_style=\u00bbvcpb-default\u00bb bg_image_new=\u00bbid^3231|url^https:\/\/larderellogroup.com\/wp-content\/uploads\/2021\/03\/divisions.jpg|caption^null|alt^null|title^divisions|description^null\u00bb bg_image_repeat=\u00bbno-repeat\u00bb bg_override=\u00bbfull\u00bb css=\u00bb.vc_custom_1614762826721{padding-top: 140px !important;}\u00bb][vc_column][vc_column_text css_animation=\u00bbfadeInLeft\u00bb el_class=\u00bbhidden\u00bb] Larderello [\/vc_column_text][\/vc_column][\/vc_row][vc_row][vc_column][vc_row_inner equal_height=\u00bbyes\u00bb css=\u00bb.vc_custom_1614933006621{padding-top: 20px !important;padding-bottom: 20px !important;padding-left: 40px !important;}\u00bb][vc_column_inner el_class=\u00bbwpb_animate_when_almost_visible wpb_fadeInDown fadeInDown head-border\u00bb width=\u00bb1\/6&#8243; offset=\u00bbvc_col-xs-2&#8243;][\/vc_column_inner][vc_column_inner width=\u00bb5\/6&#8243; offset=\u00bbvc_col-xs-10&#8243;][\/vc_column_inner][\/vc_row_inner][vc_column_text css_animation=\u00bbfadeIn\u00bb]Desde el principio, la empresa siempre ha puesto un fuerte \u00e9nfasis en la investigaci\u00f3n y el desarrollo, como demuestran numerosos productos y procesos innovadores, algunos&hellip;<\/p>\n","protected":false},"author":1,"featured_media":0,"parent":0,"menu_order":0,"comment_status":"closed","ping_status":"closed","template":"","meta":[],"acf":[],"_links":{"self":[{"href":"https:\/\/larderellogroup.com\/es\/wp-json\/wp\/v2\/pages\/3435"}],"collection":[{"href":"https:\/\/larderellogroup.com\/es\/wp-json\/wp\/v2\/pages"}],"about":[{"href":"https:\/\/larderellogroup.com\/es\/wp-json\/wp\/v2\/types\/page"}],"author":[{"embeddable":true,"href":"https:\/\/larderellogroup.com\/es\/wp-json\/wp\/v2\/users\/1"}],"replies":[{"embeddable":true,"href":"https:\/\/larderellogroup.com\/es\/wp-json\/wp\/v2\/comments?post=3435"}],"version-history":[{"count":3,"href":"https:\/\/larderellogroup.com\/es\/wp-json\/wp\/v2\/pages\/3435\/revisions"}],"predecessor-version":[{"id":3962,"href":"https:\/\/larderellogroup.com\/es\/wp-json\/wp\/v2\/pages\/3435\/revisions\/3962"}],"wp:attachment":[{"href":"https:\/\/larderellogroup.com\/es\/wp-json\/wp\/v2\/media?parent=3435"}],"curies":[{"name":"wp","href":"https:\/\/api.w.org\/{rel}","templated":true}]}}