{"id":3443,"date":"2021-03-15T10:33:36","date_gmt":"2021-03-15T10:33:36","guid":{"rendered":"https:\/\/larderellogroup.com\/?page_id=3443"},"modified":"2026-03-26T12:23:14","modified_gmt":"2026-03-26T12:23:14","slug":"etica","status":"publish","type":"page","link":"https:\/\/larderellogroup.com\/es\/etica\/","title":{"rendered":"\u00e9tica"},"content":{"rendered":"<p>[vc_row full_width=\u00bbstretch_row\u00bb bg_type=\u00bbimage\u00bb parallax_style=\u00bbvcpb-default\u00bb bg_image_new=\u00bbid^3232|url^https:\/\/larderellogroup.com\/wp-content\/uploads\/2021\/03\/ethics.jpg|caption^null|alt^null|title^ethics|description^null\u00bb bg_image_repeat=\u00bbno-repeat\u00bb bg_override=\u00bbfull\u00bb css=\u00bb.vc_custom_1614763386322{padding-top: 140px !important;}\u00bb][vc_column][vc_column_text css_animation=\u00bbfadeInLeft\u00bb el_class=\u00bbhidden\u00bb]<\/p>\n<h2>Larderello<\/h2>\n<p>[\/vc_column_text]<div id=\"ultimate-heading-586269d060f77fd76\" class=\"uvc-heading ult-adjust-bottom-margin ultimate-heading-586269d060f77fd76 uvc-7397 wpb_animate_when_almost_visible wpb_fadeInLeft fadeInLeft bg-white-h2\" data-hspacer=\"no_spacer\"  data-halign=\"left\" style=\"text-align:left\"><div class=\"uvc-heading-spacer no_spacer\" style=\"top\"><\/div><div class=\"uvc-main-heading ult-responsive\"  data-ultimate-target='.uvc-heading.ultimate-heading-586269d060f77fd76 h2'  data-responsive-json-new='{\"font-size\":\"desktop:60px;tablet_portrait:50px;mobile_landscape:40px;mobile:30px;\",\"line-height\":\"desktop:60px;tablet_portrait:50px;mobile_landscape:40px;mobile:30px;\"}' ><h2 style=\"font-weight:bold;margin-bottom:120px;\">\u00c9tica corporativa<\/h2><\/div><\/div><style type=\"text\/css\" data-type=\"the7_shortcodes-inline-css\">.dt-breadcrumbs-id-56daad7971e4d138bac2111c3408f04c .breadcrumbs {\n  display: inline-block;\n  margin: 0;\n  padding: 20px 40px 0px 40px;\n  background: #ffffff;\n  border: 0px solid ;\n  border-radius: 0px;\n}\n.dt-breadcrumbs-id-56daad7971e4d138bac2111c3408f04c .breadcrumbs * {\n  font-size: 16px;\n  color: #a2a5a6;\n}\n<\/style><div class=\"dt-breadcrumbs-shortcode dt-breadcrumbs-id-56daad7971e4d138bac2111c3408f04c align-left\"><div class=\"assistive-text\">Est\u00e1s aqu\u00ed:<\/div><ol class=\"breadcrumbs text-small\" itemscope itemtype=\"https:\/\/schema.org\/BreadcrumbList\"><li itemprop=\"itemListElement\" itemscope itemtype=\"https:\/\/schema.org\/ListItem\"><a itemprop=\"item\" href=\"https:\/\/larderellogroup.com\/es\/\" title=\"\"><span itemprop=\"name\">Inicio<\/span><\/a><meta itemprop=\"position\" content=\"1\" \/><\/li><li class=\"current\" itemprop=\"itemListElement\" itemscope itemtype=\"https:\/\/schema.org\/ListItem\"><span itemprop=\"name\">P\u00e1gina<\/span><meta itemprop=\"position\" content=\"2\" \/><\/li><\/ol><\/div>[\/vc_column][\/vc_row][vc_row equal_height=\u00bbyes\u00bb css=\u00bb.vc_custom_1614765609992{padding-bottom: 50px !important;}\u00bb][vc_column width=\u00bb1\/2&#8243; el_class=\u00bbk-ma0&#8243;][vc_row_inner equal_height=\u00bbyes\u00bb content_placement=\u00bbmiddle\u00bb][vc_column_inner el_class=\u00bbwpb_animate_when_almost_visible wpb_fadeInDown fadeInDown head-border\u00bb width=\u00bb1\/6&#8243; offset=\u00bbvc_col-xs-2&#8243;][\/vc_column_inner][vc_column_inner width=\u00bb5\/6&#8243; offset=\u00bbvc_col-xs-10&#8243;]<div id=\"ultimate-heading-370869d060f78026e\" class=\"uvc-heading ult-adjust-bottom-margin ultimate-heading-370869d060f78026e uvc-3500 wpb_animate_when_almost_visible wpb_fadeInLeft fadeInLeft k-top-spacing uvc-heading-default-font-sizes\" data-hspacer=\"no_spacer\"  data-halign=\"left\" style=\"text-align:left\"><div class=\"uvc-heading-spacer no_spacer\" style=\"top\"><\/div><div class=\"uvc-main-heading ult-responsive\"  data-ultimate-target='.uvc-heading.ultimate-heading-370869d060f78026e h4'  data-responsive-json-new='{\"font-size\":\"\",\"line-height\":\"\"}' ><h4 style=\"--font-weight:theme;margin-top:20px;\">Quality policy<\/h4><\/div><div class=\"uvc-sub-heading ult-responsive\"  data-ultimate-target='.uvc-heading.ultimate-heading-370869d060f78026e .uvc-sub-heading '  data-responsive-json-new='{\"font-size\":\"desktop:32px;mobile_landscape:20px;\",\"line-height\":\"desktop:44px;mobile_landscape:30px;\"}'  style=\"font-weight:bold;margin-bottom:20px;\">Calidad, Salud, Seguridad,<br \/>\nMedio Ambiente y Energ\u00eda (QHSE y Energ\u00eda)<br \/>\nPol\u00edtica del Grupo Larderello<\/p>\n<p><\/div><\/div>[\/vc_column_inner][\/vc_row_inner][\/vc_column][vc_column width=\u00bb1\/2&#8243;][vc_row_inner css=\u00bb.vc_custom_1613991286926{padding-left: 50px !important;background-position: 0 0 !important;background-repeat: no-repeat !important;}\u00bb][vc_column_inner][vc_single_image image=\u00bb3214&#8243; img_size=\u00bbfull\u00bb image_hovers=\u00bbfalse\u00bb el_class=\u00bbk-bg-abs-left\u00bb][vc_single_image image=\u00bb3453&#8243; img_size=\u00bblarge\u00bb alignment=\u00bbright\u00bb css_animation=\u00bbappear\u00bb el_class=\u00bbk-zi-2&#8243;][\/vc_column_inner][\/vc_row_inner][\/vc_column][\/vc_row][vc_row][vc_column width=\u00bb1\/2&#8243;][vc_column_text el_class=\u00bbk-text-head\u00bb]<strong>Nuestra Visi\u00f3n<\/strong><\/p>\n<p><strong>Larderello Group\u00a0<\/strong>quiere ser reconocido como una industria l\u00edder en el campo de la Calidad, Salud y Seguridad de las personas, en los campos de Gesti\u00f3n Ambiental y Energ\u00e9tica (QHSE &amp; Energy) en todos los sectores en los que opera, brindando soluciones innovadoras y respondiendo a las necesidades. de nuestros clientes en l\u00ednea con los principios globales de desarrollo sostenible y sistemas integrados de gesti\u00f3n.<\/p>\n<p><strong>Nuestros Principios<\/strong><\/p>\n<p><strong>Larderello Group<\/strong> desarrolla sus actividades en cumplimiento con el medio ambiente, protegiendo la salud y la seguridad de las personas, empleados, colaboradores, clientes y la comunidad, en todos los lugares donde opera.<\/p>\n<ul>\n<li>comprometi\u00e9ndose a mejorar continuamente sus procesos, respetando los requisitos legislativos, reglamentarios y las normas internacionales aplicables<\/li>\n<li>ofreciendo productos y servicios de alta calidad para contribuir al \u00e9xito de sus clientes y al crecimiento del grupo<\/li>\n<li>adoptando un enfoque abierto, \u00e9tico y transparente en las comunicaciones, sobre temas de QHSE y Energ\u00eda<\/li>\n<li>invirtiendo en competencias y garantizando los recursos necesarios para alcanzar los objetivos comunes<\/li>\n<\/ul>\n<p><strong>Larderello Group<\/strong> considera la sostenibilidad como un pilar estrat\u00e9gico para la competitividad y el progreso. Por esta raz\u00f3n, el grupo est\u00e1 comprometido con la implementaci\u00f3n de una pol\u00edtica corporativa orientada a la responsabilidad social, ambiental y \u00e9tica, capaz de generar valor a lo largo del tiempo para todas las partes interesadas.<\/p>\n<p><strong>Nuestro Compromiso<\/strong><\/p>\n<p>Para seguir estos principios, <strong>Larderello Group<\/strong> ha desarrollado un proceso estructurado para medir y reducir su huella de carbono, tanto a nivel empresarial como de producto, en cumplimiento con las normas ISO 14064 y el Protocolo GHG, como parte integral de su estrategia clim\u00e1tica y de sostenibilidad a largo plazo.<\/p>\n<p>Adem\u00e1s, <strong>Larderello Group<\/strong> se compromete<\/p>\n<ul>\n<li>para que Calidad realice sus actividades de acuerdo con la norma UNI EN ISO 9001: 2015, manteniendo adecuada la calidad de los productos suministrados<\/li>\n<li>Para las cuestiones ambientales, llevar a cabo sus actividades en cumplimiento con la norma UNI EN ISO 14001:2015 y el Reglamento CE\/1221\/2009 (EMAS III),\n<ul>\n<li>verificar la adecuaci\u00f3n del contexto en el que opera<\/li>\n<li>organizar una evaluaci\u00f3n peri\u00f3dica de las obligaciones de cumplimiento aplicables<\/li>\n<li>organizar una evaluaci\u00f3n peri\u00f3dica de los riesgos e impactos ambientales de sus actividades y riesgos relacionados, buscando soluciones para minimizar cualquier efecto negativo de sus actividades en el medio ambiente<\/li>\n<\/ul>\n<\/li>\n<\/ul>\n<p>[\/vc_column_text][\/vc_column][vc_column width=\u00bb1\/2&#8243;][vc_column_text]<\/p>\n<ul>\n<li style=\"list-style-type: none;\">\n<ul>\n<li>implementar una comunicaci\u00f3n transparente de sus actividades en el campo ambiental<\/li>\n<li>prestando especial atenci\u00f3n a la gesti\u00f3n de residuos, trabajando hacia una eliminaci\u00f3n orientada al reciclaje de materiales<\/li>\n<\/ul>\n<\/li>\n<li>para la Salud y la Seguridad en el Trabajo, se compromete a realizar sus actividades de acuerdo con la norma UNI ISO 45001: 2018\n<ul>\n<li>verificar la implementaci\u00f3n de las disposiciones legales sobre seguridad en el trabajo<\/li>\n<li>consultar e involucrar a los trabajadores y, en su caso, a los representantes de los trabajadores en relaci\u00f3n con los aspectos inherentes a los riesgos para la salud de los propios trabajadores<\/li>\n<li>planificar, desarrollar e implementar planes para la eliminaci\u00f3n de riesgos para la salud de los trabajadores<\/li>\n<li>mediante la adopci\u00f3n de un Sistema de Organizaci\u00f3n, Gesti\u00f3n y Control, de conformidad con el Decreto Legislativo italiano n.\u00ba 231, de 8 de junio de 2001, orientado a la prevenci\u00f3n de los delitos previstos en la normativa aplicable y coherente con la estructura organizativa y las actividades desarrolladas (aqu\u00ed se puede consultar la informaci\u00f3n en <a href=\"https:\/\/larderellogroup.com\/wp-content\/uploads\/2026\/01\/Information-Notice-\u2013-Organisation-Management-and-Control-System-pursuant-to-Legislative-Decree-231-2001.pdf\">ingl\u00e9s<\/a> y en <a href=\"https:\/\/larderellogroup.com\/wp-content\/uploads\/2026\/01\/Informativa-sul-Sistema-di-Organizzazione-Gestione-e-Controllo-ex-D.Lgs_.-231-2001.pdf\">italiano<\/a>)<\/li>\n<\/ul>\n<\/li>\n<li>para la Prevenci\u00f3n de Accidentes Mayores para llevar a cabo sus actividades de acuerdo con el Decreto Legislativo 105\/2015\n<ul>\n<li>proporcionar las herramientas adecuadas para la implantaci\u00f3n y mantenimiento del sistema de gesti\u00f3n de accidentes mayores (manuales, procedimientos, instrucciones operativas, etc.) y difundirlas a todo el personal<\/li>\n<li>informar, capacitar y capacitar a todos los empleados para que puedan operar con pleno conocimiento de los riesgos potenciales asociados con el negocio<\/li>\n<li>informar, antes de su ingreso a la planta, a todos los empleados, empleados de empresas externas, terceros transportistas y visitantes ocasionales, sobre los riesgos involucrados y sobre la organizaci\u00f3n a cargo de la seguridad y gesti\u00f3n de emergencias dentro de la empresa<\/li>\n<li>disponiendo las medidas adecuadas para que el personal de terceros que opere dentro de la planta adopte comportamientos, pr\u00e1cticas y procedimientos consistentes con esta pol\u00edtica de prevenci\u00f3n de accidentes mayores<\/li>\n<li>para temas espec\u00edficos, consulte la Pol\u00edtica para la Prevenci\u00f3n de Accidentes Mayores (Pol\u00edtica PIR)<\/li>\n<\/ul>\n<\/li>\n<li>para la Eficiencia Energ\u00e9tica para realizar sus actividades de acuerdo con la norma UNI CEI EN ISO 50001: 2018\n<ul>\n<li>garantizar la atenci\u00f3n al ahorro y la eficiencia energ\u00e9tica desde la fase de contrataci\u00f3n<\/li>\n<li>aplicar principios de eficiencia a todos los aspectos energ\u00e9ticos que involucren a la empresa, como el uso de maquinaria de oficina, iluminaci\u00f3n, sistemas de refrigeraci\u00f3n y calefacci\u00f3n, m\u00e9todos de procesamiento<\/li>\n<li>implementar el seguimiento y control del consumo energ\u00e9tico de las oficinas y plantas<\/li>\n<li>planificar las actividades de trabajo con vistas a la eficiencia energ\u00e9tica, cuando sea posible y en cualquier caso asegurando la continuidad de los procesos<\/li>\n<\/ul>\n<\/li>\n<\/ul>\n<p>Como prueba de su compromiso concreto, <strong>Larderello Group<\/strong> obtuvo la Medalla de Plata de EcoVadis, posicion\u00e1ndose entre las mejores empresas internacionales evaluadas en sostenibilidad ambiental, \u00e9tica, responsabilidad social y compras sostenibles. Este reconocimiento confirma la solidez de su enfoque ESG (Ambiental, Social y de Gobernanza).<\/p>\n<p>&nbsp;<\/p>\n<p><em>Larderello, 11 de abril de 2025<\/em>[\/vc_column_text]<div id=\"ultimate-heading-797069d060f7802a3\" class=\"uvc-heading ult-adjust-bottom-margin ultimate-heading-797069d060f7802a3 uvc-2999  uvc-heading-default-font-sizes\" data-hspacer=\"no_spacer\"  data-halign=\"left\" style=\"text-align:left\"><div class=\"uvc-heading-spacer no_spacer\" style=\"top\"><\/div><div class=\"uvc-sub-heading ult-responsive\"  data-ultimate-target='.uvc-heading.ultimate-heading-797069d060f7802a3 .uvc-sub-heading '  data-responsive-json-new='{\"font-size\":\"\",\"line-height\":\"\"}'  style=\"font-weight:normal;color:#eb6417;\"><\/p>\n<p style=\"text-align: right;\"><strong>Paolo Bonini<br \/>\n<\/strong>Executive Chairman<\/p>\n<p><\/div><\/div>[\/vc_column][\/vc_row][vc_row full_width=\u00bbstretch_row\u00bb equal_height=\u00bbyes\u00bb disable_element=\u00bbyes\u00bb css=\u00bb.vc_custom_1747815310939{margin-top: 30px !important;margin-bottom: 20px !important;background-color: #78ab42 !important;}\u00bb el_class=\u00bbcolor-white\u00bb][vc_column width=\u00bb1\/2&#8243;][vc_row_inner equal_height=\u00bbyes\u00bb][vc_column_inner el_class=\u00bbwpb_animate_when_almost_visible wpb_fadeInDown fadeInDown head-border\u00bb width=\u00bb1\/6&#8243; offset=\u00bbvc_col-xs-2&#8243;][\/vc_column_inner][vc_column_inner width=\u00bb5\/6&#8243; offset=\u00bbvc_col-xs-10&#8243;]<div id=\"ultimate-heading-237269d060f7802dc\" class=\"uvc-heading ult-adjust-bottom-margin ultimate-heading-237269d060f7802dc uvc-6225 wpb_animate_when_almost_visible wpb_fadeInLeft fadeInLeft k-top-spacing uvc-heading-default-font-sizes\" data-hspacer=\"no_spacer\"  data-halign=\"left\" style=\"text-align:left\"><div class=\"uvc-heading-spacer no_spacer\" style=\"top\"><\/div><div class=\"uvc-main-heading ult-responsive\"  data-ultimate-target='.uvc-heading.ultimate-heading-237269d060f7802dc h4'  data-responsive-json-new='{\"font-size\":\"\",\"line-height\":\"\"}' ><h4 style=\"--font-weight:theme;color:#ffffff;margin-top:20px;\">Sustentabilidad<\/h4><\/div><div class=\"uvc-sub-heading ult-responsive\"  data-ultimate-target='.uvc-heading.ultimate-heading-237269d060f7802dc .uvc-sub-heading '  data-responsive-json-new='{\"font-size\":\"desktop:32px;mobile_landscape:22px;\",\"line-height\":\"desktop:44px;mobile_landscape:30px;\"}'  style=\"font-weight:bold;color:#ffffff;margin-bottom:20px;\">El amor por nuestra hermosa patria nos impulsa proteger el medio ambiente.<\/div><\/div>[\/vc_column_inner][\/vc_row_inner][vc_column_text css_animation=\u00bbfadeIn\u00bb css=\u00bb.vc_custom_1615804360319{padding-top: 20px !important;}\u00bb el_class=\u00bbk-text-head\u00bb]El enorme crecimiento econ\u00f3mico y demogr\u00e1fico en todo el mundo durante la segunda mitad del siglo XX agrav\u00f3 los factores que amenazan la salud y el medio ambiente. El agotamiento de la capa de ozono, el cambio clim\u00e1tico, la contaminaci\u00f3n de los recursos naturales y la p\u00e9rdidaextensa de biodiversidad y h\u00e1bitats son temas cotidianos.<br \/>\nDado que somos empresa con un importante enfoque en el dise\u00f1o de soluciones innovadoras y sostenibles, Larderello Group desarroll\u00f3 tambi\u00e9n estrategias que apuntan a mejorar la eficiencia de las energ\u00edas de producci\u00f3n al trabajar con recursos renovables y de reciclaje.<br \/>\nCon especial atenci\u00f3n a los 12 principios de la qu\u00edmica ecol\u00f3gica, Larderello Group ha implementado un procedimiento de producci\u00f3n para reducir la contaminaci\u00f3n y la generaci\u00f3n de residuos, mediante lo cual se minimizan los efectos ambientales y econ\u00f3micos.<br \/>\nLa promoci\u00f3n de acciones ecol\u00f3gicas en todas las plantas de producci\u00f3n del mundo tiene como objetivo sustentar un futuro mejor para nuestro planeta.[\/vc_column_text][\/vc_column][vc_column width=\u00bb1\/2&#8243; css=\u00bb.vc_custom_1614763574421{background-image: url(https:\/\/larderellogroup.com\/wp-content\/uploads\/2021\/02\/Schermata-2020-10-20-alle-10.59.42.png?id=3192) !important;background-position: center !important;background-repeat: no-repeat !important;background-size: cover !important;}\u00bb el_class=\u00bbimage-mh\u00bb][\/vc_column][\/vc_row][vc_row][vc_column width=\u00bb1\/2&#8243;][vc_column_text el_class=\u00bbk-text-head\u00bb]Esta visi\u00f3n se despliega a trav\u00e9s de un sistema integrado de Calidad, Salud, Medio Ambiente y Seguridad (QHSE).<\/p>\n<ul>\n<li>Certificaci\u00f3n Ambiental ISO 14001<\/li>\n<li>Certificaci\u00f3n del Sistema de Calidad ISO 9001<\/li>\n<li>Certificaci\u00f3n de Salud y Seguridad ISO 45001<\/li>\n<li>Certificaci\u00f3n del Sistema de Gesti\u00f3n de Energ\u00eda ISO 50001<\/li>\n<li>Seguridad Alimentaria Certificaci\u00f3n Standard FSSC 22000<\/li>\n<li>Certificaci\u00f3n de Calidad de Fertilizantes<\/li>\n<li>Certificado de Protecci\u00f3n Clim\u00e1tica PAMIRA<\/li>\n<li>Certificado de Eco Management y Audit Scheme EMAS<\/li>\n<\/ul>\n<p>[\/vc_column_text][\/vc_column][vc_column width=\u00bb1\/2&#8243;][vc_column_text]<div class=\"certifications-container\"><div class=\"certification k-list\"><div class=\"uvc-main-heading ult-responsive\"><span><\/span><h4>ISO 9001<\/h4><\/div><ul class=\"certification-list\"><li><a href=\"https:\/\/larderellogroup.com\/wp-content\/uploads\/2025\/06\/CERT-ISO-9001-EN-SCL-Italia_scad-05-2026.pdf\" target=\"_blank\">ISO 9001 Italy<\/a><\/li><li><a href=\"https:\/\/larderellogroup.com\/wp-content\/uploads\/2025\/09\/CERT-ISO-9001-EN-PACK_scad.-05-2026.pdf\" target=\"_blank\">ISO 9001 Brazil<\/a><\/li><li><a href=\"https:\/\/larderellogroup.com\/wp-content\/uploads\/2025\/03\/01-10006-1530013_Main_EN.pdf\" target=\"_blank\">ISO 9001 Argentina<\/a><\/li><li><a href=\"https:\/\/larderellogroup.com\/wp-content\/uploads\/2025\/09\/CERT-ISO-9001-EN-SCL-BEIJINNG_scad.-05-20256.pdf\" target=\"_blank\">ISO 9001 China<\/a><\/li><li><a href=\"https:\/\/larderellogroup.com\/wp-content\/uploads\/2025\/09\/CERT-ISO-9001-EN-SCL-FILIPPINE_scad-05-2026.pdf\" target=\"_blank\">ISO 9001 Philippines<\/a><\/li><li><a href=\"https:\/\/larderellogroup.com\/wp-content\/uploads\/2025\/09\/CERT-ISO-9001-EN-SCL-INDIA_scad-05-2026.pdf\" target=\"_blank\">ISO 9001 India<\/a><\/li><\/ul><\/div><div class=\"certification k-list\"><div class=\"uvc-main-heading ult-responsive\"><span><\/span><h4>ISO Certifications - others<\/h4><\/div><ul class=\"certification-list\"><li><a href=\"https:\/\/larderellogroup.com\/wp-content\/uploads\/2025\/07\/CERT-ISO-14001-EN_scad-03-2028.pdf\" target=\"_blank\">ISO 14001 Italy<\/a><\/li><li><a href=\"https:\/\/larderellogroup.com\/wp-content\/uploads\/2026\/03\/ISO-14001_2026-CERT-ESSIOD.pdf\" target=\"_blank\">ISO 14001 Argentina<\/a><\/li><li><a href=\"https:\/\/larderellogroup.com\/wp-content\/uploads\/2025\/01\/CERT-ISO-45001-EN_scad-12-2027-bis.pdf\" target=\"_blank\">ISO 45001 Italy<\/a><\/li><li><a href=\"https:\/\/larderellogroup.com\/wp-content\/uploads\/2026\/03\/ISO-45001_2026-CERT-ESSIOD.pdf\" target=\"_blank\">ISO 45001 Argentina<\/a><\/li><li><a href=\"https:\/\/larderellogroup.com\/wp-content\/uploads\/2025\/01\/CERT-ISO-50001-EN_scad-12-2027-bis.pdf\" target=\"_blank\">ISO 50001 Italy<\/a><\/li><\/ul><\/div><div class=\"certification k-list\"><div class=\"uvc-main-heading ult-responsive\"><span><\/span><h4>Others<\/h4><\/div><ul class=\"certification-list\"><li><a href=\"https:\/\/larderellogroup.com\/wp-content\/uploads\/2025\/04\/IT_002259-signed-EMAS-III.pdf\" target=\"_blank\">EMAS III - Eco Management Certificate<\/a><\/li><li><a href=\"https:\/\/larderellogroup.com\/wp-content\/uploads\/2025\/09\/Climate-Protection-Certificate-2024_SCL-Italia-SpA..pdf\" target=\"_blank\">PAMIRA - Climate Protection Certificate<\/a><\/li><li><a href=\"https:\/\/larderellogroup.com\/wp-content\/uploads\/2025\/07\/FSSC-22000-EN.pdf\" target=\"_blank\">FSSC 22000 ESSIOD Argentina<\/a><\/li><li><a href=\"https:\/\/larderellogroup.com\/wp-content\/uploads\/2025\/07\/quality.pdf\" target=\"_blank\">Quality Policy and Food Safety ESSIOD Argentina<\/a><\/li><li><a href=\"https:\/\/larderellogroup.com\/wp-content\/uploads\/2025\/07\/Environmental.pdf\" target=\"_blank\">Environmental Occupational Health and Safety Policy ESSIOD Argentina<\/a><\/li><\/ul><\/div><\/div><script>\n      jQuery(document).ready(function($) {\n        $(\".certification .uvc-main-heading\").click(function() {\n          $(this).parent().toggleClass(\"active\");\n        });\n      });\n    <\/script>[\/vc_column_text][\/vc_column][\/vc_row]<\/p>\n","protected":false},"excerpt":{"rendered":"<p>[vc_row full_width=\u00bbstretch_row\u00bb bg_type=\u00bbimage\u00bb parallax_style=\u00bbvcpb-default\u00bb bg_image_new=\u00bbid^3232|url^https:\/\/larderellogroup.com\/wp-content\/uploads\/2021\/03\/ethics.jpg|caption^null|alt^null|title^ethics|description^null\u00bb bg_image_repeat=\u00bbno-repeat\u00bb bg_override=\u00bbfull\u00bb css=\u00bb.vc_custom_1614763386322{padding-top: 140px !important;}\u00bb][vc_column][vc_column_text css_animation=\u00bbfadeInLeft\u00bb el_class=\u00bbhidden\u00bb] Larderello [\/vc_column_text][\/vc_column][\/vc_row][vc_row equal_height=\u00bbyes\u00bb css=\u00bb.vc_custom_1614765609992{padding-bottom: 50px !important;}\u00bb][vc_column width=\u00bb1\/2&#8243; el_class=\u00bbk-ma0&#8243;][vc_row_inner equal_height=\u00bbyes\u00bb content_placement=\u00bbmiddle\u00bb][vc_column_inner el_class=\u00bbwpb_animate_when_almost_visible wpb_fadeInDown fadeInDown head-border\u00bb width=\u00bb1\/6&#8243; offset=\u00bbvc_col-xs-2&#8243;][\/vc_column_inner][vc_column_inner width=\u00bb5\/6&#8243; offset=\u00bbvc_col-xs-10&#8243;][\/vc_column_inner][\/vc_row_inner][\/vc_column][vc_column width=\u00bb1\/2&#8243;][vc_row_inner css=\u00bb.vc_custom_1613991286926{padding-left: 50px !important;background-position: 0 0 !important;background-repeat: no-repeat !important;}\u00bb][vc_column_inner][vc_single_image image=\u00bb3214&#8243; img_size=\u00bbfull\u00bb image_hovers=\u00bbfalse\u00bb el_class=\u00bbk-bg-abs-left\u00bb][vc_single_image image=\u00bb3453&#8243; img_size=\u00bblarge\u00bb alignment=\u00bbright\u00bb css_animation=\u00bbappear\u00bb el_class=\u00bbk-zi-2&#8243;][\/vc_column_inner][\/vc_row_inner][\/vc_column][\/vc_row][vc_row][vc_column width=\u00bb1\/2&#8243;][vc_column_text el_class=\u00bbk-text-head\u00bb]Nuestra Visi\u00f3n Larderello Group\u00a0quiere ser reconocido&hellip;<\/p>\n","protected":false},"author":1,"featured_media":0,"parent":0,"menu_order":0,"comment_status":"closed","ping_status":"closed","template":"","meta":[],"acf":[],"_links":{"self":[{"href":"https:\/\/larderellogroup.com\/es\/wp-json\/wp\/v2\/pages\/3443"}],"collection":[{"href":"https:\/\/larderellogroup.com\/es\/wp-json\/wp\/v2\/pages"}],"about":[{"href":"https:\/\/larderellogroup.com\/es\/wp-json\/wp\/v2\/types\/page"}],"author":[{"embeddable":true,"href":"https:\/\/larderellogroup.com\/es\/wp-json\/wp\/v2\/users\/1"}],"replies":[{"embeddable":true,"href":"https:\/\/larderellogroup.com\/es\/wp-json\/wp\/v2\/comments?post=3443"}],"version-history":[{"count":61,"href":"https:\/\/larderellogroup.com\/es\/wp-json\/wp\/v2\/pages\/3443\/revisions"}],"predecessor-version":[{"id":4604,"href":"https:\/\/larderellogroup.com\/es\/wp-json\/wp\/v2\/pages\/3443\/revisions\/4604"}],"wp:attachment":[{"href":"https:\/\/larderellogroup.com\/es\/wp-json\/wp\/v2\/media?parent=3443"}],"curies":[{"name":"wp","href":"https:\/\/api.w.org\/{rel}","templated":true}]}}