{"id":3848,"date":"2022-02-17T07:49:13","date_gmt":"2022-02-17T07:49:13","guid":{"rendered":"https:\/\/larderellogroup.com\/sustainability\/"},"modified":"2026-02-12T13:46:31","modified_gmt":"2026-02-12T13:46:31","slug":"sustentable","status":"publish","type":"page","link":"https:\/\/larderellogroup.com\/es\/sustentable\/","title":{"rendered":"Sustentable"},"content":{"rendered":"<p>[vc_row full_width=\u00bbstretch_row\u00bb bg_type=\u00bbimage\u00bb parallax_style=\u00bbvcpb-default\u00bb bg_image_new=\u00bbid^3691|url^https:\/\/larderellogroup.com\/wp-content\/uploads\/2022\/02\/img-HEADER-LARDERELLO.jpg|caption^null|alt^null|title^img-HEADER-LARDERELLO|description^null\u00bb bg_image_repeat=\u00bbno-repeat\u00bb bg_override=\u00bbfull\u00bb css=\u00bb.vc_custom_1645001226990{padding-top: 140px !important;}\u00bb][vc_column][vc_column_text css_animation=\u00bbfadeInLeft\u00bb el_class=\u00bbhidden\u00bb]<\/p>\n<h2>Larderello<\/h2>\n<p>[\/vc_column_text]<div id=\"ultimate-heading-649769d0472280d3d\" class=\"uvc-heading ult-adjust-bottom-margin ultimate-heading-649769d0472280d3d uvc-9538 wpb_animate_when_almost_visible wpb_fadeInLeft fadeInLeft bg-white-h2\" data-hspacer=\"no_spacer\"  data-halign=\"left\" style=\"text-align:left\"><div class=\"uvc-heading-spacer no_spacer\" style=\"top\"><\/div><div class=\"uvc-main-heading ult-responsive\"  data-ultimate-target='.uvc-heading.ultimate-heading-649769d0472280d3d h2'  data-responsive-json-new='{\"font-size\":\"desktop:60px;tablet_portrait:50px;mobile_landscape:40px;mobile:30px;\",\"line-height\":\"desktop:60px;tablet_portrait:50px;mobile_landscape:40px;mobile:30px;\"}' ><h2 style=\"font-weight:bold;margin-bottom:120px;\">Sustentable<\/h2><\/div><\/div><style type=\"text\/css\" data-type=\"the7_shortcodes-inline-css\">.dt-breadcrumbs-id-56daad7971e4d138bac2111c3408f04c .breadcrumbs {\n  display: inline-block;\n  margin: 0;\n  padding: 20px 40px 0px 40px;\n  background: #ffffff;\n  border: 0px solid ;\n  border-radius: 0px;\n}\n.dt-breadcrumbs-id-56daad7971e4d138bac2111c3408f04c .breadcrumbs * {\n  font-size: 16px;\n  color: #a2a5a6;\n}\n<\/style><div class=\"dt-breadcrumbs-shortcode dt-breadcrumbs-id-56daad7971e4d138bac2111c3408f04c align-left\"><div class=\"assistive-text\">Est\u00e1s aqu\u00ed:<\/div><ol class=\"breadcrumbs text-small\" itemscope itemtype=\"https:\/\/schema.org\/BreadcrumbList\"><li itemprop=\"itemListElement\" itemscope itemtype=\"https:\/\/schema.org\/ListItem\"><a itemprop=\"item\" href=\"https:\/\/larderellogroup.com\/es\/\" title=\"\"><span itemprop=\"name\">Inicio<\/span><\/a><meta itemprop=\"position\" content=\"1\" \/><\/li><li class=\"current\" itemprop=\"itemListElement\" itemscope itemtype=\"https:\/\/schema.org\/ListItem\"><span itemprop=\"name\">P\u00e1gina<\/span><meta itemprop=\"position\" content=\"2\" \/><\/li><\/ol><\/div>[\/vc_column][\/vc_row][vc_row equal_height=\u00bbyes\u00bb css=\u00bb.vc_custom_1645002107066{padding-bottom: 50px !important;}\u00bb][vc_column width=\u00bb1\/3&#8243; el_class=\u00bbk-ma0&#8243;][vc_row_inner equal_height=\u00bbyes\u00bb content_placement=\u00bbmiddle\u00bb][vc_column_inner el_class=\u00bbwpb_animate_when_almost_visible wpb_fadeInDown fadeInDown head-border\u00bb width=\u00bb1\/6&#8243; offset=\u00bbvc_col-xs-2&#8243;][\/vc_column_inner][vc_column_inner width=\u00bb5\/6&#8243; offset=\u00bbvc_col-xs-10&#8243;]<div id=\"ultimate-heading-356669d047228119c\" class=\"uvc-heading ult-adjust-bottom-margin ultimate-heading-356669d047228119c uvc-6770 wpb_animate_when_almost_visible wpb_fadeInLeft fadeInLeft k-top-spacing uvc-heading-default-font-sizes\" data-hspacer=\"no_spacer\"  data-halign=\"left\" style=\"text-align:left\"><div class=\"uvc-heading-spacer no_spacer\" style=\"top\"><\/div><div class=\"uvc-main-heading ult-responsive\"  data-ultimate-target='.uvc-heading.ultimate-heading-356669d047228119c h4'  data-responsive-json-new='{\"font-size\":\"\",\"line-height\":\"\"}' ><h4 style=\"--font-weight:theme;margin-top:20px;\">Sustentable<\/h4><\/div><div class=\"uvc-sub-heading ult-responsive\"  data-ultimate-target='.uvc-heading.ultimate-heading-356669d047228119c .uvc-sub-heading '  data-responsive-json-new='{\"font-size\":\"desktop:32px;mobile_landscape:20px;\",\"line-height\":\"desktop:44px;mobile_landscape:30px;\"}'  style=\"font-weight:bold;margin-bottom:20px;\">La innovaci\u00f3n<br \/>\nverde es el centro<br \/>\nde nuestro trabajo diario<\/div><\/div>[\/vc_column_inner][\/vc_row_inner][\/vc_column][vc_column width=\u00bb2\/3&#8243;][vc_empty_space height=\u00bb80px\u00bb el_class=\u00bbhidden-sm\u00bb][vc_column_text css_animation=\u00bbfadeIn\u00bb el_class=\u00bbk-text-head\u00bb]<\/p>\n<p style=\"text-align: left;\"><strong>Nuestro objetivo: Crear una nueva era de cero emisiones para conseguir un mundo mejor para todos.<\/strong><\/p>\n<p style=\"text-align: left;\">La Tierra se est\u00e1 calentando. El calentamiento global provoca cambios clim\u00e1ticos que son demasiado riesgosos para todos. Durante la cumbre mundial COP26 se revisaron los principales objetivos de la Agenda 2030\u00a0para hacer frente a los desaf\u00edos clim\u00e1ticos, alcanz\u00e1ndolos a trav\u00e9s de las acciones que cada actor debe gestionar.<\/p>\n<p>[\/vc_column_text][\/vc_column][\/vc_row][vc_row][vc_column][vc_column_text]<\/p>\n<h3 class=\"grey-text\"><strong>Nuestro objetivo es la constante creaci\u00f3n de valores agregados y oportunidades al conectar nuestra empresa con los lugares donde operamos y al cuidar el medio ambiente donde vivimos.<\/strong><\/h3>\n<p>[\/vc_column_text][\/vc_column][\/vc_row][vc_row equal_height=\u00bbyes\u00bb css=\u00bb.vc_custom_1645004404919{padding-bottom: 50px !important;}\u00bb][vc_column width=\u00bb1\/2&#8243; css=\u00bb.vc_custom_1645544269307{padding-top: 20px !important;}\u00bb][vc_column_text css=\u00bb.vc_custom_1645656845785{margin-bottom: 10px !important;}\u00bb]En nuestra \u00e1rea de producci\u00f3n utilizamos elementos abundantes y generalizados de la naturaleza para asegurar soluciones sustentables innovadoras generadas a trav\u00e9s de la energ\u00eda verde. El calor de la tierra nos acompa\u00f1a en cada actividad al reducir dr\u00e1sticamente los niveles de emisiones de CO<sub>2<\/sub>, mientras que la captaci\u00f3n de agua de lluvia contribuye a reducir el desperdicio de recursos naturales durante los procesos de producci\u00f3n.<br \/>\nA trav\u00e9s de esa gesti\u00f3n virtuosa de todos los procesos industriales, somos cada vez m\u00e1s independientes de cualquier otra fuente importante, como el agotamiento de energ\u00edas dependientes de pa\u00edses extranjeros, que podr\u00eda limitar nuestro desarrollo. Con la energ\u00eda renovable, ayudamos a disminuir la prevalencia de contaminantes da\u00f1inos y contribuimos a tener un ambiente m\u00e1s saludable en general.[\/vc_column_text][vc_row_inner equal_height=\u00bbyes\u00bb content_placement=\u00bbmiddle\u00bb][vc_column_inner width=\u00bb1\/4&#8243;][vc_single_image image=\u00bb3844&#8243;][\/vc_column_inner][vc_column_inner width=\u00bb3\/4&#8243; css=\u00bb.vc_custom_1645545343943{padding-left: 0px !important;}\u00bb]<div id=\"ultimate-heading-937869d04722811d4\" class=\"uvc-heading ult-adjust-bottom-margin ultimate-heading-937869d04722811d4 uvc-7240  uvc-heading-default-font-sizes\" data-hspacer=\"no_spacer\"  data-halign=\"left\" style=\"text-align:left\"><div class=\"uvc-heading-spacer no_spacer\" style=\"top\"><\/div><div class=\"uvc-sub-heading ult-responsive\"  data-ultimate-target='.uvc-heading.ultimate-heading-937869d04722811d4 .uvc-sub-heading '  data-responsive-json-new='{\"font-size\":\"desktop:8px;\",\"line-height\":\"desktop:9px;\"}'  style=\"font-weight:normal;\">Respetamos el medio ambiente utilizando<br \/>\n\u00fanicamente energ\u00eda producida a partir de fuentes<br \/>\nrenovables como el agua, el sol, el viento<br \/>\ny el calor de la tierra, certificadas por el<br \/>\nsistema de \u201cgarant\u00edas de origen\u201d del proveedor de<br \/>\nservicios energ\u00e9ticos, seg\u00fan la directiva 2009\/28\/CE.<\/div><\/div>[\/vc_column_inner][\/vc_row_inner][\/vc_column][vc_column width=\u00bb1\/2&#8243;][vc_row_inner css=\u00bb.vc_custom_1645083909571{padding-left: 50px !important;}\u00bb][vc_column_inner css=\u00bb.vc_custom_1645084096272{padding-top: 35px !important;}\u00bb][vc_single_image image=\u00bb3214&#8243; img_size=\u00bbfull\u00bb image_hovers=\u00bbfalse\u00bb el_class=\u00bbk-bg-abs-left\u00bb][vc_single_image image=\u00bb3723&#8243; img_size=\u00bblarge\u00bb alignment=\u00bbright\u00bb css_animation=\u00bbappear\u00bb el_class=\u00bbk-zi-2&#8243;][\/vc_column_inner][\/vc_row_inner][\/vc_column][\/vc_row][vc_row equal_height=\u00bbyes\u00bb content_placement=\u00bbmiddle\u00bb css=\u00bb.vc_custom_1645111951567{padding-bottom: 20px !important;}\u00bb][vc_column width=\u00bb1\/2&#8243;][vc_row_inner css=\u00bb.vc_custom_1645004346842{padding-left: 50px !important;}\u00bb][vc_column_inner css=\u00bb.vc_custom_1645104018181{padding-top: 35px !important;}\u00bb][vc_single_image image=\u00bb3214&#8243; img_size=\u00bbfull\u00bb image_hovers=\u00bbfalse\u00bb el_class=\u00bbk-bg-abs-left\u00bb][vc_single_image image=\u00bb3745&#8243; img_size=\u00bblarge\u00bb alignment=\u00bbright\u00bb css_animation=\u00bbappear\u00bb el_class=\u00bbk-zi-2&#8243;][\/vc_column_inner][\/vc_row_inner][\/vc_column][vc_column width=\u00bb1\/2&#8243; css=\u00bb.vc_custom_1645026575378{padding-top: 20px !important;}\u00bb][vc_column_text]Cambiamos nuestra forma de movilidad al adoptar soluciones el\u00e9ctricas capaces de reducir a\u00fan m\u00e1s la contaminaci\u00f3n.<br \/>\nEsta tecnolog\u00eda est\u00e1 en constante evoluci\u00f3n, al hacer cada vez m\u00e1s eficiente la movilidad el\u00e9ctrica y al crear nuevos usos para la misma. Al no tener motores de combusti\u00f3n, los veh\u00edculos el\u00e9ctricos evitan la emisi\u00f3n de toneladas de gases de efecto invernadero, lo que a su vez, ayuda a combatir los efectos del cambio clim\u00e1tico.<br \/>\n[\/vc_column_text][\/vc_column][\/vc_row][vc_row][vc_column width=\u00bb1\/2&#8243;][vc_single_image image=\u00bb3754&#8243; img_size=\u00bbmedium\u00bb][vc_column_text]Prestamos especial atenci\u00f3n a la responsabilidad social al dar nuevas oportunidades a las personas y al potenciar las relaciones positivas. Los proyectos se toman en consideraci\u00f3n y se aplican de forma regular en los territorios donde operamos.<br \/>\nLas relaciones con algunos socios son activas para explotar todo el potencial en la integraci\u00f3n del entorno social a un bienestar com\u00fan. Construimos una comunidad entre las partes interesadas y la confianza del mercado en nosotros. Nuestra atenci\u00f3n al territorio no solo tiene ventajas para a la propia empresa, sino que tambi\u00e9n beneficia a la comunidad y a la sociedad en general [\/vc_column_text][\/vc_column][vc_column width=\u00bb1\/2&#8243; css=\u00bb.vc_custom_1645105966893{padding-top: 50px !important;}\u00bb][vc_row_inner css=\u00bb.vc_custom_1645004346842{padding-left: 50px !important;}\u00bb][vc_column_inner css=\u00bb.vc_custom_1645106298570{padding-bottom: 12px !important;}\u00bb][vc_single_image image=\u00bb3214&#8243; img_size=\u00bbfull\u00bb alignment=\u00bbright\u00bb image_hovers=\u00bbfalse\u00bb el_class=\u00bbk-bg-abs-bottom-right\u00bb][vc_single_image image=\u00bb3757&#8243; img_size=\u00bblarge\u00bb css_animation=\u00bbappear\u00bb el_class=\u00bbk-zi-2&#8243;][\/vc_column_inner][\/vc_row_inner][\/vc_column][\/vc_row][vc_row equal_height=\u00bbyes\u00bb content_placement=\u00bbmiddle\u00bb css=\u00bb.vc_custom_1645111951567{padding-bottom: 20px !important;}\u00bb][vc_column width=\u00bb1\/2&#8243;][vc_row_inner css=\u00bb.vc_custom_1645004346842{padding-left: 50px !important;}\u00bb][vc_column_inner css=\u00bb.vc_custom_1645104018181{padding-top: 35px !important;}\u00bb][vc_single_image image=\u00bb4497&#8243; img_size=\u00bblarge\u00bb css_animation=\u00bbappear\u00bb el_class=\u00bbk-zi-2&#8243;][\/vc_column_inner][\/vc_row_inner][\/vc_column][vc_column width=\u00bb1\/2&#8243; css=\u00bb.vc_custom_1645026575378{padding-top: 20px !important;}\u00bb][vc_column_text]<strong>Preservaci\u00f3n del Patrimonio Cultural<br \/>\n<\/strong>Apoyamos al <strong><a href=\"http:\/\/www.fondoambiente.it\">FAI<\/a>, a trav\u00e9s de nuestra adhesi\u00f3n al programa de membres\u00eda Corporate Golden Donor<\/strong>, para contribuir a la protecci\u00f3n y promoci\u00f3n del patrimonio hist\u00f3rico, art\u00edstico y paisaj\u00edstico de Italia. Este compromiso refleja nuestro enfoque amplio de la sostenibilidad: preservar lo que nos rodea significa proteger los recursos para las generaciones futuras. A trav\u00e9s de iniciativas concretas y de la colaboraci\u00f3n con el <a href=\"http:\/\/www.fondoambiente.it\">FAI<\/a>, participamos activamente en la conservaci\u00f3n de lugares de valor hist\u00f3rico y ambiental, promoviendo una cultura de responsabilidad y cuidado compartido.[\/vc_column_text][\/vc_column][\/vc_row][vc_row equal_height=\u00bbyes\u00bb content_placement=\u00bbmiddle\u00bb css=\u00bb.vc_custom_1645111951567{padding-bottom: 20px !important;}\u00bb][vc_column width=\u00bb1\/2&#8243;][vc_row_inner css=\u00bb.vc_custom_1645004346842{padding-left: 50px !important;}\u00bb][vc_column_inner css=\u00bb.vc_custom_1645104018181{padding-top: 35px !important;}\u00bb][vc_single_image image=\u00bb4494&#8243; img_size=\u00bblarge\u00bb css_animation=\u00bbappear\u00bb el_class=\u00bbk-zi-2&#8243;][\/vc_column_inner][\/vc_row_inner][\/vc_column][vc_column width=\u00bb1\/2&#8243; css=\u00bb.vc_custom_1645026575378{padding-top: 20px !important;}\u00bb][vc_column_text]<strong>Apoyo a la Investigaci\u00f3n en Salud<\/strong><br \/>\nNuestro compromiso con la innovaci\u00f3n va m\u00e1s all\u00e1 de I+D industrial: apoyamos activamente a <a href=\"https:\/\/www.fondazionetelethon.it\/en\/\"><strong>Telethon<\/strong><\/a>, contribuyendo a proyectos de investigaci\u00f3n cient\u00edfica dedicados al avance de la salud y a la mejora de la calidad de vida. Este compromiso tambi\u00e9n refleja la filosof\u00eda de nuestro centro de investigaci\u00f3n, donde desarrollamos soluciones innovadoras y sostenibles que generan un impacto positivo en la sociedad.[\/vc_column_text][\/vc_column][\/vc_row][vc_row equal_height=\u00bbyes\u00bb content_placement=\u00bbmiddle\u00bb css=\u00bb.vc_custom_1645111951567{padding-bottom: 20px !important;}\u00bb][vc_column width=\u00bb1\/2&#8243;][vc_row_inner css=\u00bb.vc_custom_1645004346842{padding-left: 50px !important;}\u00bb][vc_column_inner css=\u00bb.vc_custom_1645104018181{padding-top: 35px !important;}\u00bb][vc_single_image image=\u00bb4446&#8243; img_size=\u00bblarge\u00bb css_animation=\u00bbappear\u00bb el_class=\u00bbk-zi-2&#8243;][\/vc_column_inner][\/vc_row_inner][\/vc_column][vc_column width=\u00bb1\/2&#8243; css=\u00bb.vc_custom_1645026575378{padding-top: 20px !important;}\u00bb][vc_column_text]<strong>Larderello Group obtiene la medalla de plata de EcoVadis por su destacado desempe\u00f1o en ESG<\/strong><br \/>\nLa sostenibilidad de nuestras pr\u00e1cticas ha sido reconocida de manera independiente por <a href=\"https:\/\/ecovadis.com\/\"><strong>EcoVadis<\/strong><\/a> con la <strong>Medalla de Plata<\/strong>, posicionando a Larderello Group y a <a class=\"link-no-color\" href=\"https:\/\/recognition.ecovadis.com\/axhptTNksE65w1diAnNN_w\" target=\"_blank\" rel=\"noopener\">SCL Italia Spa<\/a> entre las principales empresas a nivel mundial evaluadas por su desempe\u00f1o ambiental, social y de gobernanza. Este resultado refleja la coherencia de nuestras estrategias a largo plazo en la reducci\u00f3n del impacto ambiental, la promoci\u00f3n de una conducta empresarial responsable y la integraci\u00f3n de la sostenibilidad en todas las etapas de nuestras operaciones.[\/vc_column_text][\/vc_column][\/vc_row][vc_row css=\u00bb.vc_custom_1645008792978{padding-top: 30px !important;padding-bottom: 30px !important;}\u00bb][vc_column][vc_column_text]Reducir la dependencia de los combustibles f\u00f3siles, disminuir el impacto del aumento de los costos y mejorar la reputaci\u00f3n de nuestra empresa como una organizaci\u00f3n socialmente responsable, nos mueve para contribuir a alcanzar los objetivos globales contra el cambio clim\u00e1tico.<br \/>\n[\/vc_column_text][\/vc_column][\/vc_row][vc_row][vc_column][vc_column_text el_class=\u00bborangetitle\u00bb]Sustentabilidad ambiental, sustentabilidad econ\u00f3mica y sustentabilidad social se superponen para construir una acci\u00f3n com\u00fan: nuestro desarrollo sustentable sin fin.<br \/>\n[\/vc_column_text][\/vc_column][\/vc_row][vc_row full_width=\u00bbstretch_row\u00bb css=\u00bb.vc_custom_1713446308148{background-color: #e5e1da !important;}\u00bb][vc_column][vc_row_inner equal_height=\u00bbyes\u00bb content_placement=\u00bbmiddle\u00bb][vc_column_inner el_class=\u00bbwpb_animate_when_almost_visible wpb_fadeInDown fadeInDown head-border\u00bb width=\u00bb1\/6&#8243; offset=\u00bbvc_col-xs-2&#8243;][\/vc_column_inner][vc_column_inner width=\u00bb5\/6&#8243; offset=\u00bbvc_col-xs-10&#8243;]<div id=\"ultimate-heading-310569d047228120c\" class=\"uvc-heading ult-adjust-bottom-margin ultimate-heading-310569d047228120c uvc-6139 wpb_animate_when_almost_visible wpb_fadeInLeft fadeInLeft k-top-spacing uvc-heading-default-font-sizes\" data-hspacer=\"no_spacer\"  data-halign=\"left\" style=\"text-align:left\"><div class=\"uvc-heading-spacer no_spacer\" style=\"top\"><\/div><div class=\"uvc-sub-heading ult-responsive\"  data-ultimate-target='.uvc-heading.ultimate-heading-310569d047228120c .uvc-sub-heading '  data-responsive-json-new='{\"font-size\":\"desktop:32px;mobile_landscape:20px;\",\"line-height\":\"desktop:44px;mobile_landscape:30px;\"}'  style=\"font-weight:bold;margin-bottom:20px;\">REPORTE DE SOSTENIBILIDAD<\/div><\/div>[\/vc_column_inner][\/vc_row_inner][vc_empty_space height=\u00bb80px\u00bb el_class=\u00bbhidden-sm\u00bb][vc_column_text]Cuando un grupo industrial lleva m\u00e1s de 200 a\u00f1os consecutivos operando a nivel internacional, es casi natural concluir que, con el paso del tiempo, la sostenibilidad ha sido una herramienta fundamental en su proceso de creaci\u00f3n de valor.<\/p>\n<p>El \u00fanico factor que ha garantizado la competitividad del Grupo, a largo plazo, es su capacidad para conciliar los intereses de empleados y accionistas para una respuesta eficaz a la evoluci\u00f3n de las necesidades de los clientes, las necesidades de las comunidades locales y las exigencias siempre cambiantes de los legisladores.<\/p>\n<p>Este informe de sostenibilidad, que ilustra la visi\u00f3n rectora de nuestra senda de crecimiento continuo, en la que la creaci\u00f3n de valor se fusiona con un fuerte sentido de la responsabilidad social y la conservaci\u00f3n del medio ambiente, es otro paso importante en el camino emprendido por nuestro Grupo.<\/p>\n<p>Un Grupo formado por personas con una s\u00f3lida trayectoria, con la mirada siempre puesta en el futuro, que nunca se duermen en los laureles, queriendo dejar huella, sobre todo para las futuras generaciones.<\/p>\n<p>&nbsp;<\/p>\n<p><a href=\"https:\/\/larderellogroup.com\/wp-content\/uploads\/2026\/02\/bilancio-2024-web-INGLESE.pdf\">Download PDF<\/a>[\/vc_column_text][vc_column_text]<div class=\"_3d-flip-book  fb3d-fullscreen-mode full-size\" data-id=\"4093\" data-mode=\"fullscreen\" data-title=\"false\" data-template=\"short-white-book-view\" data-lightbox=\"dark-shadow\" data-urlparam=\"fb3d-page\" data-page-n=\"0\" data-pdf=\"\" data-tax=\"null\" data-thumbnail=\"\" data-cols=\"3\" data-book-template=\"default\" style=\"height:700px;\"><\/div><script type=\"text\/javascript\">window.FB3D_CLIENT_DATA = window.FB3D_CLIENT_DATA || [];window.FB3D_CLIENT_DATA.push('eyJwb3N0cyI6eyI0MDkzIjp7IklEIjo0MDkzLCJ0aXRsZSI6IlN1c3RhaW5hYmlsaXR5IHJlcG9ydCIsInR5cGUiOiJwZGYiLCJyZWFkeV9mdW5jdGlvbiI6IiIsImJvb2tfc3R5bGUiOiJmbGF0IiwiYm9va190ZW1wbGF0ZSI6Im5vbmUiLCJvdXRsaW5lIjpbXSwiZGF0YSI6eyJwb3N0X0lEIjoiLTEiLCJndWlkIjoiaHR0cHM6XC9cL2xhcmRlcmVsbG9ncm91cC5jb21cL3dwLWNvbnRlbnRcL3VwbG9hZHNcLzIwMjZcLzAyXC9iaWxhbmNpby0yMDI0LXdlYi1JTkdMRVNFLXNpbmdvbGEucGRmIiwicGRmX3BhZ2VzIjoiMTM4IiwicGFnZXNfY3VzdG9taXphdGlvbiI6Im5vbmUifSwidGh1bWJuYWlsIjp7ImRhdGEiOnsicG9zdF9JRCI6IjAifSwidHlwZSI6ImF1dG8ifSwicHJvcHMiOnsiYmFja2dyb3VuZENvbG9yIjoiYXV0byIsImJhY2tncm91bmRJbWFnZSI6ImF1dG8iLCJiYWNrZ3JvdW5kU3R5bGUiOiJhdXRvIiwiaGlnaGxpZ2h0TGlua3MiOiJhdXRvIiwibGlnaHRpbmciOiJhdXRvIiwiY2FjaGVkUGFnZXMiOiJhdXRvIiwicmVuZGVySW5hY3RpdmVQYWdlcyI6ImF1dG8iLCJyZW5kZXJJbmFjdGl2ZVBhZ2VzT25Nb2JpbGUiOiJhdXRvIiwicmVuZGVyV2hpbGVGbGlwcGluZyI6ImF1dG8iLCJwcmVsb2FkUGFnZXMiOiJhdXRvIiwiYXV0b1BsYXlEdXJhdGlvbiI6ImF1dG8iLCJydGwiOiJhdXRvIiwiaW50ZXJhY3RpdmVDb3JuZXJzIjoiYXV0byIsIm1heERlcHRoIjoiYXV0byIsInNoZWV0Ijp7InN0YXJ0VmVsb2NpdHkiOiJhdXRvIiwid2F2ZSI6ImF1dG8iLCJzaGFwZSI6ImF1dG8iLCJ3aWR0aFRleGVscyI6ImF1dG8iLCJjb2xvciI6ImF1dG8iLCJzaWRlIjoiYXV0byIsImNvcm5lckRldmlhdGlvbiI6ImF1dG8iLCJmbGV4aWJpbGl0eSI6ImF1dG8iLCJmbGV4aWJsZUNvcm5lciI6ImF1dG8iLCJiZW5kaW5nIjoiYXV0byIsImhlaWdodFRleGVscyI6ImF1dG8ifSwiY292ZXIiOnsid2F2ZSI6ImF1dG8iLCJjb2xvciI6ImF1dG8iLCJzaWRlIjoiYXV0byIsImJpbmRlclRleHR1cmUiOiJhdXRvIiwiZGVwdGgiOiJhdXRvIiwicGFkZGluZyI6ImF1dG8iLCJzdGFydFZlbG9jaXR5IjoiYXV0byIsImZsZXhpYmlsaXR5IjoiYXV0byIsImZsZXhpYmxlQ29ybmVyIjoiYXV0byIsImJlbmRpbmciOiJhdXRvIiwid2lkdGhUZXhlbHMiOiJhdXRvIiwiaGVpZ2h0VGV4ZWxzIjoiYXV0byIsIm1hc3MiOiJhdXRvIiwic2hhcGUiOiJhdXRvIn0sInBhZ2UiOnsid2F2ZSI6ImF1dG8iLCJjb2xvciI6ImF1dG8iLCJzaWRlIjoiYXV0byIsImRlcHRoIjoiYXV0byIsInN0YXJ0VmVsb2NpdHkiOiJhdXRvIiwiZmxleGliaWxpdHkiOiJhdXRvIiwiZmxleGlibGVDb3JuZXIiOiJhdXRvIiwiYmVuZGluZyI6ImF1dG8iLCJ3aWR0aFRleGVscyI6ImF1dG8iLCJoZWlnaHRUZXhlbHMiOiJhdXRvIiwibWFzcyI6ImF1dG8iLCJzaGFwZSI6ImF1dG8ifSwiaGVpZ2h0IjoiYXV0byIsIndpZHRoIjoiYXV0byIsImdyYXZpdHkiOiJhdXRvIiwicGFnZXNGb3JQcmVkaWN0aW5nIjoiYXV0byJ9LCJjb250cm9sUHJvcHMiOnsiYWN0aW9ucyI6eyJjbWRUb2MiOnsiZW5hYmxlZCI6ImF1dG8iLCJlbmFibGVkSW5OYXJyb3ciOiJhdXRvIiwiYWN0aXZlIjoiYXV0byIsImRlZmF1bHRUYWIiOiJhdXRvIn0sImNtZEF1dG9QbGF5Ijp7ImVuYWJsZWQiOiJhdXRvIiwiZW5hYmxlZEluTmFycm93IjoiYXV0byIsImFjdGl2ZSI6ImF1dG8ifSwiY21kU2F2ZSI6eyJlbmFibGVkIjoiYXV0byIsImVuYWJsZWRJbk5hcnJvdyI6ImF1dG8ifSwiY21kUHJpbnQiOnsiZW5hYmxlZCI6ImF1dG8iLCJlbmFibGVkSW5OYXJyb3ciOiJhdXRvIn0sImNtZFNpbmdsZVBhZ2UiOnsiZW5hYmxlZCI6ImF1dG8iLCJlbmFibGVkSW5OYXJyb3ciOiJhdXRvIiwiYWN0aXZlIjoiYXV0byIsImFjdGl2ZUZvck1vYmlsZSI6ImF1dG8ifSwid2lkVG9vbGJhciI6eyJlbmFibGVkIjoiYXV0byIsImVuYWJsZWRJbk5hcnJvdyI6ImF1dG8ifX19LCJhdXRvVGh1bWJuYWlsIjoiaHR0cHM6XC9cL2xhcmRlcmVsbG9ncm91cC5jb21cL3dwLWNvbnRlbnRcL3VwbG9hZHNcLzNkLWZsaXAtYm9va1wvYXV0by10aHVtYm5haWxzXC80MDkzLnBuZyIsInBvc3RfbmFtZSI6InN1c3RhaW5hYmlsaXR5LXJlcG9ydCIsInBvc3RfdHlwZSI6IjNkLWZsaXAtYm9vayJ9fSwicGFnZXMiOltdLCJmaXJzdFBhZ2VzIjpbXX0=');window.FB3D_CLIENT_LOCALE && window.FB3D_CLIENT_LOCALE.render();<\/script>[\/vc_column_text][\/vc_column][\/vc_row]<\/p>\n","protected":false},"excerpt":{"rendered":"<p>[vc_row full_width=\u00bbstretch_row\u00bb bg_type=\u00bbimage\u00bb parallax_style=\u00bbvcpb-default\u00bb bg_image_new=\u00bbid^3691|url^https:\/\/larderellogroup.com\/wp-content\/uploads\/2022\/02\/img-HEADER-LARDERELLO.jpg|caption^null|alt^null|title^img-HEADER-LARDERELLO|description^null\u00bb bg_image_repeat=\u00bbno-repeat\u00bb bg_override=\u00bbfull\u00bb css=\u00bb.vc_custom_1645001226990{padding-top: 140px !important;}\u00bb][vc_column][vc_column_text css_animation=\u00bbfadeInLeft\u00bb el_class=\u00bbhidden\u00bb] Larderello [\/vc_column_text][\/vc_column][\/vc_row][vc_row equal_height=\u00bbyes\u00bb css=\u00bb.vc_custom_1645002107066{padding-bottom: 50px !important;}\u00bb][vc_column width=\u00bb1\/3&#8243; el_class=\u00bbk-ma0&#8243;][vc_row_inner equal_height=\u00bbyes\u00bb content_placement=\u00bbmiddle\u00bb][vc_column_inner el_class=\u00bbwpb_animate_when_almost_visible wpb_fadeInDown fadeInDown head-border\u00bb width=\u00bb1\/6&#8243; offset=\u00bbvc_col-xs-2&#8243;][\/vc_column_inner][vc_column_inner width=\u00bb5\/6&#8243; offset=\u00bbvc_col-xs-10&#8243;][\/vc_column_inner][\/vc_row_inner][\/vc_column][vc_column width=\u00bb2\/3&#8243;][vc_empty_space height=\u00bb80px\u00bb el_class=\u00bbhidden-sm\u00bb][vc_column_text css_animation=\u00bbfadeIn\u00bb el_class=\u00bbk-text-head\u00bb] Nuestro objetivo: Crear una nueva era de cero emisiones para conseguir un mundo mejor para todos. La Tierra se est\u00e1&hellip;<\/p>\n","protected":false},"author":1,"featured_media":0,"parent":0,"menu_order":0,"comment_status":"closed","ping_status":"closed","template":"","meta":[],"acf":[],"_links":{"self":[{"href":"https:\/\/larderellogroup.com\/es\/wp-json\/wp\/v2\/pages\/3848"}],"collection":[{"href":"https:\/\/larderellogroup.com\/es\/wp-json\/wp\/v2\/pages"}],"about":[{"href":"https:\/\/larderellogroup.com\/es\/wp-json\/wp\/v2\/types\/page"}],"author":[{"embeddable":true,"href":"https:\/\/larderellogroup.com\/es\/wp-json\/wp\/v2\/users\/1"}],"replies":[{"embeddable":true,"href":"https:\/\/larderellogroup.com\/es\/wp-json\/wp\/v2\/comments?post=3848"}],"version-history":[{"count":20,"href":"https:\/\/larderellogroup.com\/es\/wp-json\/wp\/v2\/pages\/3848\/revisions"}],"predecessor-version":[{"id":4557,"href":"https:\/\/larderellogroup.com\/es\/wp-json\/wp\/v2\/pages\/3848\/revisions\/4557"}],"wp:attachment":[{"href":"https:\/\/larderellogroup.com\/es\/wp-json\/wp\/v2\/media?parent=3848"}],"curies":[{"name":"wp","href":"https:\/\/api.w.org\/{rel}","templated":true}]}}