{"id":3474,"date":"2019-12-10T20:12:59","date_gmt":"2019-12-10T20:12:59","guid":{"rendered":"https:\/\/larderellogroup.com\/home-2\/"},"modified":"2026-02-18T15:24:16","modified_gmt":"2026-02-18T15:24:16","slug":"home-2","status":"publish","type":"page","link":"https:\/\/larderellogroup.com\/pt-br\/","title":{"rendered":"Home"},"content":{"rendered":"<p>[vc_row full_width=&#8221;stretch_row&#8221; css_animation=&#8221;none&#8221; bg_type=&#8221;image&#8221; parallax_style=&#8221;vcpb-default&#8221; bg_image_new=&#8221;id^3234|url^https:\/\/larderellogroup.com\/wp-content\/uploads\/2021\/03\/home.png|caption^null|alt^null|title^home|description^null&#8221; bg_image_repeat=&#8221;no-repeat&#8221; bg_override=&#8221;full&#8221; css=&#8221;.vc_custom_1617271169081{padding-bottom: 80px !important;}&#8221; el_class=&#8221;k-mobile-full&#8221;][vc_column offset=&#8221;vc_col-lg-offset-0 vc_col-lg-12 vc_col-md-offset-0 vc_col-md-12 vc_col-sm-offset-0 vc_col-xs-12&#8243; css=&#8221;.vc_custom_1613669330964{padding-top: 100px !important;}&#8221;]<div id=\"ultimate-heading-396469ec840800ac1\" class=\"uvc-heading ult-adjust-bottom-margin ultimate-heading-396469ec840800ac1 uvc-8369 wpb_animate_when_almost_visible wpb_fadeInLeft fadeInLeft bg-white-p\" data-hspacer=\"no_spacer\"  data-halign=\"center\" style=\"text-align:center\"><div class=\"uvc-heading-spacer no_spacer\" style=\"top\"><\/div><div class=\"uvc-sub-heading ult-responsive\"  data-ultimate-target='.uvc-heading.ultimate-heading-396469ec840800ac1 .uvc-sub-heading '  data-responsive-json-new='{\"font-size\":\"desktop:60px;tablet_portrait:50px;mobile_landscape:40px;mobile:30px;\",\"line-height\":\"desktop:60px;tablet_portrait:50px;mobile_landscape:40px;mobile:30px;\"}'  style=\"font-weight:bold;color:#0a0a0a;margin-bottom:40px;\"><\/p>\n<p style=\"text-align: left;\">Tradi\u00e7\u00e3o italiana,<\/p>\n<p style=\"text-align: left;\">horizontes globais.<\/p>\n<p style=\"text-align: left;\">Desde 1818.<\/p>\n<p><\/div><\/div>[\/vc_column][\/vc_row][vc_row full_width=&#8221;stretch_row&#8221; content_placement=&#8221;middle&#8221; bg_type=&#8221;bg_color&#8221; css=&#8221;.vc_custom_1617269160293{background-color: #f5f5f5 !important;}&#8221; bg_color_value=&#8221;#eb6417&#8243;][vc_column css=&#8221;.vc_custom_1617269140116{padding-top: 0px !important;}&#8221;]<div id=\"ultimate-heading-137869ec840800b04\" class=\"uvc-heading ult-adjust-bottom-margin ultimate-heading-137869ec840800b04 uvc-998 k-w80\" data-hspacer=\"no_spacer\"  data-halign=\"center\" style=\"text-align:center\"><div class=\"uvc-heading-spacer no_spacer\" style=\"top\"><\/div><div class=\"uvc-sub-heading ult-responsive\"  data-ultimate-target='.uvc-heading.ultimate-heading-137869ec840800b04 .uvc-sub-heading '  data-responsive-json-new='{\"font-size\":\"desktop:50px;tablet_portrait:40px;mobile_landscape:30px;mobile:20px;\",\"line-height\":\"desktop:60px;tablet_portrait:50px;mobile_landscape:40px;mobile:30px;\"}'  style=\"font-weight:normal;color:#ffffff;\"><\/p>\n<p style=\"text-align: center;\">Uma hist\u00f3ria de conhecimento, qualidade, inova\u00e7\u00e3o e um compromisso constante com pesquisa inovadora.<\/p>\n<p><\/div><\/div>[\/vc_column][\/vc_row][vc_row full_width=&#8221;stretch_row&#8221; css=&#8221;.vc_custom_1617269219662{padding-top: 10px !important;padding-bottom: 10px !important;background-color: #efebe5 !important;}&#8221;][vc_column]<div id=\"ultimate-heading-133169ec840800b2d\" class=\"uvc-heading ult-adjust-bottom-margin ultimate-heading-133169ec840800b2d uvc-3482 k-top-spacing uvc-heading-default-font-sizes\" data-hspacer=\"no_spacer\"  data-halign=\"center\" style=\"text-align:center\"><div class=\"uvc-heading-spacer no_spacer\" style=\"top\"><\/div><div class=\"uvc-main-heading ult-responsive\"  data-ultimate-target='.uvc-heading.ultimate-heading-133169ec840800b2d h4'  data-responsive-json-new='{\"font-size\":\"\",\"line-height\":\"\"}' ><h4 style=\"--font-weight:theme;\">Divis\u00f5es<\/h4><\/div><div class=\"uvc-sub-heading ult-responsive\"  data-ultimate-target='.uvc-heading.ultimate-heading-133169ec840800b2d .uvc-sub-heading '  data-responsive-json-new='{\"font-size\":\"desktop:42px;mobile_landscape:32px;\",\"line-height\":\"desktop:54px;mobile_landscape:40px;\"}'  style=\"font-weight:bold;\">Antecipando o futuro<\/div><\/div>[\/vc_column][vc_column width=&#8221;1\/2&#8243;][vc_row_inner][vc_column_inner][vc_column_text]<a href=\"https:\/\/www.fertiglobal.com\/\"><img loading=\"lazy\" class=\"alignnone wp-image-3225\" src=\"https:\/\/larderellogroup.com\/wp-content\/uploads\/2021\/03\/FERTIGLOBAL.png\" alt=\"\" width=\"298\" height=\"100\" \/><\/a><\/p>\n<p>Com o objetivo de enfrentar os desafios da <strong>agricultura sustent\u00e1vel<\/strong> moderna, a FertiGlobal oferece solu\u00e7\u00f5es inovadoras e eficientes de <strong>bioativa\u00e7\u00e3o<\/strong>[\/vc_column_text][\/vc_column_inner][\/vc_row_inner][\/vc_column][vc_column width=&#8221;1\/2&#8243;][vc_row_inner][vc_column_inner][vc_column_text]<a href=\"https:\/\/scl.industries\/\"><img loading=\"lazy\" class=\"alignnone wp-image-3559\" src=\"https:\/\/larderellogroup.com\/wp-content\/uploads\/2021\/04\/CHEMICALS-home-OK-300x101.png\" alt=\"\" width=\"296\" height=\"100\" srcset=\"https:\/\/larderellogroup.com\/wp-content\/uploads\/2021\/04\/CHEMICALS-home-OK-300x101.png 300w, https:\/\/larderellogroup.com\/wp-content\/uploads\/2021\/04\/CHEMICALS-home-OK.png 335w\" sizes=\"(max-width: 296px) 100vw, 296px\" \/><\/a><\/p>\n<p>Um exemplo \u00fanico de produ\u00e7\u00e3o integrada de compostos qu\u00edmicos especiais. Os neg\u00f3cios s\u00e3o dividido em 3 fam\u00edlias de produtos qu\u00edmicos: Larderel, Zinflam, Sequel[\/vc_column_text][\/vc_column_inner][\/vc_row_inner][\/vc_column][\/vc_row][vc_row equal_height=&#8221;yes&#8221; css=&#8221;.vc_custom_1614759260312{padding-bottom: 50px !important;}&#8221;][vc_column width=&#8221;1\/2&#8243; css=&#8221;.vc_custom_1578567981045{padding-top: 80px !important;}&#8221;][vc_row_inner equal_height=&#8221;yes&#8221; css=&#8221;.vc_custom_1613985970970{padding-bottom: 30px !important;}&#8221;][vc_column_inner el_class=&#8221;wpb_animate_when_almost_visible wpb_fadeInDown fadeInDown head-border&#8221; width=&#8221;1\/6&#8243; offset=&#8221;vc_col-xs-2&#8243;][\/vc_column_inner][vc_column_inner width=&#8221;5\/6&#8243; offset=&#8221;vc_col-xs-10&#8243;]<div id=\"ultimate-heading-283669ec840800b56\" class=\"uvc-heading ult-adjust-bottom-margin ultimate-heading-283669ec840800b56 uvc-4759 wpb_animate_when_almost_visible wpb_fadeInLeft fadeInLeft k-top-spacing uvc-heading-default-font-sizes\" data-hspacer=\"no_spacer\"  data-halign=\"left\" style=\"text-align:left\"><div class=\"uvc-heading-spacer no_spacer\" style=\"top\"><\/div><div class=\"uvc-main-heading ult-responsive\"  data-ultimate-target='.uvc-heading.ultimate-heading-283669ec840800b56 h4'  data-responsive-json-new='{\"font-size\":\"\",\"line-height\":\"\"}' ><h4 style=\"--font-weight:theme;margin-top:20px;\">Perfil<\/h4><\/div><div class=\"uvc-sub-heading ult-responsive\"  data-ultimate-target='.uvc-heading.ultimate-heading-283669ec840800b56 .uvc-sub-heading '  data-responsive-json-new='{\"font-size\":\"desktop:42px;mobile_landscape:32px;\",\"line-height\":\"desktop:54px;mobile_landscape:40px;\"}'  style=\"font-weight:bold;margin-bottom:20px;\">Passado e futuro<\/div><\/div>[\/vc_column_inner][\/vc_row_inner][vc_column_text css_animation=&#8221;fadeIn&#8221; el_class=&#8221;k-link k-text-head&#8221;]Desde a sua primeira produ\u00e7\u00e3o, em 1818, a hist\u00f3ria do <strong>Grupo Larderello<\/strong> segue adiante.<br \/>\nUma hist\u00f3ria de conhecimento, qualidade, inova\u00e7\u00e3o e um compromisso constante com pesquisas de ponta. Um grupo cujo crescimento \u00e9 impulsionado pela sua capacidade de inova\u00e7\u00e3o. Protegidos por patentes internacionais, os produtos do <strong>Grupo Larderello<\/strong> fornecem uma resposta flex\u00edvel e moderna para uma ampla gama de setores industriais.<\/p>\n<p>&nbsp;<\/p>\n<p><a href=\"https:\/\/larderellogroup.com\/pt-br\/grupo\/\">Saber mais<\/a>[\/vc_column_text][\/vc_column][vc_column width=&#8221;1\/2&#8243; css=&#8221;.vc_custom_1614759398258{padding-bottom: 40px !important;}&#8221; offset=&#8221;vc_col-lg-6 vc_col-md-6&#8243;][vc_single_image image=&#8221;3214&#8243; img_size=&#8221;full&#8221; alignment=&#8221;right&#8221; image_hovers=&#8221;false&#8221; el_class=&#8221;k-bg-abs-right&#8221;][vc_raw_html css=&#8221;.vc_custom_1771428268947{background-position: 0 0 !important;background-repeat: no-repeat !important;}&#8221; el_class=&#8221;wpb_animate_when_almost_visible wpb_appear appear k-zi-2&#8243;]JTNDaWZyYW1lJTIwd2lkdGglM0QlMjIxMDAlMjUlMjIlMjBoZWlnaHQlM0QlMjIzMTUlMjIlMjBzcmMlM0QlMjJodHRwcyUzQSUyRiUyRnd3dy55b3V0dWJlLmNvbSUyRmVtYmVkJTJGc1lpbEZYaGl0QzQlM0Zjb250cm9sJTNEMCUyNmxvb3AlM0QxJTI2YXV0b3BsYXklM0QxJTI2bXV0ZSUzRDElMjIlMjBmcmFtZWJvcmRlciUzRCUyMjAlMjIlMjBhbGxvdyUzRCUyMmFjY2VsZXJvbWV0ZXIlM0IlMjBhdXRvcGxheSUzQiUyMGNsaXBib2FyZC13cml0ZSUzQiUyMGVuY3J5cHRlZC1tZWRpYSUzQiUyMGd5cm9zY29wZSUzQiUyMHBpY3R1cmUtaW4tcGljdHVyZSUyMiUyMGFsbG93ZnVsbHNjcmVlbiUzRSUzQyUyRmlmcmFtZSUzRQ==[\/vc_raw_html][\/vc_column][\/vc_row][vc_row full_width=&#8221;stretch_row&#8221; bg_type=&#8221;image&#8221; parallax_style=&#8221;vcpb-default&#8221; bg_image_new=&#8221;id^3236|url^https:\/\/larderellogroup.com\/wp-content\/uploads\/2021\/03\/researchdevelopment-HOME.jpg|caption^null|alt^null|title^research&amp;development-HOME|description^null&#8221; bg_image_repeat=&#8221;no-repeat&#8221; bg_image_posiiton=&#8221;left&#8221; css=&#8221;.vc_custom_1614759952959{background-color: #d6cec3 !important;}&#8221;][vc_column width=&#8221;1\/2&#8243;][vc_row_inner equal_height=&#8221;yes&#8221; css=&#8221;.vc_custom_1613985965786{padding-bottom: 30px !important;}&#8221;][vc_column_inner el_class=&#8221;wpb_animate_when_almost_visible wpb_fadeInDown fadeInDown head-border&#8221; width=&#8221;1\/6&#8243; offset=&#8221;vc_col-xs-2&#8243;][\/vc_column_inner][vc_column_inner width=&#8221;5\/6&#8243; offset=&#8221;vc_col-xs-10&#8243;]<div id=\"ultimate-heading-354369ec840800b82\" class=\"uvc-heading ult-adjust-bottom-margin ultimate-heading-354369ec840800b82 uvc-5533 wpb_animate_when_almost_visible wpb_fadeInLeft fadeInLeft k-top-spacing uvc-heading-default-font-sizes\" data-hspacer=\"no_spacer\"  data-halign=\"left\" style=\"text-align:left\"><div class=\"uvc-heading-spacer no_spacer\" style=\"top\"><\/div><div class=\"uvc-main-heading ult-responsive\"  data-ultimate-target='.uvc-heading.ultimate-heading-354369ec840800b82 h4'  data-responsive-json-new='{\"font-size\":\"\",\"line-height\":\"\"}' ><h4 style=\"--font-weight:theme;margin-top:20px;\">Pesquisa e desenvolvimento<\/h4><\/div><div class=\"uvc-sub-heading ult-responsive\"  data-ultimate-target='.uvc-heading.ultimate-heading-354369ec840800b82 .uvc-sub-heading '  data-responsive-json-new='{\"font-size\":\"desktop:42px;mobile_landscape:32px;\",\"line-height\":\"desktop:54px;mobile_landscape:40px;\"}'  style=\"font-weight:bold;margin-bottom:20px;\">Inova\u00e7\u00e3o constante<\/div><\/div>[\/vc_column_inner][\/vc_row_inner][vc_column_text css_animation=&#8221;fadeIn&#8221; el_class=&#8221;k-link k-text-head&#8221; css=&#8221;.vc_custom_1615806022979{margin-right: 70px !important;}&#8221;]A estrutura de ponta e t\u00e9cnicos e pesquisadores competentes permitem ao <strong>Grupo Lardello<\/strong> oferecer uma inova\u00e7\u00e3o constante que gera solu\u00e7\u00f5es de alto valor agregado.<\/p>\n<p>&nbsp;<\/p>\n<p><a href=\"https:\/\/larderellogroup.com\/pt-br\/divisoes\/\">Saber mais<\/a>[\/vc_column_text][\/vc_column][vc_column width=&#8221;1\/2&#8243;][\/vc_column][\/vc_row][vc_row equal_height=&#8221;yes&#8221;][vc_column width=&#8221;1\/2&#8243; css=&#8221;.vc_custom_1614760233842{background-image: url(https:\/\/larderellogroup.com\/wp-content\/uploads\/2021\/02\/home-sustainability.jpg?id=3060) !important;background-position: center !important;background-repeat: no-repeat !important;background-size: cover !important;}&#8221; el_class=&#8221;image-mh&#8221;][\/vc_column][vc_column width=&#8221;1\/2&#8243; offset=&#8221;vc_col-lg-6 vc_col-md-6&#8243;][vc_row_inner equal_height=&#8221;yes&#8221; css=&#8221;.vc_custom_1613986651407{padding-top: 20px !important;padding-bottom: 30px !important;}&#8221;][vc_column_inner el_class=&#8221;wpb_animate_when_almost_visible wpb_fadeInDown fadeInDown head-border&#8221; width=&#8221;1\/6&#8243; offset=&#8221;vc_col-xs-2&#8243;][\/vc_column_inner][vc_column_inner width=&#8221;5\/6&#8243; offset=&#8221;vc_col-xs-10&#8243;]<div id=\"ultimate-heading-327169ec840800bb4\" class=\"uvc-heading ult-adjust-bottom-margin ultimate-heading-327169ec840800bb4 uvc-2976 wpb_animate_when_almost_visible wpb_fadeInLeft fadeInLeft k-top-spacing uvc-heading-default-font-sizes\" data-hspacer=\"no_spacer\"  data-halign=\"left\" style=\"text-align:left\"><div class=\"uvc-heading-spacer no_spacer\" style=\"top\"><\/div><div class=\"uvc-main-heading ult-responsive\"  data-ultimate-target='.uvc-heading.ultimate-heading-327169ec840800bb4 h4'  data-responsive-json-new='{\"font-size\":\"\",\"line-height\":\"\"}' ><h4 style=\"--font-weight:theme;margin-top:20px;\">Sustentabilidade<\/h4><\/div><div class=\"uvc-sub-heading ult-responsive\"  data-ultimate-target='.uvc-heading.ultimate-heading-327169ec840800bb4 .uvc-sub-heading '  data-responsive-json-new='{\"font-size\":\"desktop:42px;mobile_landscape:32px;\",\"line-height\":\"desktop:54px;mobile_landscape:40px;\"}'  style=\"font-weight:bold;margin-bottom:20px;\">O amor pela nossa bela p\u00e1tria nos leva \u00e0 prote\u00e7\u00e3o ambiental<\/div><\/div>[\/vc_column_inner][\/vc_row_inner][vc_column_text css_animation=&#8221;fadeIn&#8221; css=&#8221;.vc_custom_1615806060333{padding-top: 30px !important;}&#8221; el_class=&#8221;k-link k-text-head&#8221;]<a href=\"https:\/\/larderellogroup.com\/pt-br\/etica\/\">Saber mais<\/a>[\/vc_column_text][\/vc_column][\/vc_row][vc_row full_width=&#8221;stretch_row&#8221; bg_type=&#8221;image&#8221; parallax_style=&#8221;vcpb-default&#8221; bg_image_new=&#8221;id^3328|url^https:\/\/larderellogroup.com\/wp-content\/uploads\/2021\/03\/map-GRIGIA-home.jpg|caption^null|alt^null|title^map-GRIGIA-home|description^null&#8221; bg_image_repeat=&#8221;no-repeat&#8221; css=&#8221;.vc_custom_1614966135946{padding-top: 20px !important;padding-bottom: 60px !important;}&#8221; el_class=&#8221;color-white go-to-companies&#8221;][vc_column]<div id=\"ultimate-heading-817569ec840800bd7\" class=\"uvc-heading ult-adjust-bottom-margin ultimate-heading-817569ec840800bd7 uvc-4831 k-top-spacing uvc-heading-default-font-sizes\" data-hspacer=\"no_spacer\"  data-halign=\"center\" style=\"text-align:center\"><div class=\"uvc-heading-spacer no_spacer\" style=\"top\"><\/div><div class=\"uvc-main-heading ult-responsive\"  data-ultimate-target='.uvc-heading.ultimate-heading-817569ec840800bd7 h4'  data-responsive-json-new='{\"font-size\":\"\",\"line-height\":\"\"}' ><h4 style=\"--font-weight:theme;\">Empresas<\/h4><\/div><div class=\"uvc-sub-heading ult-responsive\"  data-ultimate-target='.uvc-heading.ultimate-heading-817569ec840800bd7 .uvc-sub-heading '  data-responsive-json-new='{\"font-size\":\"desktop:42px;mobile_landscape:32px;\",\"line-height\":\"desktop:54px;mobile_landscape:40px;\"}'  style=\"font-weight:bold;margin-bottom:40px;\">A dimens\u00e3o global<\/div><\/div>[vc_row_inner el_class=&#8221;k-abs-img&#8221;][vc_column_inner][vc_single_image image=&#8221;3294&#8243; img_size=&#8221;full&#8221; onclick=&#8221;custom_link&#8221; image_hovers=&#8221;false&#8221; link=&#8221;https:\/\/larderellogroup.com\/companies\/&#8221;][vc_single_image image=&#8221;3295&#8243; img_size=&#8221;full&#8221; onclick=&#8221;custom_link&#8221; image_hovers=&#8221;false&#8221; link=&#8221;https:\/\/larderellogroup.com\/companies\/&#8221;][vc_single_image image=&#8221;3296&#8243; img_size=&#8221;full&#8221; onclick=&#8221;custom_link&#8221; image_hovers=&#8221;false&#8221; link=&#8221;https:\/\/larderellogroup.com\/companies\/&#8221;][vc_single_image image=&#8221;4136&#8243; img_size=&#8221;full&#8221; onclick=&#8221;custom_link&#8221; image_hovers=&#8221;false&#8221; link=&#8221;https:\/\/larderellogroup.com\/companies\/&#8221;][vc_single_image image=&#8221;3297&#8243; img_size=&#8221;full&#8221; onclick=&#8221;custom_link&#8221; image_hovers=&#8221;false&#8221; link=&#8221;https:\/\/larderellogroup.com\/companies\/&#8221;][vc_single_image image=&#8221;3298&#8243; img_size=&#8221;full&#8221; onclick=&#8221;custom_link&#8221; image_hovers=&#8221;false&#8221; link=&#8221;https:\/\/larderellogroup.com\/companies\/&#8221;][vc_single_image image=&#8221;3299&#8243; img_size=&#8221;full&#8221; onclick=&#8221;custom_link&#8221; image_hovers=&#8221;false&#8221; link=&#8221;https:\/\/larderellogroup.com\/companies\/&#8221;][vc_single_image image=&#8221;3300&#8243; img_size=&#8221;full&#8221; onclick=&#8221;custom_link&#8221; image_hovers=&#8221;false&#8221; link=&#8221;https:\/\/larderellogroup.com\/companies\/&#8221;][vc_single_image image=&#8221;3629&#8243; img_size=&#8221;full&#8221; onclick=&#8221;custom_link&#8221; image_hovers=&#8221;false&#8221; link=&#8221;https:\/\/larderellogroup.com\/companies\/&#8221;][vc_single_image image=&#8221;3923&#8243; img_size=&#8221;full&#8221; onclick=&#8221;custom_link&#8221; image_hovers=&#8221;false&#8221; link=&#8221;https:\/\/larderellogroup.com\/companies\/&#8221;][\/vc_column_inner][\/vc_row_inner][\/vc_column][\/vc_row]<\/p>\n","protected":false},"excerpt":{"rendered":"<p>[vc_row full_width=&#8221;stretch_row&#8221; css_animation=&#8221;none&#8221; bg_type=&#8221;image&#8221; parallax_style=&#8221;vcpb-default&#8221; bg_image_new=&#8221;id^3234|url^https:\/\/larderellogroup.com\/wp-content\/uploads\/2021\/03\/home.png|caption^null|alt^null|title^home|description^null&#8221; bg_image_repeat=&#8221;no-repeat&#8221; bg_override=&#8221;full&#8221; css=&#8221;.vc_custom_1617271169081{padding-bottom: 80px !important;}&#8221; el_class=&#8221;k-mobile-full&#8221;][vc_column offset=&#8221;vc_col-lg-offset-0 vc_col-lg-12 vc_col-md-offset-0 vc_col-md-12 vc_col-sm-offset-0 vc_col-xs-12&#8243; css=&#8221;.vc_custom_1613669330964{padding-top: 100px !important;}&#8221;][\/vc_column][\/vc_row][vc_row full_width=&#8221;stretch_row&#8221; content_placement=&#8221;middle&#8221; bg_type=&#8221;bg_color&#8221; css=&#8221;.vc_custom_1617269160293{background-color: #f5f5f5 !important;}&#8221; bg_color_value=&#8221;#eb6417&#8243;][vc_column css=&#8221;.vc_custom_1617269140116{padding-top: 0px !important;}&#8221;][\/vc_column][\/vc_row][vc_row full_width=&#8221;stretch_row&#8221; css=&#8221;.vc_custom_1617269219662{padding-top: 10px !important;padding-bottom: 10px !important;background-color: #efebe5 !important;}&#8221;][vc_column][\/vc_column][vc_column width=&#8221;1\/2&#8243;][vc_row_inner][vc_column_inner][vc_column_text] Com o objetivo de enfrentar os desafios da agricultura sustent\u00e1vel moderna, a FertiGlobal oferece solu\u00e7\u00f5es&hellip;<\/p>\n","protected":false},"author":1,"featured_media":0,"parent":0,"menu_order":0,"comment_status":"closed","ping_status":"closed","template":"","meta":[],"acf":[],"_links":{"self":[{"href":"https:\/\/larderellogroup.com\/pt-br\/wp-json\/wp\/v2\/pages\/3474"}],"collection":[{"href":"https:\/\/larderellogroup.com\/pt-br\/wp-json\/wp\/v2\/pages"}],"about":[{"href":"https:\/\/larderellogroup.com\/pt-br\/wp-json\/wp\/v2\/types\/page"}],"author":[{"embeddable":true,"href":"https:\/\/larderellogroup.com\/pt-br\/wp-json\/wp\/v2\/users\/1"}],"replies":[{"embeddable":true,"href":"https:\/\/larderellogroup.com\/pt-br\/wp-json\/wp\/v2\/comments?post=3474"}],"version-history":[{"count":15,"href":"https:\/\/larderellogroup.com\/pt-br\/wp-json\/wp\/v2\/pages\/3474\/revisions"}],"predecessor-version":[{"id":4562,"href":"https:\/\/larderellogroup.com\/pt-br\/wp-json\/wp\/v2\/pages\/3474\/revisions\/4562"}],"wp:attachment":[{"href":"https:\/\/larderellogroup.com\/pt-br\/wp-json\/wp\/v2\/media?parent=3474"}],"curies":[{"name":"wp","href":"https:\/\/api.w.org\/{rel}","templated":true}]}}