{"id":3484,"date":"2021-03-15T10:57:33","date_gmt":"2021-03-15T10:57:33","guid":{"rendered":"https:\/\/larderellogroup.com\/?page_id=3484"},"modified":"2022-07-26T12:49:03","modified_gmt":"2022-07-26T12:49:03","slug":"divisoes","status":"publish","type":"page","link":"https:\/\/larderellogroup.com\/pt-br\/divisoes\/","title":{"rendered":"Divis\u00f5es"},"content":{"rendered":"<p>[vc_row full_width=&#8221;stretch_row&#8221; bg_type=&#8221;image&#8221; parallax_style=&#8221;vcpb-default&#8221; bg_image_new=&#8221;id^3231|url^https:\/\/larderellogroup.com\/wp-content\/uploads\/2021\/03\/divisions.jpg|caption^null|alt^null|title^divisions|description^null&#8221; bg_image_repeat=&#8221;no-repeat&#8221; bg_override=&#8221;full&#8221; css=&#8221;.vc_custom_1614762826721{padding-top: 140px !important;}&#8221;][vc_column][vc_column_text css_animation=&#8221;fadeInLeft&#8221; el_class=&#8221;hidden&#8221;]<\/p>\n<h2>Larderello<\/h2>\n<p>[\/vc_column_text]<div id=\"ultimate-heading-43069ea0df48a9d6\" class=\"uvc-heading ult-adjust-bottom-margin ultimate-heading-43069ea0df48a9d6 uvc-3303 wpb_animate_when_almost_visible wpb_fadeInLeft fadeInLeft bg-white-h2\" data-hspacer=\"no_spacer\"  data-halign=\"left\" style=\"text-align:left\"><div class=\"uvc-heading-spacer no_spacer\" style=\"top\"><\/div><div class=\"uvc-main-heading ult-responsive\"  data-ultimate-target='.uvc-heading.ultimate-heading-43069ea0df48a9d6 h2'  data-responsive-json-new='{\"font-size\":\"desktop:60px;tablet_portrait:50px;mobile_landscape:40px;mobile:30px;\",\"line-height\":\"desktop:60px;tablet_portrait:50px;mobile_landscape:40px;mobile:30px;\"}' ><h2 style=\"font-weight:bold;margin-bottom:120px;\">Divis\u00f5es<\/h2><\/div><\/div><style type=\"text\/css\" data-type=\"the7_shortcodes-inline-css\">.dt-breadcrumbs-id-56daad7971e4d138bac2111c3408f04c .breadcrumbs {\n  display: inline-block;\n  margin: 0;\n  padding: 20px 40px 0px 40px;\n  background: #ffffff;\n  border: 0px solid ;\n  border-radius: 0px;\n}\n.dt-breadcrumbs-id-56daad7971e4d138bac2111c3408f04c .breadcrumbs * {\n  font-size: 16px;\n  color: #a2a5a6;\n}\n<\/style><div class=\"dt-breadcrumbs-shortcode dt-breadcrumbs-id-56daad7971e4d138bac2111c3408f04c align-left\"><div class=\"assistive-text\">Voc\u00ea est\u00e1 aqui:<\/div><ol class=\"breadcrumbs text-small\" itemscope itemtype=\"https:\/\/schema.org\/BreadcrumbList\"><li itemprop=\"itemListElement\" itemscope itemtype=\"https:\/\/schema.org\/ListItem\"><a itemprop=\"item\" href=\"https:\/\/larderellogroup.com\/pt-br\/\" title=\"\"><span itemprop=\"name\">In\u00edcio<\/span><\/a><meta itemprop=\"position\" content=\"1\" \/><\/li><li class=\"current\" itemprop=\"itemListElement\" itemscope itemtype=\"https:\/\/schema.org\/ListItem\"><span itemprop=\"name\">P\u00e1gina<\/span><meta itemprop=\"position\" content=\"2\" \/><\/li><\/ol><\/div>[\/vc_column][\/vc_row][vc_row][vc_column]<div id=\"ultimate-heading-21069ea0df48ae36\" class=\"uvc-heading ult-adjust-bottom-margin ultimate-heading-21069ea0df48ae36 uvc-7984  uvc-heading-default-font-sizes\" data-hspacer=\"no_spacer\"  data-halign=\"left\" style=\"text-align:left\"><div class=\"uvc-heading-spacer no_spacer\" style=\"top\"><\/div><div class=\"uvc-main-heading ult-responsive\"  data-ultimate-target='.uvc-heading.ultimate-heading-21069ea0df48ae36 h2'  data-responsive-json-new='{\"font-size\":\"\",\"line-height\":\"\"}' ><h2 style=\"--font-weight:theme;\">Antecipando o future<\/h2><\/div><\/div>[vc_row_inner equal_height=&#8221;yes&#8221; css=&#8221;.vc_custom_1614933006621{padding-top: 20px !important;padding-bottom: 20px !important;padding-left: 40px !important;}&#8221;][vc_column_inner el_class=&#8221;wpb_animate_when_almost_visible wpb_fadeInDown fadeInDown head-border&#8221; width=&#8221;1\/6&#8243; offset=&#8221;vc_col-xs-2&#8243;][\/vc_column_inner][vc_column_inner width=&#8221;5\/6&#8243; offset=&#8221;vc_col-xs-10&#8243;]<div id=\"ultimate-heading-58969ea0df48ae6d\" class=\"uvc-heading ult-adjust-bottom-margin ultimate-heading-58969ea0df48ae6d uvc-272 wpb_animate_when_almost_visible wpb_fadeInLeft fadeInLeft uvc-heading-default-font-sizes\" data-hspacer=\"no_spacer\"  data-halign=\"left\" style=\"text-align:left\"><div class=\"uvc-heading-spacer no_spacer\" style=\"top\"><\/div><div class=\"uvc-sub-heading ult-responsive\"  data-ultimate-target='.uvc-heading.ultimate-heading-58969ea0df48ae6d .uvc-sub-heading '  data-responsive-json-new='{\"font-size\":\"desktop:16px;\",\"line-height\":\"\"}'  style=\"font-weight:normal;margin-top:20px;margin-bottom:20px;\">O foco em P&amp;D permite ao <strong>Grupo Larderello<\/strong><br \/>\noferecer solu\u00e7\u00f5es inovadoras em todos os mercados<br \/>\nem que atua.<\/div><\/div>[\/vc_column_inner][\/vc_row_inner][vc_column_text css_animation=&#8221;fadeIn&#8221;]Desde o princ\u00edpio, a empresa sempre deu grande enfoque \u00e0 Pesquisa e Desenvolvimento, testemunhada por in\u00fameras inova\u00e7\u00f5es de produtos e processos, alguns dos quais protegidos por patentes internacionais.<br \/>\nGra\u00e7as a um centro de P&amp;D moderno e de \u00faltima gera\u00e7\u00e3o, e \u00e0 experi\u00eancia dos t\u00e9cnicos e pesquisadores, o <strong>Grupo Larderello<\/strong> pode oferecer solu\u00e7\u00f5es e produtos personalizados para atender \u00e0s necessidades espec\u00edficas dos seus clientes. O Grupo conta com a colabora\u00e7\u00e3o de diversas Universidades e Centros de Pesquisa, tanto nacionais quanto internacionais, na sua busca constante pela excel\u00eancia.[\/vc_column_text][vc_row_inner][vc_column_inner width=&#8221;1\/2&#8243;][vc_single_image image=&#8221;3491&#8243; img_size=&#8221;600&#215;400&#8243;][vc_single_image image=&#8221;3225&#8243; img_size=&#8221;full&#8221;][vc_column_text el_class=&#8221;k-link k-link-green&#8221;]A nova abordagem da <strong>FertiGlobal<\/strong>, atrav\u00e9s dos programas de gerenciamento de cultura, causam um impacto positivo no meio ambiente.<br \/>\nAnos de uso intensivo de pesticidas na agricultura polu\u00edram e continuam poluindo a terra, a \u00e1gua e o ar, causando danos irrepar\u00e1veis ao nosso planeta e \u00e0 sa\u00fade humana.<br \/>\nAl\u00e9m disso, fungicidas e bactericidas n\u00e3o est\u00e3o mais produzindo os resultados esperados, at\u00e9 mesmo tornando as lavouras menos tolerantes \u00e0s adversidades e \u00e0s mudan\u00e7as clim\u00e1ticas.<br \/>\nAdotando uma vis\u00e3o de longo prazo para o futuro da Terra, as solu\u00e7\u00f5es inovadores FertiGlobal permitem que os agricultores de todo o mundo reduzam progressivamente o uso de produtos agroqu\u00edmicos.<\/p>\n<p>&nbsp;<\/p>\n<p><a href=\"https:\/\/www.fertiglobal.com\/\">Visite o site<\/a>[\/vc_column_text][\/vc_column_inner][vc_column_inner width=&#8221;1\/2&#8243;][vc_single_image image=&#8221;3490&#8243; img_size=&#8221;600&#215;400&#8243;][vc_single_image image=&#8221;3223&#8243; img_size=&#8221;300&#215;100&#8243;][vc_column_text el_class=&#8221;k-link k-link-blue&#8221;]A divis\u00e3o de produtos qu\u00edmicos especiais da <strong>Larderello<\/strong> \u00e9 um exemplo \u00fanico da produ\u00e7\u00e3o integrada de uma grande variedade de compostos especiais divididos em 3 fam\u00edlias principais de produtos.<br \/>\nA <strong>Larderel<\/strong> \u00e9 a marca de uma ampla gama de boratos especiais com tecnologia avan\u00e7ada.<br \/>\nA <strong>Zinflam<\/strong> apresenta uma oferta exclusiva de retardadores de chama e supressores de fuma\u00e7a inovadores e ecol\u00f3gicos.<br \/>\nPor \u00faltimo, mas n\u00e3o menos importante, a <strong>Sequel<\/strong> representa o melhor da qu\u00edmica de quelatos.<\/p>\n<p>&nbsp;<\/p>\n<p><a href=\"https:\/\/scl.industries\/\">Visite o site<\/a>[\/vc_column_text][\/vc_column_inner][\/vc_row_inner][\/vc_column][\/vc_row]<\/p>\n","protected":false},"excerpt":{"rendered":"<p>[vc_row full_width=&#8221;stretch_row&#8221; bg_type=&#8221;image&#8221; parallax_style=&#8221;vcpb-default&#8221; bg_image_new=&#8221;id^3231|url^https:\/\/larderellogroup.com\/wp-content\/uploads\/2021\/03\/divisions.jpg|caption^null|alt^null|title^divisions|description^null&#8221; bg_image_repeat=&#8221;no-repeat&#8221; bg_override=&#8221;full&#8221; css=&#8221;.vc_custom_1614762826721{padding-top: 140px !important;}&#8221;][vc_column][vc_column_text css_animation=&#8221;fadeInLeft&#8221; el_class=&#8221;hidden&#8221;] Larderello [\/vc_column_text][\/vc_column][\/vc_row][vc_row][vc_column][vc_row_inner equal_height=&#8221;yes&#8221; css=&#8221;.vc_custom_1614933006621{padding-top: 20px !important;padding-bottom: 20px !important;padding-left: 40px !important;}&#8221;][vc_column_inner el_class=&#8221;wpb_animate_when_almost_visible wpb_fadeInDown fadeInDown head-border&#8221; width=&#8221;1\/6&#8243; offset=&#8221;vc_col-xs-2&#8243;][\/vc_column_inner][vc_column_inner width=&#8221;5\/6&#8243; offset=&#8221;vc_col-xs-10&#8243;][\/vc_column_inner][\/vc_row_inner][vc_column_text css_animation=&#8221;fadeIn&#8221;]Desde o princ\u00edpio, a empresa sempre deu grande enfoque \u00e0 Pesquisa e Desenvolvimento, testemunhada por in\u00fameras inova\u00e7\u00f5es de produtos e processos, alguns dos quais protegidos&hellip;<\/p>\n","protected":false},"author":1,"featured_media":0,"parent":0,"menu_order":0,"comment_status":"closed","ping_status":"closed","template":"","meta":[],"acf":[],"_links":{"self":[{"href":"https:\/\/larderellogroup.com\/pt-br\/wp-json\/wp\/v2\/pages\/3484"}],"collection":[{"href":"https:\/\/larderellogroup.com\/pt-br\/wp-json\/wp\/v2\/pages"}],"about":[{"href":"https:\/\/larderellogroup.com\/pt-br\/wp-json\/wp\/v2\/types\/page"}],"author":[{"embeddable":true,"href":"https:\/\/larderellogroup.com\/pt-br\/wp-json\/wp\/v2\/users\/1"}],"replies":[{"embeddable":true,"href":"https:\/\/larderellogroup.com\/pt-br\/wp-json\/wp\/v2\/comments?post=3484"}],"version-history":[{"count":5,"href":"https:\/\/larderellogroup.com\/pt-br\/wp-json\/wp\/v2\/pages\/3484\/revisions"}],"predecessor-version":[{"id":3964,"href":"https:\/\/larderellogroup.com\/pt-br\/wp-json\/wp\/v2\/pages\/3484\/revisions\/3964"}],"wp:attachment":[{"href":"https:\/\/larderellogroup.com\/pt-br\/wp-json\/wp\/v2\/media?parent=3484"}],"curies":[{"name":"wp","href":"https:\/\/api.w.org\/{rel}","templated":true}]}}