{"id":3486,"date":"2021-03-15T10:58:06","date_gmt":"2021-03-15T10:58:06","guid":{"rendered":"https:\/\/larderellogroup.com\/?page_id=3486"},"modified":"2026-03-26T12:22:51","modified_gmt":"2026-03-26T12:22:51","slug":"etica","status":"publish","type":"page","link":"https:\/\/larderellogroup.com\/pt-br\/etica\/","title":{"rendered":"\u00c9tica"},"content":{"rendered":"<p>[vc_row full_width=&#8221;stretch_row&#8221; bg_type=&#8221;image&#8221; parallax_style=&#8221;vcpb-default&#8221; bg_image_new=&#8221;id^3232|url^https:\/\/larderellogroup.com\/wp-content\/uploads\/2021\/03\/ethics.jpg|caption^null|alt^null|title^ethics|description^null&#8221; bg_image_repeat=&#8221;no-repeat&#8221; bg_override=&#8221;full&#8221; css=&#8221;.vc_custom_1614763386322{padding-top: 140px !important;}&#8221;][vc_column][vc_column_text css_animation=&#8221;fadeInLeft&#8221; el_class=&#8221;hidden&#8221;]<\/p>\n<h2>Larderello<\/h2>\n<p>[\/vc_column_text]<div id=\"ultimate-heading-145369ea0d935b359\" class=\"uvc-heading ult-adjust-bottom-margin ultimate-heading-145369ea0d935b359 uvc-6405 wpb_animate_when_almost_visible wpb_fadeInLeft fadeInLeft bg-white-h2\" data-hspacer=\"no_spacer\"  data-halign=\"left\" style=\"text-align:left\"><div class=\"uvc-heading-spacer no_spacer\" style=\"top\"><\/div><div class=\"uvc-main-heading ult-responsive\"  data-ultimate-target='.uvc-heading.ultimate-heading-145369ea0d935b359 h2'  data-responsive-json-new='{\"font-size\":\"desktop:60px;tablet_portrait:50px;mobile_landscape:40px;mobile:30px;\",\"line-height\":\"desktop:60px;tablet_portrait:50px;mobile_landscape:40px;mobile:30px;\"}' ><h2 style=\"font-weight:bold;margin-bottom:120px;\">\u00c9tica corporativa<\/h2><\/div><\/div><style type=\"text\/css\" data-type=\"the7_shortcodes-inline-css\">.dt-breadcrumbs-id-56daad7971e4d138bac2111c3408f04c .breadcrumbs {\n  display: inline-block;\n  margin: 0;\n  padding: 20px 40px 0px 40px;\n  background: #ffffff;\n  border: 0px solid ;\n  border-radius: 0px;\n}\n.dt-breadcrumbs-id-56daad7971e4d138bac2111c3408f04c .breadcrumbs * {\n  font-size: 16px;\n  color: #a2a5a6;\n}\n<\/style><div class=\"dt-breadcrumbs-shortcode dt-breadcrumbs-id-56daad7971e4d138bac2111c3408f04c align-left\"><div class=\"assistive-text\">Voc\u00ea est\u00e1 aqui:<\/div><ol class=\"breadcrumbs text-small\" itemscope itemtype=\"https:\/\/schema.org\/BreadcrumbList\"><li itemprop=\"itemListElement\" itemscope itemtype=\"https:\/\/schema.org\/ListItem\"><a itemprop=\"item\" href=\"https:\/\/larderellogroup.com\/pt-br\/\" title=\"\"><span itemprop=\"name\">In\u00edcio<\/span><\/a><meta itemprop=\"position\" content=\"1\" \/><\/li><li class=\"current\" itemprop=\"itemListElement\" itemscope itemtype=\"https:\/\/schema.org\/ListItem\"><span itemprop=\"name\">P\u00e1gina<\/span><meta itemprop=\"position\" content=\"2\" \/><\/li><\/ol><\/div>[\/vc_column][\/vc_row][vc_row equal_height=&#8221;yes&#8221; css=&#8221;.vc_custom_1614765609992{padding-bottom: 50px !important;}&#8221;][vc_column width=&#8221;1\/2&#8243; el_class=&#8221;k-ma0&#8243;][vc_row_inner equal_height=&#8221;yes&#8221; content_placement=&#8221;middle&#8221;][vc_column_inner el_class=&#8221;wpb_animate_when_almost_visible wpb_fadeInDown fadeInDown head-border&#8221; width=&#8221;1\/6&#8243; offset=&#8221;vc_col-xs-2&#8243;][\/vc_column_inner][vc_column_inner width=&#8221;5\/6&#8243; offset=&#8221;vc_col-xs-10&#8243;]<div id=\"ultimate-heading-858169ea0d935b8da\" class=\"uvc-heading ult-adjust-bottom-margin ultimate-heading-858169ea0d935b8da uvc-6129 wpb_animate_when_almost_visible wpb_fadeInLeft fadeInLeft k-top-spacing uvc-heading-default-font-sizes\" data-hspacer=\"no_spacer\"  data-halign=\"left\" style=\"text-align:left\"><div class=\"uvc-heading-spacer no_spacer\" style=\"top\"><\/div><div class=\"uvc-main-heading ult-responsive\"  data-ultimate-target='.uvc-heading.ultimate-heading-858169ea0d935b8da h4'  data-responsive-json-new='{\"font-size\":\"\",\"line-height\":\"\"}' ><h4 style=\"--font-weight:theme;margin-top:20px;\">Quality policy<\/h4><\/div><div class=\"uvc-sub-heading ult-responsive\"  data-ultimate-target='.uvc-heading.ultimate-heading-858169ea0d935b8da .uvc-sub-heading '  data-responsive-json-new='{\"font-size\":\"desktop:32px;mobile_landscape:20px;\",\"line-height\":\"desktop:44px;mobile_landscape:30px;\"}'  style=\"font-weight:bold;margin-bottom:20px;\">Qualidade, Sa\u00fade, Seguran\u00e7a,<br \/>\nMeio ambiente e Energia (QHSE e Energia)<br \/>\nPol\u00edticas do Grupo Larderello<\/div><\/div>[\/vc_column_inner][\/vc_row_inner][\/vc_column][vc_column width=&#8221;1\/2&#8243;][vc_row_inner css=&#8221;.vc_custom_1613991286926{padding-left: 50px !important;background-position: 0 0 !important;background-repeat: no-repeat !important;}&#8221;][vc_column_inner][vc_single_image image=&#8221;3214&#8243; img_size=&#8221;full&#8221; image_hovers=&#8221;false&#8221; el_class=&#8221;k-bg-abs-left&#8221;][vc_single_image image=&#8221;3500&#8243; img_size=&#8221;large&#8221; alignment=&#8221;right&#8221; css_animation=&#8221;appear&#8221; el_class=&#8221;k-zi-2&#8243;][\/vc_column_inner][\/vc_row_inner][\/vc_column][\/vc_row][vc_row][vc_column width=&#8221;1\/2&#8243;][vc_column_text el_class=&#8221;k-text-head&#8221;]<strong>Nossa vis\u00e3o<\/strong><\/p>\n<p><strong>Larderello Group<\/strong> pretende ser reconhecido como uma ind\u00fastria l\u00edder na \u00e1rea da Qualidade, Sa\u00fade e Seguran\u00e7a das pessoas, nas \u00e1reas de Gest\u00e3o Ambiental e Energ\u00e9tica (QSMS &amp; Energia) em todos os setores em que atua, fornecendo solu\u00e7\u00f5es inovadoras e respondendo \u00e0s necessidades dos nossos clientes em linha com os princ\u00edpios globais de desenvolvimento sustent\u00e1vel e sistemas de gest\u00e3o integrados.<\/p>\n<p><strong>Nossos princ\u00edpios<\/strong><\/p>\n<p><strong>Larderello Group<\/strong> conduz seus neg\u00f3cios em conformidade com o meio ambiente, protegendo a sa\u00fade e a seguran\u00e7a das pessoas, funcion\u00e1rios, colaboradores, clientes e da comunidade, em todos os locais onde atua.<\/p>\n<ul>\n<li>comprometendo-se a melhorar constantemente seus processos, respeitando os requisitos legislativos e regulat\u00f3rios e as normas internacionais aplic\u00e1veis<\/li>\n<li>oferecendo produtos e servi\u00e7os de alta qualidade para contribuir com o sucesso de seus clientes e o crescimento do grupo<\/li>\n<li>adotando uma abordagem aberta, \u00e9tica e transparente nas comunica\u00e7\u00f5es, em quest\u00f5es de QSMS &amp; Energia<\/li>\n<li>investindo em compet\u00eancias e assegurando os recursos necess\u00e1rios para alcan\u00e7ar os objetivos comuns<\/li>\n<\/ul>\n<p><strong>Larderello Group<\/strong>\u00a0considera a sustentabilidade um pilar estrat\u00e9gico para a competitividade e o progresso. Por isso, o grupo est\u00e1 comprometido com a implementa\u00e7\u00e3o de uma pol\u00edtica corporativa voltada para a responsabilidade social, ambiental e \u00e9tica, capaz de gerar valor ao longo do tempo para todas as partes interessadas.<\/p>\n<p><strong>Nosso compromisso<\/strong><\/p>\n<p>Para seguir esses princ\u00edpios, <strong>Larderello Group<\/strong>\u00a0desenvolveu um processo estruturado para medir e reduzir sua pegada de carbono, tanto em n\u00edvel corporativo quanto de produto, em conformidade com as normas ISO 14064 e o Protocolo GHG, como parte integrante da estrat\u00e9gia de longo prazo para o clima e a sustentabilidade.<\/p>\n<p>Al\u00e9m disso, <strong>Larderello Group<\/strong> compromete-se<\/p>\n<ul>\n<li>para a Qualidade realizar suas atividades de acordo com a norma UNI EN ISO 9001: 2015, mantendo adequada a qualidade dos produtos fornecidos<\/li>\n<li>Para as quest\u00f5es ambientais, realizar suas atividades em conformidade com a norma UNI EN ISO 14001:2015 e o Regulamento CE\/1221\/2009 (EMAS III),\n<ul>\n<li>verificar a adequa\u00e7\u00e3o do contexto em que atua<\/li>\n<li>providenciar uma avalia\u00e7\u00e3o peri\u00f3dica das obriga\u00e7\u00f5es de conformidade aplic\u00e1veis<\/li>\n<li>providenciar uma avalia\u00e7\u00e3o peri\u00f3dica dos riscos e impactos ambientais de suas atividades e riscos relacionados, buscando solu\u00e7\u00f5es para minimizar quaisquer efeitos negativos de suas atividades no meio ambiente<\/li>\n<\/ul>\n<\/li>\n<\/ul>\n<p>[\/vc_column_text][\/vc_column][vc_column width=&#8221;1\/2&#8243;][vc_column_text]<\/p>\n<ul>\n<li style=\"list-style-type: none;\">\n<ul>\n<li>implementar uma comunica\u00e7\u00e3o transparente de suas atividades no campo ambiental<\/li>\n<li>dando especial aten\u00e7\u00e3o \u00e0 gest\u00e3o de res\u00edduos, trabalhando para um descarte orientado para a reciclagem de materiais<\/li>\n<\/ul>\n<\/li>\n<li>para as quest\u00f5es de Sa\u00fade e Seguran\u00e7a no Trabalho compromete-se a realizar suas atividades de acordo com a norma UNI ISO 45001: 2018\n<ul>\n<li>verificar a implementa\u00e7\u00e3o das disposi\u00e7\u00f5es legais sobre seguran\u00e7a no trabalho<\/li>\n<li>consultar e envolver os trabalhadores e, quando estabelecido, os representantes dos trabalhadores em rela\u00e7\u00e3o aos aspectos inerentes aos riscos para a sa\u00fade dos pr\u00f3prios trabalhadores<\/li>\n<li>planejar, desenvolver e implementar planos para a elimina\u00e7\u00e3o de riscos \u00e0 sa\u00fade dos trabalhadores<\/li>\n<li>por meio da ado\u00e7\u00e3o de um Sistema de Organiza\u00e7\u00e3o, Gest\u00e3o e Controle, nos termos do Decreto Legislativo italiano n\u00ba 231, de 8 de junho de 2001, destinado \u00e0 preven\u00e7\u00e3o dos crimes previstos na legisla\u00e7\u00e3o aplic\u00e1vel e coerente com a estrutura organizacional e as atividades desenvolvidas. (aqui \u00e9 poss\u00edvel consultar a informa\u00e7\u00e3o em <a href=\"https:\/\/larderellogroup.com\/wp-content\/uploads\/2026\/01\/Information-Notice-\u2013-Organisation-Management-and-Control-System-pursuant-to-Legislative-Decree-231-2001.pdf\">ingl\u00eas<\/a> e em <a href=\"https:\/\/larderellogroup.com\/wp-content\/uploads\/2026\/01\/Informativa-sul-Sistema-di-Organizzazione-Gestione-e-Controllo-ex-D.Lgs_.-231-2001.pdf\">italiano<\/a>)<\/li>\n<\/ul>\n<\/li>\n<li>para que a Preven\u00e7\u00e3o de Acidentes Graves exer\u00e7a suas atividades de acordo com o Decreto Legislativo 105\/2015\n<ul>\n<li>fornecer ferramentas adequadas para a implementa\u00e7\u00e3o e manuten\u00e7\u00e3o do sistema de gest\u00e3o de acidentes graves (manuais, procedimentos, instru\u00e7\u00f5es de opera\u00e7\u00e3o, etc.) e divulg\u00e1-los a todo o pessoal<\/li>\n<li>informar, treinar e capacitar todos os colaboradores para que possam operar com pleno conhecimento dos riscos potenciais associados ao neg\u00f3cio<\/li>\n<li>informar, previamente \u00e0 sua entrada na f\u00e1brica, todos os colaboradores, colaboradores de empresas externas, transportadores terceirizados e visitantes ocasionais, sobre os riscos envolvidos e sobre a organiza\u00e7\u00e3o respons\u00e1vel pela gest\u00e3o de seguran\u00e7a e emerg\u00eancia dentro da empresa<\/li>\n<li>providenciar medidas apropriadas para que o pessoal terceirizado que opera na planta adote comportamentos, pr\u00e1ticas e procedimentos consistentes com esta pol\u00edtica de preven\u00e7\u00e3o de acidentes graves<\/li>\n<li>para t\u00f3picos espec\u00edficos, consulte a Pol\u00edtica de Preven\u00e7\u00e3o de Acidentes Graves (Pol\u00edtica PIR)<\/li>\n<\/ul>\n<\/li>\n<li>para a Efici\u00eancia Energ\u00e9tica realizar suas atividades de acordo com a norma UNI CEI EN ISO 50001: 2018\n<ul>\n<li>garantir aten\u00e7\u00e3o \u00e0 economia e efici\u00eancia energ\u00e9tica desde a fase de aquisi\u00e7\u00e3o<\/li>\n<li>aplicar princ\u00edpios de efici\u00eancia a todos os aspectos energ\u00e9ticos que envolvem a empresa, como o uso de m\u00e1quinas de escrit\u00f3rio, sistemas de ilumina\u00e7\u00e3o, refrigera\u00e7\u00e3o e aquecimento, m\u00e9todos de processamento<\/li>\n<li>implementar o monitoramento e controle do consumo de energia dos escrit\u00f3rios e plantas<\/li>\n<li>planejar as atividades de trabalho com vistas \u00e0 efici\u00eancia energ\u00e9tica, sempre que poss\u00edvel e, em qualquer caso, garantindo a continuidade dos processos<\/li>\n<\/ul>\n<\/li>\n<\/ul>\n<p>Como prova de seu compromisso concreto, <strong>Larderello Group<\/strong> obteve a Medalha de Prata da EcoVadis, posicionando-se entre as melhores empresas internacionais avaliadas em sustentabilidade ambiental, \u00e9tica, responsabilidade social e compras sustent\u00e1veis. Esse reconhecimento confirma a solidez de sua abordagem ESG (Ambiental, Social e Governan\u00e7a).<\/p>\n<p><em>Larderello, 11 de abril de 2025<\/em>[\/vc_column_text]<div id=\"ultimate-heading-28269ea0d935b913\" class=\"uvc-heading ult-adjust-bottom-margin ultimate-heading-28269ea0d935b913 uvc-9879  uvc-heading-default-font-sizes\" data-hspacer=\"no_spacer\"  data-halign=\"left\" style=\"text-align:left\"><div class=\"uvc-heading-spacer no_spacer\" style=\"top\"><\/div><div class=\"uvc-sub-heading ult-responsive\"  data-ultimate-target='.uvc-heading.ultimate-heading-28269ea0d935b913 .uvc-sub-heading '  data-responsive-json-new='{\"font-size\":\"\",\"line-height\":\"\"}'  style=\"font-weight:normal;color:#eb6417;\"><\/p>\n<p style=\"text-align: right;\"><strong>Paolo Bonini<br \/>\n<\/strong>Executive Chairman<\/p>\n<p><\/div><\/div>[\/vc_column][\/vc_row][vc_row full_width=&#8221;stretch_row&#8221; equal_height=&#8221;yes&#8221; disable_element=&#8221;yes&#8221; css=&#8221;.vc_custom_1747815325653{margin-top: 30px !important;margin-bottom: 20px !important;background-color: #78ab42 !important;}&#8221; el_class=&#8221;color-white&#8221;][vc_column width=&#8221;1\/2&#8243;][vc_row_inner equal_height=&#8221;yes&#8221;][vc_column_inner el_class=&#8221;wpb_animate_when_almost_visible wpb_fadeInDown fadeInDown head-border&#8221; width=&#8221;1\/6&#8243; offset=&#8221;vc_col-xs-2&#8243;][\/vc_column_inner][vc_column_inner width=&#8221;5\/6&#8243; offset=&#8221;vc_col-xs-10&#8243;]<div id=\"ultimate-heading-761369ea0d935b94f\" class=\"uvc-heading ult-adjust-bottom-margin ultimate-heading-761369ea0d935b94f uvc-4952 wpb_animate_when_almost_visible wpb_fadeInLeft fadeInLeft k-top-spacing uvc-heading-default-font-sizes\" data-hspacer=\"no_spacer\"  data-halign=\"left\" style=\"text-align:left\"><div class=\"uvc-heading-spacer no_spacer\" style=\"top\"><\/div><div class=\"uvc-main-heading ult-responsive\"  data-ultimate-target='.uvc-heading.ultimate-heading-761369ea0d935b94f h4'  data-responsive-json-new='{\"font-size\":\"\",\"line-height\":\"\"}' ><h4 style=\"--font-weight:theme;color:#ffffff;margin-top:20px;\">Sustentabilidade<\/h4><\/div><div class=\"uvc-sub-heading ult-responsive\"  data-ultimate-target='.uvc-heading.ultimate-heading-761369ea0d935b94f .uvc-sub-heading '  data-responsive-json-new='{\"font-size\":\"desktop:32px;mobile_landscape:22px;\",\"line-height\":\"desktop:44px;mobile_landscape:30px;\"}'  style=\"font-weight:bold;color:#ffffff;margin-bottom:20px;\">O amor pela nossa bela p\u00e1tria nos leva \u00e0 prote\u00e7\u00e3o ambiental<\/div><\/div>[\/vc_column_inner][\/vc_row_inner][vc_column_text css_animation=&#8221;fadeIn&#8221; css=&#8221;.vc_custom_1615807133691{padding-top: 20px !important;}&#8221; el_class=&#8221;k-text-head&#8221;]Na segunda metade do s\u00e9culo XX, o enorme crescimento econ\u00f4mico e populacional em todo o mundo agravou os fatores que amea\u00e7am a sa\u00fade e o meio ambiente. A destrui\u00e7\u00e3o da camada de oz\u00f4nio, as mudan\u00e7as clim\u00e1ticas, o esgotamento dos recursos naturais e a extensaperda da biodiversidade e dos habitat naturais s\u00e3o t\u00f3picos cotidianos.<br \/>\nCom grande foco em solu\u00e7\u00f5es inovadoras e sustent\u00e1veis, o Grupo Larderello desenvolveu tamb\u00e9m estrat\u00e9gias que podem ter como objetivo melhorar a efici\u00eancia das energias de produ\u00e7\u00e3o, trabalhando com recursos renov\u00e1veis e recicl\u00e1veis.<br \/>\nSeguindo os 12 princ\u00edpios da qu\u00edmica verde, o Grupo Larderello implementou um procedimento de produ\u00e7\u00e3o para emitir menos res\u00edduos e polui\u00e7\u00e3o, minimizando os impactos na economia e no meio ambiente.<br \/>\nA promo\u00e7\u00e3o de a\u00e7\u00f5es verdes em todas as f\u00e1bricas ao redor do mundo tem o objetivo de sustentar um mundo melhor.[\/vc_column_text][\/vc_column][vc_column width=&#8221;1\/2&#8243; css=&#8221;.vc_custom_1614763574421{background-image: url(https:\/\/larderellogroup.com\/wp-content\/uploads\/2021\/02\/Schermata-2020-10-20-alle-10.59.42.png?id=3192) !important;background-position: center !important;background-repeat: no-repeat !important;background-size: cover !important;}&#8221; el_class=&#8221;image-mh&#8221;][\/vc_column][\/vc_row][vc_row][vc_column width=&#8221;1\/2&#8243;][vc_column_text el_class=&#8221;k-text-head&#8221;]Esta vis\u00e3o \u00e9 implantada atrav\u00e9s de um sistema integrado de Qualidade, Sa\u00fade, Meio Ambiente e Seguran\u00e7a (QHSE).<\/p>\n<ul>\n<li>Certifica\u00e7\u00e3o Ambiental ISO 14001<\/li>\n<li>Certifica\u00e7\u00e3o do Sistema de Qualidade ISO 9001<\/li>\n<li>Certifica\u00e7\u00e3o de Sa\u00fade e Seguran\u00e7a ISO 45001<\/li>\n<li>Certifica\u00e7\u00e3o do Sistema de Gest\u00e3o de Energia ISO 50001<\/li>\n<li>Certifica\u00e7\u00e3o Padr\u00e3o de Seguran\u00e7a Alimentar FSSC 22000<\/li>\n<li>Certifica\u00e7\u00e3o de Qualidade de Fertilizantes<\/li>\n<li>Certifica\u00e7\u00e3o de Prote\u00e7\u00e3o Clim\u00e1tica PAMIRA<\/li>\n<li>Certifica\u00e7\u00e3o de Eco-Management e Audit Scheme<\/li>\n<\/ul>\n<p>[\/vc_column_text][\/vc_column][vc_column width=&#8221;1\/2&#8243;][vc_column_text]<div class=\"certifications-container\"><div class=\"certification k-list\"><div class=\"uvc-main-heading ult-responsive\"><span><\/span><h4>ISO 9001<\/h4><\/div><ul class=\"certification-list\"><li><a href=\"https:\/\/larderellogroup.com\/wp-content\/uploads\/2025\/06\/CERT-ISO-9001-EN-SCL-Italia_scad-05-2026.pdf\" target=\"_blank\">ISO 9001 Italy<\/a><\/li><li><a href=\"https:\/\/larderellogroup.com\/wp-content\/uploads\/2025\/09\/CERT-ISO-9001-EN-PACK_scad.-05-2026.pdf\" target=\"_blank\">ISO 9001 Brazil<\/a><\/li><li><a href=\"https:\/\/larderellogroup.com\/wp-content\/uploads\/2025\/03\/01-10006-1530013_Main_EN.pdf\" target=\"_blank\">ISO 9001 Argentina<\/a><\/li><li><a href=\"https:\/\/larderellogroup.com\/wp-content\/uploads\/2025\/09\/CERT-ISO-9001-EN-SCL-BEIJINNG_scad.-05-20256.pdf\" target=\"_blank\">ISO 9001 China<\/a><\/li><li><a href=\"https:\/\/larderellogroup.com\/wp-content\/uploads\/2025\/09\/CERT-ISO-9001-EN-SCL-FILIPPINE_scad-05-2026.pdf\" target=\"_blank\">ISO 9001 Philippines<\/a><\/li><li><a href=\"https:\/\/larderellogroup.com\/wp-content\/uploads\/2025\/09\/CERT-ISO-9001-EN-SCL-INDIA_scad-05-2026.pdf\" target=\"_blank\">ISO 9001 India<\/a><\/li><\/ul><\/div><div class=\"certification k-list\"><div class=\"uvc-main-heading ult-responsive\"><span><\/span><h4>ISO Certifications - others<\/h4><\/div><ul class=\"certification-list\"><li><a href=\"https:\/\/larderellogroup.com\/wp-content\/uploads\/2025\/07\/CERT-ISO-14001-EN_scad-03-2028.pdf\" target=\"_blank\">ISO 14001 Italy<\/a><\/li><li><a href=\"https:\/\/larderellogroup.com\/wp-content\/uploads\/2026\/03\/ISO-14001_2026-CERT-ESSIOD.pdf\" target=\"_blank\">ISO 14001 Argentina<\/a><\/li><li><a href=\"https:\/\/larderellogroup.com\/wp-content\/uploads\/2025\/01\/CERT-ISO-45001-EN_scad-12-2027-bis.pdf\" target=\"_blank\">ISO 45001 Italy<\/a><\/li><li><a href=\"https:\/\/larderellogroup.com\/wp-content\/uploads\/2026\/03\/ISO-45001_2026-CERT-ESSIOD.pdf\" target=\"_blank\">ISO 45001 Argentina<\/a><\/li><li><a href=\"https:\/\/larderellogroup.com\/wp-content\/uploads\/2025\/01\/CERT-ISO-50001-EN_scad-12-2027-bis.pdf\" target=\"_blank\">ISO 50001 Italy<\/a><\/li><\/ul><\/div><div class=\"certification k-list\"><div class=\"uvc-main-heading ult-responsive\"><span><\/span><h4>Others<\/h4><\/div><ul class=\"certification-list\"><li><a href=\"https:\/\/larderellogroup.com\/wp-content\/uploads\/2025\/04\/IT_002259-signed-EMAS-III.pdf\" target=\"_blank\">EMAS III - Eco Management Certificate<\/a><\/li><li><a href=\"https:\/\/larderellogroup.com\/wp-content\/uploads\/2025\/09\/Climate-Protection-Certificate-2024_SCL-Italia-SpA..pdf\" target=\"_blank\">PAMIRA - Climate Protection Certificate<\/a><\/li><li><a href=\"https:\/\/larderellogroup.com\/wp-content\/uploads\/2025\/07\/FSSC-22000-EN.pdf\" target=\"_blank\">FSSC 22000 ESSIOD Argentina<\/a><\/li><li><a href=\"https:\/\/larderellogroup.com\/wp-content\/uploads\/2025\/07\/quality.pdf\" target=\"_blank\">Quality Policy and Food Safety ESSIOD Argentina<\/a><\/li><li><a href=\"https:\/\/larderellogroup.com\/wp-content\/uploads\/2025\/07\/Environmental.pdf\" target=\"_blank\">Environmental Occupational Health and Safety Policy ESSIOD Argentina<\/a><\/li><\/ul><\/div><\/div><script>\n      jQuery(document).ready(function($) {\n        $(\".certification .uvc-main-heading\").click(function() {\n          $(this).parent().toggleClass(\"active\");\n        });\n      });\n    <\/script>[\/vc_column_text][\/vc_column][\/vc_row]<\/p>\n","protected":false},"excerpt":{"rendered":"<p>[vc_row full_width=&#8221;stretch_row&#8221; bg_type=&#8221;image&#8221; parallax_style=&#8221;vcpb-default&#8221; bg_image_new=&#8221;id^3232|url^https:\/\/larderellogroup.com\/wp-content\/uploads\/2021\/03\/ethics.jpg|caption^null|alt^null|title^ethics|description^null&#8221; bg_image_repeat=&#8221;no-repeat&#8221; bg_override=&#8221;full&#8221; css=&#8221;.vc_custom_1614763386322{padding-top: 140px !important;}&#8221;][vc_column][vc_column_text css_animation=&#8221;fadeInLeft&#8221; el_class=&#8221;hidden&#8221;] Larderello [\/vc_column_text][\/vc_column][\/vc_row][vc_row equal_height=&#8221;yes&#8221; css=&#8221;.vc_custom_1614765609992{padding-bottom: 50px !important;}&#8221;][vc_column width=&#8221;1\/2&#8243; el_class=&#8221;k-ma0&#8243;][vc_row_inner equal_height=&#8221;yes&#8221; content_placement=&#8221;middle&#8221;][vc_column_inner el_class=&#8221;wpb_animate_when_almost_visible wpb_fadeInDown fadeInDown head-border&#8221; width=&#8221;1\/6&#8243; offset=&#8221;vc_col-xs-2&#8243;][\/vc_column_inner][vc_column_inner width=&#8221;5\/6&#8243; offset=&#8221;vc_col-xs-10&#8243;][\/vc_column_inner][\/vc_row_inner][\/vc_column][vc_column width=&#8221;1\/2&#8243;][vc_row_inner css=&#8221;.vc_custom_1613991286926{padding-left: 50px !important;background-position: 0 0 !important;background-repeat: no-repeat !important;}&#8221;][vc_column_inner][vc_single_image image=&#8221;3214&#8243; img_size=&#8221;full&#8221; image_hovers=&#8221;false&#8221; el_class=&#8221;k-bg-abs-left&#8221;][vc_single_image image=&#8221;3500&#8243; img_size=&#8221;large&#8221; alignment=&#8221;right&#8221; css_animation=&#8221;appear&#8221; el_class=&#8221;k-zi-2&#8243;][\/vc_column_inner][\/vc_row_inner][\/vc_column][\/vc_row][vc_row][vc_column width=&#8221;1\/2&#8243;][vc_column_text el_class=&#8221;k-text-head&#8221;]Nossa vis\u00e3o Larderello Group pretende ser&hellip;<\/p>\n","protected":false},"author":1,"featured_media":0,"parent":0,"menu_order":0,"comment_status":"closed","ping_status":"closed","template":"","meta":[],"acf":[],"_links":{"self":[{"href":"https:\/\/larderellogroup.com\/pt-br\/wp-json\/wp\/v2\/pages\/3486"}],"collection":[{"href":"https:\/\/larderellogroup.com\/pt-br\/wp-json\/wp\/v2\/pages"}],"about":[{"href":"https:\/\/larderellogroup.com\/pt-br\/wp-json\/wp\/v2\/types\/page"}],"author":[{"embeddable":true,"href":"https:\/\/larderellogroup.com\/pt-br\/wp-json\/wp\/v2\/users\/1"}],"replies":[{"embeddable":true,"href":"https:\/\/larderellogroup.com\/pt-br\/wp-json\/wp\/v2\/comments?post=3486"}],"version-history":[{"count":72,"href":"https:\/\/larderellogroup.com\/pt-br\/wp-json\/wp\/v2\/pages\/3486\/revisions"}],"predecessor-version":[{"id":4603,"href":"https:\/\/larderellogroup.com\/pt-br\/wp-json\/wp\/v2\/pages\/3486\/revisions\/4603"}],"wp:attachment":[{"href":"https:\/\/larderellogroup.com\/pt-br\/wp-json\/wp\/v2\/media?parent=3486"}],"curies":[{"name":"wp","href":"https:\/\/api.w.org\/{rel}","templated":true}]}}