{"id":3847,"date":"2022-02-17T07:49:13","date_gmt":"2022-02-17T07:49:13","guid":{"rendered":"https:\/\/larderellogroup.com\/sustainability\/"},"modified":"2026-02-12T13:46:07","modified_gmt":"2026-02-12T13:46:07","slug":"sustentavel","status":"publish","type":"page","link":"https:\/\/larderellogroup.com\/pt-br\/sustentavel\/","title":{"rendered":"Sustent\u00e1vel"},"content":{"rendered":"<p>[vc_row full_width=&#8221;stretch_row&#8221; bg_type=&#8221;image&#8221; parallax_style=&#8221;vcpb-default&#8221; bg_image_new=&#8221;id^3691|url^https:\/\/larderellogroup.com\/wp-content\/uploads\/2022\/02\/img-HEADER-LARDERELLO.jpg|caption^null|alt^null|title^img-HEADER-LARDERELLO|description^null&#8221; bg_image_repeat=&#8221;no-repeat&#8221; bg_override=&#8221;full&#8221; css=&#8221;.vc_custom_1645001226990{padding-top: 140px !important;}&#8221;][vc_column][vc_column_text css_animation=&#8221;fadeInLeft&#8221; el_class=&#8221;hidden&#8221;]<\/p>\n<h2>GRUPO LARDERELLO<\/h2>\n<p>[\/vc_column_text]<div id=\"ultimate-heading-522769ea0e7b218cd\" class=\"uvc-heading ult-adjust-bottom-margin ultimate-heading-522769ea0e7b218cd uvc-3313 wpb_animate_when_almost_visible wpb_fadeInLeft fadeInLeft bg-white-h2\" data-hspacer=\"no_spacer\"  data-halign=\"left\" style=\"text-align:left\"><div class=\"uvc-heading-spacer no_spacer\" style=\"top\"><\/div><div class=\"uvc-main-heading ult-responsive\"  data-ultimate-target='.uvc-heading.ultimate-heading-522769ea0e7b218cd h2'  data-responsive-json-new='{\"font-size\":\"desktop:60px;tablet_portrait:50px;mobile_landscape:40px;mobile:30px;\",\"line-height\":\"desktop:60px;tablet_portrait:50px;mobile_landscape:40px;mobile:30px;\"}' ><h2 style=\"font-weight:bold;margin-bottom:120px;\">Sustent\u00e1vel<\/h2><\/div><\/div><style type=\"text\/css\" data-type=\"the7_shortcodes-inline-css\">.dt-breadcrumbs-id-56daad7971e4d138bac2111c3408f04c .breadcrumbs {\n  display: inline-block;\n  margin: 0;\n  padding: 20px 40px 0px 40px;\n  background: #ffffff;\n  border: 0px solid ;\n  border-radius: 0px;\n}\n.dt-breadcrumbs-id-56daad7971e4d138bac2111c3408f04c .breadcrumbs * {\n  font-size: 16px;\n  color: #a2a5a6;\n}\n<\/style><div class=\"dt-breadcrumbs-shortcode dt-breadcrumbs-id-56daad7971e4d138bac2111c3408f04c align-left\"><div class=\"assistive-text\">Voc\u00ea est\u00e1 aqui:<\/div><ol class=\"breadcrumbs text-small\" itemscope itemtype=\"https:\/\/schema.org\/BreadcrumbList\"><li itemprop=\"itemListElement\" itemscope itemtype=\"https:\/\/schema.org\/ListItem\"><a itemprop=\"item\" href=\"https:\/\/larderellogroup.com\/pt-br\/\" title=\"\"><span itemprop=\"name\">In\u00edcio<\/span><\/a><meta itemprop=\"position\" content=\"1\" \/><\/li><li class=\"current\" itemprop=\"itemListElement\" itemscope itemtype=\"https:\/\/schema.org\/ListItem\"><span itemprop=\"name\">P\u00e1gina<\/span><meta itemprop=\"position\" content=\"2\" \/><\/li><\/ol><\/div>[\/vc_column][\/vc_row][vc_row equal_height=&#8221;yes&#8221; css=&#8221;.vc_custom_1645002107066{padding-bottom: 50px !important;}&#8221;][vc_column width=&#8221;1\/3&#8243; el_class=&#8221;k-ma0&#8243;][vc_row_inner equal_height=&#8221;yes&#8221; content_placement=&#8221;middle&#8221;][vc_column_inner el_class=&#8221;wpb_animate_when_almost_visible wpb_fadeInDown fadeInDown head-border&#8221; width=&#8221;1\/6&#8243; offset=&#8221;vc_col-xs-2&#8243;][\/vc_column_inner][vc_column_inner width=&#8221;5\/6&#8243; offset=&#8221;vc_col-xs-10&#8243;]<div id=\"ultimate-heading-158369ea0e7b21ebf\" class=\"uvc-heading ult-adjust-bottom-margin ultimate-heading-158369ea0e7b21ebf uvc-1421 wpb_animate_when_almost_visible wpb_fadeInLeft fadeInLeft k-top-spacing uvc-heading-default-font-sizes\" data-hspacer=\"no_spacer\"  data-halign=\"left\" style=\"text-align:left\"><div class=\"uvc-heading-spacer no_spacer\" style=\"top\"><\/div><div class=\"uvc-main-heading ult-responsive\"  data-ultimate-target='.uvc-heading.ultimate-heading-158369ea0e7b21ebf h4'  data-responsive-json-new='{\"font-size\":\"\",\"line-height\":\"\"}' ><h4 style=\"--font-weight:theme;margin-top:20px;\">Sustent\u00e1vel<\/h4><\/div><div class=\"uvc-sub-heading ult-responsive\"  data-ultimate-target='.uvc-heading.ultimate-heading-158369ea0e7b21ebf .uvc-sub-heading '  data-responsive-json-new='{\"font-size\":\"desktop:32px;mobile_landscape:20px;\",\"line-height\":\"desktop:44px;mobile_landscape:30px;\"}'  style=\"font-weight:bold;margin-bottom:20px;\">A inova\u00e7\u00e3o verde \u00e9 o centro do nosso trabalho di\u00e1rio<br \/>\n<\/div><\/div>[\/vc_column_inner][\/vc_row_inner][\/vc_column][vc_column width=&#8221;2\/3&#8243;][vc_empty_space height=&#8221;80px&#8221; el_class=&#8221;hidden-sm&#8221;][vc_column_text css_animation=&#8221;fadeIn&#8221; el_class=&#8221;k-text-head&#8221;]<\/p>\n<p style=\"text-align: left;\"><strong>Nosso objetivo: uma nova era de emiss\u00f5es zero para criar um mundo melhor para todos.<br \/>\n<\/strong><\/p>\n<p style=\"text-align: left;\">A Terra est\u00e1 se aquecendo. O aquecimento global est\u00e1 causando mudan\u00e7as clim\u00e1ticas que s\u00e3o muito arriscadas para todos. Durante a c\u00fapula global COP26, os principais objetivos da Agenda 2030 foram revisados para lidar com os desafios clim\u00e1ticos, alcan\u00e7ando-os por meio das a\u00e7\u00f5es que cada parte interessada deve gerenciar.<\/p>\n<p>[\/vc_column_text][\/vc_column][\/vc_row][vc_row][vc_column][vc_column_text]<\/p>\n<h3 class=\"grey-text\"><strong>Nosso objetivo \u00e9 criar agrega\u00e7\u00f5es constantes de valor e oportunidades ao conectar a nossa empresa aos lugares onde atuamos e cuidar do meio ambiente em que vivemos.<\/strong><\/h3>\n<p>[\/vc_column_text][\/vc_column][\/vc_row][vc_row equal_height=&#8221;yes&#8221; css=&#8221;.vc_custom_1645004404919{padding-bottom: 50px !important;}&#8221;][vc_column width=&#8221;1\/2&#8243; css=&#8221;.vc_custom_1645544269307{padding-top: 20px !important;}&#8221;][vc_column_text css=&#8221;.vc_custom_1645656878506{margin-bottom: 10px !important;}&#8221;]Na nossa \u00e1rea de produ\u00e7\u00e3o, utilizamos os elementos da natureza amplamente difundidos e abundantes, garantindo solu\u00e7\u00f5es inovadoras e sustent\u00e1veis geradas pela energia verde. O calor da terra nos acompanha em todas as nossas atividades, reduzindo drasticamente os n\u00edveis de emiss\u00e3o de CO<sub>2<\/sub>, enquanto a capta\u00e7\u00e3o de \u00e1gua da chuva contribui para reduzir o desperd\u00edcio de recursos naturais durante os processos de produ\u00e7\u00e3o.<br \/>\nPor meio desse gerenciamento virtuoso de todos os processos industriais, estamos nos tornando cada vez mais independentes de qualquer outra fonte importante, como o esgotamento de energias dependentes de pa\u00edses estrangeiros, que possam limitar o nosso desenvolvimento. Com as energias renov\u00e1veis, estamos ajudando a diminuir a preval\u00eancia de poluentes nocivos e contribuindo para criar um ambiente mais saud\u00e1vel.[\/vc_column_text][vc_row_inner equal_height=&#8221;yes&#8221; content_placement=&#8221;middle&#8221;][vc_column_inner width=&#8221;1\/4&#8243;][vc_single_image image=&#8221;3843&#8243;][\/vc_column_inner][vc_column_inner width=&#8221;3\/4&#8243; css=&#8221;.vc_custom_1645545343943{padding-left: 0px !important;}&#8221;]<div id=\"ultimate-heading-891269ea0e7b21f11\" class=\"uvc-heading ult-adjust-bottom-margin ultimate-heading-891269ea0e7b21f11 uvc-4279  uvc-heading-default-font-sizes\" data-hspacer=\"no_spacer\"  data-halign=\"left\" style=\"text-align:left\"><div class=\"uvc-heading-spacer no_spacer\" style=\"top\"><\/div><div class=\"uvc-sub-heading ult-responsive\"  data-ultimate-target='.uvc-heading.ultimate-heading-891269ea0e7b21f11 .uvc-sub-heading '  data-responsive-json-new='{\"font-size\":\"desktop:8px;\",\"line-height\":\"desktop:9px;\"}'  style=\"font-weight:normal;\">Respeitamos o meio ambiente utilizando<br \/>\napenas energia produzida a partir de fontes<br \/>\nrenov\u00e1veis, como \u00e1gua, sol, vento<br \/>\ne calor da terra, certificada pelo<br \/>\nsistema de &#8220;garantia de origem&#8221;<br \/>\ndo gestor de servi\u00e7os energ\u00e9ticos,<br \/>\ncom base na diretiva 2009\/28\/ce.<br \/>\n<\/div><\/div>[\/vc_column_inner][\/vc_row_inner][\/vc_column][vc_column width=&#8221;1\/2&#8243;][vc_row_inner css=&#8221;.vc_custom_1645083909571{padding-left: 50px !important;}&#8221;][vc_column_inner css=&#8221;.vc_custom_1645084096272{padding-top: 35px !important;}&#8221;][vc_single_image image=&#8221;3214&#8243; img_size=&#8221;full&#8221; image_hovers=&#8221;false&#8221; el_class=&#8221;k-bg-abs-left&#8221;][vc_single_image image=&#8221;3722&#8243; img_size=&#8221;large&#8221; alignment=&#8221;right&#8221; css_animation=&#8221;appear&#8221; el_class=&#8221;k-zi-2&#8243;][\/vc_column_inner][\/vc_row_inner][\/vc_column][\/vc_row][vc_row equal_height=&#8221;yes&#8221; content_placement=&#8221;middle&#8221; css=&#8221;.vc_custom_1645111951567{padding-bottom: 20px !important;}&#8221;][vc_column width=&#8221;1\/2&#8243;][vc_row_inner css=&#8221;.vc_custom_1645004346842{padding-left: 50px !important;}&#8221;][vc_column_inner css=&#8221;.vc_custom_1645104018181{padding-top: 35px !important;}&#8221;][vc_single_image image=&#8221;3214&#8243; img_size=&#8221;full&#8221; image_hovers=&#8221;false&#8221; el_class=&#8221;k-bg-abs-left&#8221;][vc_single_image image=&#8221;3744&#8243; img_size=&#8221;large&#8221; alignment=&#8221;right&#8221; css_animation=&#8221;appear&#8221; el_class=&#8221;k-zi-2&#8243;][\/vc_column_inner][\/vc_row_inner][\/vc_column][vc_column width=&#8221;1\/2&#8243; css=&#8221;.vc_custom_1645026575378{padding-top: 20px !important;}&#8221;][vc_column_text]Mudamos a nossa forma de mobilidade, adotando solu\u00e7\u00f5es el\u00e9tricas capazes de reduzir ainda mais a polui\u00e7\u00e3o.<br \/>\nEsta tecnologia est\u00e1 em constante evolu\u00e7\u00e3o, tornando a mobilidade el\u00e9trica cada vez mais eficiente e criando novos usos para ela. Como os ve\u00edculos el\u00e9tricos n\u00e3o possuem motores de combust\u00e3o, els evitam a emiss\u00e3o de toneladas de gases de efeito estufa, o que, por sua vez, auxilia no combate aos efeitos das mudan\u00e7as clim\u00e1ticas.<br \/>\n[\/vc_column_text][\/vc_column][\/vc_row][vc_row][vc_column width=&#8221;1\/2&#8243;][vc_single_image image=&#8221;3753&#8243; img_size=&#8221;medium&#8221;][vc_column_text]Voltamos cuidados especiais \u00e0 responsabilidade social, oferecendo novas oportunidades \u00e0s pessoas e potencializando relacionamentos positivos. Os projetos nos territ\u00f3rios onde atuamos s\u00e3o regularmente considerados e implementados.<br \/>\nAs rela\u00e7\u00f5es com alguns parceiros s\u00e3o ativas para explorar todo o potencial na integra\u00e7\u00e3o do ambiente social em um bem-estar comum. Estamos desenvolvendo uma comunidade entre todas as partes interessadas e a confian\u00e7a do mercado em n\u00f3s. Nossa aten\u00e7\u00e3o ao territ\u00f3rio n\u00e3o apenas tem vantagens para a pr\u00f3pria empresa, mas tamb\u00e9m beneficia a comunidade e a sociedade em geral<br \/>\n[\/vc_column_text][\/vc_column][vc_column width=&#8221;1\/2&#8243; css=&#8221;.vc_custom_1645105966893{padding-top: 50px !important;}&#8221;][vc_row_inner css=&#8221;.vc_custom_1645004346842{padding-left: 50px !important;}&#8221;][vc_column_inner css=&#8221;.vc_custom_1645106298570{padding-bottom: 12px !important;}&#8221;][vc_single_image image=&#8221;3214&#8243; img_size=&#8221;full&#8221; alignment=&#8221;right&#8221; image_hovers=&#8221;false&#8221; el_class=&#8221;k-bg-abs-bottom-right&#8221;][vc_single_image image=&#8221;3756&#8243; img_size=&#8221;large&#8221; css_animation=&#8221;appear&#8221; el_class=&#8221;k-zi-2&#8243;][\/vc_column_inner][\/vc_row_inner][\/vc_column][\/vc_row][vc_row equal_height=&#8221;yes&#8221; content_placement=&#8221;middle&#8221; css=&#8221;.vc_custom_1645111951567{padding-bottom: 20px !important;}&#8221;][vc_column width=&#8221;1\/2&#8243;][vc_row_inner css=&#8221;.vc_custom_1645004346842{padding-left: 50px !important;}&#8221;][vc_column_inner css=&#8221;.vc_custom_1645104018181{padding-top: 35px !important;}&#8221;][vc_single_image image=&#8221;4496&#8243; img_size=&#8221;large&#8221; css_animation=&#8221;appear&#8221; el_class=&#8221;k-zi-2&#8243;][\/vc_column_inner][\/vc_row_inner][\/vc_column][vc_column width=&#8221;1\/2&#8243; css=&#8221;.vc_custom_1645026575378{padding-top: 20px !important;}&#8221;][vc_column_text]<strong>Preserva\u00e7\u00e3o do Patrim\u00f4nio Cultural<br \/>\n<\/strong>Apoiamos o <strong><a href=\"http:\/\/www.fondoambiente.it\">FAI<\/a>, por meio da participa\u00e7\u00e3o no programa de associa\u00e7\u00e3o Corporate Golden Donor<\/strong>, para contribuir com a prote\u00e7\u00e3o e a promo\u00e7\u00e3o do patrim\u00f4nio hist\u00f3rico, art\u00edstico e paisag\u00edstico da It\u00e1lia. Esse compromisso reflete nossa vis\u00e3o ampla de sustentabilidade: preservar o que nos cerca significa proteger os recursos para as gera\u00e7\u00f5es futuras. Por meio de iniciativas concretas e da colabora\u00e7\u00e3o com o <a href=\"http:\/\/www.fondoambiente.it\">FAI<\/a>, participamos ativamente da conserva\u00e7\u00e3o de locais de valor hist\u00f3rico e ambiental, promovendo uma cultura de responsabilidade e cuidado compartilhados.[\/vc_column_text][\/vc_column][\/vc_row][vc_row equal_height=&#8221;yes&#8221; content_placement=&#8221;middle&#8221; css=&#8221;.vc_custom_1645111951567{padding-bottom: 20px !important;}&#8221;][vc_column width=&#8221;1\/2&#8243;][vc_row_inner css=&#8221;.vc_custom_1645004346842{padding-left: 50px !important;}&#8221;][vc_column_inner css=&#8221;.vc_custom_1645104018181{padding-top: 35px !important;}&#8221;][vc_single_image image=&#8221;4493&#8243; img_size=&#8221;large&#8221; css_animation=&#8221;appear&#8221; el_class=&#8221;k-zi-2&#8243;][\/vc_column_inner][\/vc_row_inner][\/vc_column][vc_column width=&#8221;1\/2&#8243; css=&#8221;.vc_custom_1645026575378{padding-top: 20px !important;}&#8221;][vc_column_text]<strong>Apoio \u00e0 Pesquisa em Sa\u00fade<\/strong><br \/>\nNosso compromisso com a inova\u00e7\u00e3o vai al\u00e9m do P&amp;D industrial: apoiamos ativamente a <a href=\"https:\/\/www.fondazionetelethon.it\/en\/\"><strong>Telethon<\/strong><\/a>, contribuindo para projetos de pesquisa cient\u00edfica dedicados ao avan\u00e7o da sa\u00fade e \u00e0 melhoria da qualidade de vida. Esse compromisso tamb\u00e9m reflete a filosofia do nosso centro de pesquisa, onde desenvolvemos solu\u00e7\u00f5es inovadoras e sustent\u00e1veis que geram um impacto positivo na sociedade.[\/vc_column_text][\/vc_column][\/vc_row][vc_row equal_height=&#8221;yes&#8221; content_placement=&#8221;middle&#8221; css=&#8221;.vc_custom_1645111951567{padding-bottom: 20px !important;}&#8221;][vc_column width=&#8221;1\/2&#8243;][vc_row_inner css=&#8221;.vc_custom_1645004346842{padding-left: 50px !important;}&#8221;][vc_column_inner css=&#8221;.vc_custom_1645104018181{padding-top: 35px !important;}&#8221;][vc_single_image image=&#8221;4445&#8243; img_size=&#8221;large&#8221; css_animation=&#8221;appear&#8221; el_class=&#8221;k-zi-2&#8243;][\/vc_column_inner][\/vc_row_inner][\/vc_column][vc_column width=&#8221;1\/2&#8243; css=&#8221;.vc_custom_1645026575378{padding-top: 20px !important;}&#8221;][vc_column_text]<strong>Larderello Group recebe a medalha de prata da EcoVadis por seu desempenho excepcional em ESG<\/strong><br \/>\nA sustentabilidade de nossas pr\u00e1ticas foi reconhecida de forma independente pela <a href=\"https:\/\/ecovadis.com\/\"><strong>EcoVadis<\/strong><\/a> com a <strong>Medalha de Prata<\/strong>, posicionando o Larderello Group e a <a class=\"link-no-color\" href=\"https:\/\/recognition.ecovadis.com\/axhptTNksE65w1diAnNN_w\" target=\"_blank\" rel=\"noopener\">SCL Italia Spa<\/a> entre as principais empresas do mundo avaliadas por seu desempenho ambiental, social e de governan\u00e7a. Este resultado reflete a consist\u00eancia de nossas estrat\u00e9gias de longo prazo na redu\u00e7\u00e3o do impacto ambiental, na promo\u00e7\u00e3o de uma conduta empresarial respons\u00e1vel e na integra\u00e7\u00e3o da sustentabilidade em todas as etapas de nossas opera\u00e7\u00f5es.[\/vc_column_text][\/vc_column][\/vc_row][vc_row css=&#8221;.vc_custom_1645008792978{padding-top: 30px !important;padding-bottom: 30px !important;}&#8221;][vc_column][vc_column_text]Reduzir a depend\u00eancia de combust\u00edveis f\u00f3sseis, diminuir o impacto do aumento de custos e melhorar a reputa\u00e7\u00e3o da nossa empresa como uma organiza\u00e7\u00e3o socialmente respons\u00e1vel nos movem para ajudar a alcan\u00e7ar os objetivos globais contra as mudan\u00e7as clim\u00e1ticas.<br \/>\n[\/vc_column_text][\/vc_column][\/vc_row][vc_row][vc_column][vc_column_text el_class=&#8221;orangetitle&#8221;]Sustentabilidade ambiental, sustentabilidade econ\u00f4mica e sustentabilidade social se sobrep\u00f5em para construir uma a\u00e7\u00e3o comum: o nosso desenvolvimento sustent\u00e1vel sem fim.<br \/>\n[\/vc_column_text][\/vc_column][\/vc_row][vc_row full_width=&#8221;stretch_row&#8221; css=&#8221;.vc_custom_1713445836437{background-color: #e5e1da !important;}&#8221;][vc_column][vc_row_inner equal_height=&#8221;yes&#8221; content_placement=&#8221;middle&#8221;][vc_column_inner el_class=&#8221;wpb_animate_when_almost_visible wpb_fadeInDown fadeInDown head-border&#8221; width=&#8221;1\/6&#8243;][\/vc_column_inner][vc_column_inner width=&#8221;5\/6&#8243; offset=&#8221;vc_col-xs-10&#8243;]<div id=\"ultimate-heading-276669ea0e7b21f66\" class=\"uvc-heading ult-adjust-bottom-margin ultimate-heading-276669ea0e7b21f66 uvc-6013 wpb_animate_when_almost_visible wpb_fadeInLeft fadeInLeft k-top-spacing uvc-heading-default-font-sizes\" data-hspacer=\"no_spacer\"  data-halign=\"left\" style=\"text-align:left\"><div class=\"uvc-heading-spacer no_spacer\" style=\"top\"><\/div><div class=\"uvc-sub-heading ult-responsive\"  data-ultimate-target='.uvc-heading.ultimate-heading-276669ea0e7b21f66 .uvc-sub-heading '  data-responsive-json-new='{\"font-size\":\"desktop:32px;mobile_landscape:20px;\",\"line-height\":\"desktop:44px;mobile_landscape:30px;\"}'  style=\"font-weight:bold;margin-bottom:20px;\">RELAT\u00d3RIO DE SUSTENTABILIDADE<\/div><\/div>[\/vc_column_inner][\/vc_row_inner][vc_empty_space height=&#8221;80px&#8221; el_class=&#8221;hidden-sm&#8221;][vc_column_text]Quando um grupo industrial opera internacionalmente h\u00e1 mais de 200 anos consecutivos, \u00e9 quase natural concluir que, ao longo do tempo, a sustentabilidade tem sido uma ferramenta fundamental no seu processo de cria\u00e7\u00e3o de valor.<\/p>\n<p>O fator \u00fanico que garantiu a competitividade do Grupo a longo prazo \u00e9 a sua capacidade de conciliar os interesses dos colaboradores e acionistas com uma resposta eficaz \u00e0 evolu\u00e7\u00e3o das necessidades dos clientes, \u00e0s necessidades das comunidades locais e \u00e0s exig\u00eancias em constante mudan\u00e7a dos legisladores.<\/p>\n<p>Este relat\u00f3rio de sustentabilidade, que ilustra a vis\u00e3o norteadora do nosso caminho de crescimento cont\u00ednuo, onde a cria\u00e7\u00e3o de valor se articula com um forte sentido de responsabilidade social e de conserva\u00e7\u00e3o ambiental, \u00e9 mais um passo importante no percurso que o nosso Grupo empreendeu.<\/p>\n<p>Um Grupo constitu\u00eddo por pessoas que t\u00eam uma s\u00f3lida trajet\u00f3ria, mas que t\u00eam sempre os olhos postos no futuro, nunca descansando sobre os louros e querendo sempre causar impacto, especialmente para as gera\u00e7\u00f5es futuras.<\/p>\n<p><a href=\"https:\/\/larderellogroup.com\/wp-content\/uploads\/2026\/02\/bilancio-2024-web-INGLESE.pdf\">Download PDF<\/a>[\/vc_column_text][vc_column_text]<div class=\"_3d-flip-book  fb3d-fullscreen-mode full-size\" data-id=\"4093\" data-mode=\"fullscreen\" data-title=\"false\" data-template=\"short-white-book-view\" data-lightbox=\"dark-shadow\" data-urlparam=\"fb3d-page\" data-page-n=\"0\" data-pdf=\"\" data-tax=\"null\" data-thumbnail=\"\" data-cols=\"3\" data-book-template=\"default\" style=\"height:700px;\"><\/div><script type=\"text\/javascript\">window.FB3D_CLIENT_DATA = window.FB3D_CLIENT_DATA || [];window.FB3D_CLIENT_DATA.push('eyJwb3N0cyI6eyI0MDkzIjp7IklEIjo0MDkzLCJ0aXRsZSI6IlN1c3RhaW5hYmlsaXR5IHJlcG9ydCIsInR5cGUiOiJwZGYiLCJyZWFkeV9mdW5jdGlvbiI6IiIsImJvb2tfc3R5bGUiOiJmbGF0IiwiYm9va190ZW1wbGF0ZSI6Im5vbmUiLCJvdXRsaW5lIjpbXSwiZGF0YSI6eyJwb3N0X0lEIjoiLTEiLCJndWlkIjoiaHR0cHM6XC9cL2xhcmRlcmVsbG9ncm91cC5jb21cL3dwLWNvbnRlbnRcL3VwbG9hZHNcLzIwMjZcLzAyXC9iaWxhbmNpby0yMDI0LXdlYi1JTkdMRVNFLXNpbmdvbGEucGRmIiwicGRmX3BhZ2VzIjoiMTM4IiwicGFnZXNfY3VzdG9taXphdGlvbiI6Im5vbmUifSwidGh1bWJuYWlsIjp7ImRhdGEiOnsicG9zdF9JRCI6IjAifSwidHlwZSI6ImF1dG8ifSwicHJvcHMiOnsiYmFja2dyb3VuZENvbG9yIjoiYXV0byIsImJhY2tncm91bmRJbWFnZSI6ImF1dG8iLCJiYWNrZ3JvdW5kU3R5bGUiOiJhdXRvIiwiaGlnaGxpZ2h0TGlua3MiOiJhdXRvIiwibGlnaHRpbmciOiJhdXRvIiwiY2FjaGVkUGFnZXMiOiJhdXRvIiwicmVuZGVySW5hY3RpdmVQYWdlcyI6ImF1dG8iLCJyZW5kZXJJbmFjdGl2ZVBhZ2VzT25Nb2JpbGUiOiJhdXRvIiwicmVuZGVyV2hpbGVGbGlwcGluZyI6ImF1dG8iLCJwcmVsb2FkUGFnZXMiOiJhdXRvIiwiYXV0b1BsYXlEdXJhdGlvbiI6ImF1dG8iLCJydGwiOiJhdXRvIiwiaW50ZXJhY3RpdmVDb3JuZXJzIjoiYXV0byIsIm1heERlcHRoIjoiYXV0byIsInNoZWV0Ijp7InN0YXJ0VmVsb2NpdHkiOiJhdXRvIiwid2F2ZSI6ImF1dG8iLCJzaGFwZSI6ImF1dG8iLCJ3aWR0aFRleGVscyI6ImF1dG8iLCJjb2xvciI6ImF1dG8iLCJzaWRlIjoiYXV0byIsImNvcm5lckRldmlhdGlvbiI6ImF1dG8iLCJmbGV4aWJpbGl0eSI6ImF1dG8iLCJmbGV4aWJsZUNvcm5lciI6ImF1dG8iLCJiZW5kaW5nIjoiYXV0byIsImhlaWdodFRleGVscyI6ImF1dG8ifSwiY292ZXIiOnsid2F2ZSI6ImF1dG8iLCJjb2xvciI6ImF1dG8iLCJzaWRlIjoiYXV0byIsImJpbmRlclRleHR1cmUiOiJhdXRvIiwiZGVwdGgiOiJhdXRvIiwicGFkZGluZyI6ImF1dG8iLCJzdGFydFZlbG9jaXR5IjoiYXV0byIsImZsZXhpYmlsaXR5IjoiYXV0byIsImZsZXhpYmxlQ29ybmVyIjoiYXV0byIsImJlbmRpbmciOiJhdXRvIiwid2lkdGhUZXhlbHMiOiJhdXRvIiwiaGVpZ2h0VGV4ZWxzIjoiYXV0byIsIm1hc3MiOiJhdXRvIiwic2hhcGUiOiJhdXRvIn0sInBhZ2UiOnsid2F2ZSI6ImF1dG8iLCJjb2xvciI6ImF1dG8iLCJzaWRlIjoiYXV0byIsImRlcHRoIjoiYXV0byIsInN0YXJ0VmVsb2NpdHkiOiJhdXRvIiwiZmxleGliaWxpdHkiOiJhdXRvIiwiZmxleGlibGVDb3JuZXIiOiJhdXRvIiwiYmVuZGluZyI6ImF1dG8iLCJ3aWR0aFRleGVscyI6ImF1dG8iLCJoZWlnaHRUZXhlbHMiOiJhdXRvIiwibWFzcyI6ImF1dG8iLCJzaGFwZSI6ImF1dG8ifSwiaGVpZ2h0IjoiYXV0byIsIndpZHRoIjoiYXV0byIsImdyYXZpdHkiOiJhdXRvIiwicGFnZXNGb3JQcmVkaWN0aW5nIjoiYXV0byJ9LCJjb250cm9sUHJvcHMiOnsiYWN0aW9ucyI6eyJjbWRUb2MiOnsiZW5hYmxlZCI6ImF1dG8iLCJlbmFibGVkSW5OYXJyb3ciOiJhdXRvIiwiYWN0aXZlIjoiYXV0byIsImRlZmF1bHRUYWIiOiJhdXRvIn0sImNtZEF1dG9QbGF5Ijp7ImVuYWJsZWQiOiJhdXRvIiwiZW5hYmxlZEluTmFycm93IjoiYXV0byIsImFjdGl2ZSI6ImF1dG8ifSwiY21kU2F2ZSI6eyJlbmFibGVkIjoiYXV0byIsImVuYWJsZWRJbk5hcnJvdyI6ImF1dG8ifSwiY21kUHJpbnQiOnsiZW5hYmxlZCI6ImF1dG8iLCJlbmFibGVkSW5OYXJyb3ciOiJhdXRvIn0sImNtZFNpbmdsZVBhZ2UiOnsiZW5hYmxlZCI6ImF1dG8iLCJlbmFibGVkSW5OYXJyb3ciOiJhdXRvIiwiYWN0aXZlIjoiYXV0byIsImFjdGl2ZUZvck1vYmlsZSI6ImF1dG8ifSwid2lkVG9vbGJhciI6eyJlbmFibGVkIjoiYXV0byIsImVuYWJsZWRJbk5hcnJvdyI6ImF1dG8ifX19LCJhdXRvVGh1bWJuYWlsIjoiaHR0cHM6XC9cL2xhcmRlcmVsbG9ncm91cC5jb21cL3dwLWNvbnRlbnRcL3VwbG9hZHNcLzNkLWZsaXAtYm9va1wvYXV0by10aHVtYm5haWxzXC80MDkzLnBuZyIsInBvc3RfbmFtZSI6InN1c3RhaW5hYmlsaXR5LXJlcG9ydCIsInBvc3RfdHlwZSI6IjNkLWZsaXAtYm9vayJ9fSwicGFnZXMiOltdLCJmaXJzdFBhZ2VzIjpbXX0=');window.FB3D_CLIENT_LOCALE && window.FB3D_CLIENT_LOCALE.render();<\/script>[\/vc_column_text][\/vc_column][\/vc_row]<\/p>\n","protected":false},"excerpt":{"rendered":"<p>[vc_row full_width=&#8221;stretch_row&#8221; bg_type=&#8221;image&#8221; parallax_style=&#8221;vcpb-default&#8221; bg_image_new=&#8221;id^3691|url^https:\/\/larderellogroup.com\/wp-content\/uploads\/2022\/02\/img-HEADER-LARDERELLO.jpg|caption^null|alt^null|title^img-HEADER-LARDERELLO|description^null&#8221; bg_image_repeat=&#8221;no-repeat&#8221; bg_override=&#8221;full&#8221; css=&#8221;.vc_custom_1645001226990{padding-top: 140px !important;}&#8221;][vc_column][vc_column_text css_animation=&#8221;fadeInLeft&#8221; el_class=&#8221;hidden&#8221;] GRUPO LARDERELLO [\/vc_column_text][\/vc_column][\/vc_row][vc_row equal_height=&#8221;yes&#8221; css=&#8221;.vc_custom_1645002107066{padding-bottom: 50px !important;}&#8221;][vc_column width=&#8221;1\/3&#8243; el_class=&#8221;k-ma0&#8243;][vc_row_inner equal_height=&#8221;yes&#8221; content_placement=&#8221;middle&#8221;][vc_column_inner el_class=&#8221;wpb_animate_when_almost_visible wpb_fadeInDown fadeInDown head-border&#8221; width=&#8221;1\/6&#8243; offset=&#8221;vc_col-xs-2&#8243;][\/vc_column_inner][vc_column_inner width=&#8221;5\/6&#8243; offset=&#8221;vc_col-xs-10&#8243;][\/vc_column_inner][\/vc_row_inner][\/vc_column][vc_column width=&#8221;2\/3&#8243;][vc_empty_space height=&#8221;80px&#8221; el_class=&#8221;hidden-sm&#8221;][vc_column_text css_animation=&#8221;fadeIn&#8221; el_class=&#8221;k-text-head&#8221;] Nosso objetivo: uma nova era de emiss\u00f5es zero para criar um mundo melhor para todos. A Terra est\u00e1 se&hellip;<\/p>\n","protected":false},"author":1,"featured_media":0,"parent":0,"menu_order":0,"comment_status":"closed","ping_status":"closed","template":"","meta":[],"acf":[],"_links":{"self":[{"href":"https:\/\/larderellogroup.com\/pt-br\/wp-json\/wp\/v2\/pages\/3847"}],"collection":[{"href":"https:\/\/larderellogroup.com\/pt-br\/wp-json\/wp\/v2\/pages"}],"about":[{"href":"https:\/\/larderellogroup.com\/pt-br\/wp-json\/wp\/v2\/types\/page"}],"author":[{"embeddable":true,"href":"https:\/\/larderellogroup.com\/pt-br\/wp-json\/wp\/v2\/users\/1"}],"replies":[{"embeddable":true,"href":"https:\/\/larderellogroup.com\/pt-br\/wp-json\/wp\/v2\/comments?post=3847"}],"version-history":[{"count":17,"href":"https:\/\/larderellogroup.com\/pt-br\/wp-json\/wp\/v2\/pages\/3847\/revisions"}],"predecessor-version":[{"id":4556,"href":"https:\/\/larderellogroup.com\/pt-br\/wp-json\/wp\/v2\/pages\/3847\/revisions\/4556"}],"wp:attachment":[{"href":"https:\/\/larderellogroup.com\/pt-br\/wp-json\/wp\/v2\/media?parent=3847"}],"curies":[{"name":"wp","href":"https:\/\/api.w.org\/{rel}","templated":true}]}}